{"id":1418,"date":"2025-10-30T10:23:46","date_gmt":"2025-10-30T01:23:46","guid":{"rendered":"https:\/\/trip-japan-ylp.com\/?page_id=1418"},"modified":"2025-12-19T16:01:04","modified_gmt":"2025-12-19T07:01:04","slug":"1418-2","status":"publish","type":"page","link":"https:\/\/trip-japan-ylp.com\/?page_id=1418","title":{"rendered":"\u3010Kh\u1edfi h\u00e0nh t\u1eeb Nagoya \u2022 C\u00f3 \u0111\u01b0a \u0111\u00f3n\u3011M\u1ed9t ng\u00e0y \u0111\u1eb7c bi\u1ec7t \u0111\u1ec3 t\u1eadn h\u01b0\u1edfng tr\u1ecdn v\u1eb9n Ghibli Park"},"content":{"rendered":"\n<div class=\"wp-block-cover\"><img loading=\"lazy\" decoding=\"async\" width=\"1024\" height=\"554\" class=\"wp-block-cover__image-background wp-image-1297\" alt=\"\" src=\"https:\/\/trip-japan-ylp.com\/wp-content\/uploads\/2025\/10\/totoro001-1024x554.jpg\" data-object-fit=\"cover\" srcset=\"https:\/\/trip-japan-ylp.com\/wp-content\/uploads\/2025\/10\/totoro001-1024x554.jpg 1024w, https:\/\/trip-japan-ylp.com\/wp-content\/uploads\/2025\/10\/totoro001-300x162.jpg 300w, https:\/\/trip-japan-ylp.com\/wp-content\/uploads\/2025\/10\/totoro001-768x415.jpg 768w, https:\/\/trip-japan-ylp.com\/wp-content\/uploads\/2025\/10\/totoro001-1536x830.jpg 1536w, https:\/\/trip-japan-ylp.com\/wp-content\/uploads\/2025\/10\/totoro001.jpg 1920w\" sizes=\"auto, (max-width: 1024px) 100vw, 1024px\" \/><span aria-hidden=\"true\" class=\"wp-block-cover__background has-background-dim-20 has-background-dim\"><\/span><div class=\"wp-block-cover__inner-container is-layout-flow wp-block-cover-is-layout-flow\">\n<p class=\"has-text-align-center vk_block-margin-xl--margin-bottom has-large-font-size\">H\u00e3y l\u00ean \u0111\u01b0\u1eddng \u0111\u1ebfn khu r\u1eebng \u1ea5y.<\/p>\n\n\n\n<h1 class=\"wp-block-heading has-text-align-center is-style-vk-heading-plain\">\u3010Kh\u1edfi h\u00e0nh t\u1eeb Nagoya\u30fbC\u00f3 xe \u0111\u01b0a \u0111\u00f3n\u3011 <br>M\u1ed9t ng\u00e0y \u0111\u1eb7c bi\u1ec7t t\u1eadn h\u01b0\u1edfng Ghibli Park v\u00e0 h\u00e0ng Ghibli<\/h1>\n<\/div><\/div>\n\n\n\n<div style=\"height:52px\" aria-hidden=\"true\" class=\"wp-block-spacer\"><\/div>\n\n\n\n<p class=\"has-text-align-center\">Ti\u1ebfng gi\u00f3 lay \u0111\u1ed9ng c\u00e2y c\u1ed1i, m\u00f9i c\u1ee7a \u0111\u1ea5t, \u00e1nh n\u1eafng xuy\u00ean qua k\u1ebd l\u00e1.<br>T\u1ea1i khu r\u1eebng \u1edf t\u1ec9nh Aichi, m\u1ed9t ng\u00e0y k\u1ef3 di\u1ec7u nh\u01b0 th\u1ec3 b\u1ea1n tr\u1edf th\u00e0nh nh\u00e2n v\u1eadt ch\u00ednh trong phim \u0111ang ch\u1edd \u0111\u00f3n b\u1ea1n.<\/p>\n\n\n\n<p class=\"has-text-align-center\">H\u00e3y \u0111\u1ec3 ch\u00fang t\u00f4i lo li\u1ec7u m\u1ecdi lo l\u1eafng v\u1ec1 di chuy\u1ec3n v\u00e0 v\u00e9 tham quan.<br>Ch\u00fang t\u00f4i s\u1ebd \u0111\u01b0a b\u1ea1n b\u01b0\u1edbc v\u00e0o th\u1ebf gi\u1edbi c\u1ed5 t\u00edch b\u1eb1ng chi\u1ebfc xe ri\u00eang \u0111\u1eb7c bi\u1ec7t kh\u1edfi h\u00e0nh t\u1eeb Nagoya.<\/p>\n\n\n\n<figure class=\"wp-block-gallery has-nested-images columns-default is-cropped wp-block-gallery-1 is-layout-flex wp-block-gallery-is-layout-flex\">\n<figure class=\"wp-block-image size-large is-style-vk-image-photoFrame-tilt-right\"><img loading=\"lazy\" decoding=\"async\" width=\"640\" height=\"426\" data-id=\"1681\" src=\"https:\/\/trip-japan-ylp.com\/wp-content\/uploads\/2025\/11\/pixta_95727464_S.jpg\" alt=\"\" class=\"wp-image-1681\" srcset=\"https:\/\/trip-japan-ylp.com\/wp-content\/uploads\/2025\/11\/pixta_95727464_S.jpg 640w, https:\/\/trip-japan-ylp.com\/wp-content\/uploads\/2025\/11\/pixta_95727464_S-300x200.jpg 300w\" sizes=\"auto, (max-width: 640px) 100vw, 640px\" \/><\/figure>\n\n\n\n<figure class=\"wp-block-image size-full is-style-vk-image-photoFrame\"><img loading=\"lazy\" decoding=\"async\" width=\"640\" height=\"426\" data-id=\"1683\" src=\"https:\/\/trip-japan-ylp.com\/wp-content\/uploads\/2025\/11\/pixta_119031814_S.jpg\" alt=\"\" class=\"wp-image-1683\" srcset=\"https:\/\/trip-japan-ylp.com\/wp-content\/uploads\/2025\/11\/pixta_119031814_S.jpg 640w, https:\/\/trip-japan-ylp.com\/wp-content\/uploads\/2025\/11\/pixta_119031814_S-300x200.jpg 300w\" sizes=\"auto, (max-width: 640px) 100vw, 640px\" \/><\/figure>\n\n\n\n<figure class=\"wp-block-image size-full is-style-vk-image-photoFrame-tilt-left\"><img loading=\"lazy\" decoding=\"async\" width=\"640\" height=\"426\" data-id=\"1682\" src=\"https:\/\/trip-japan-ylp.com\/wp-content\/uploads\/2025\/11\/pixta_112127016_S.jpg\" alt=\"\" class=\"wp-image-1682\" srcset=\"https:\/\/trip-japan-ylp.com\/wp-content\/uploads\/2025\/11\/pixta_112127016_S.jpg 640w, https:\/\/trip-japan-ylp.com\/wp-content\/uploads\/2025\/11\/pixta_112127016_S-300x200.jpg 300w\" sizes=\"auto, (max-width: 640px) 100vw, 640px\" \/><\/figure>\n<\/figure>\n\n\n\n<div class=\"wp-block-vk-blocks-spacer vk_spacer vk_spacer-type-margin-top\"><div class=\"vk_block-margin-md--margin-top\"><\/div><\/div>\n\n\n\n<div class=\"wp-block-cover is-light\"><span aria-hidden=\"true\" class=\"wp-block-cover__background has-background-dim-100 has-background-dim\" style=\"background-color:#f6edd6\"><\/span><div class=\"wp-block-cover__inner-container is-layout-constrained wp-block-cover-is-layout-constrained\">\n<h2 class=\"wp-block-heading has-text-align-center\">\ud83c\udf3f Nh\u1eefng tr\u1ea3i nghi\u1ec7m \u0111\u1eb7c bi\u1ec7t c\u1ee7a h\u00e0nh tr\u00ecnh n\u00e0y \ud83c\udf3f<\/h2>\n\n\n\n<div class=\"wp-block-columns is-layout-flex wp-container-core-columns-is-layout-28f84493 wp-block-columns-is-layout-flex\">\n<div class=\"wp-block-column is-layout-flow wp-block-column-is-layout-flow\">\n<figure class=\"wp-block-image size-large\"><img loading=\"lazy\" decoding=\"async\" width=\"1024\" height=\"554\" src=\"https:\/\/trip-japan-ylp.com\/wp-content\/uploads\/2025\/10\/majo011-1024x554.jpg\" alt=\"\" class=\"wp-image-1384\" srcset=\"https:\/\/trip-japan-ylp.com\/wp-content\/uploads\/2025\/10\/majo011-1024x554.jpg 1024w, https:\/\/trip-japan-ylp.com\/wp-content\/uploads\/2025\/10\/majo011-300x162.jpg 300w, https:\/\/trip-japan-ylp.com\/wp-content\/uploads\/2025\/10\/majo011-768x415.jpg 768w, https:\/\/trip-japan-ylp.com\/wp-content\/uploads\/2025\/10\/majo011-1536x830.jpg 1536w, https:\/\/trip-japan-ylp.com\/wp-content\/uploads\/2025\/10\/majo011.jpg 1920w\" sizes=\"auto, (max-width: 1024px) 100vw, 1024px\" \/><\/figure>\n\n\n\n<h2 class=\"wp-block-heading has-text-align-center is-style-vk-heading-solid_bottomborder_black\">D\u00e0nh ri\u00eang cho b\u1ea1n<br>b\u1eb1ng \u201cchi\u1ebfc xe k\u1ef3 di\u1ec7u\u201d<\/h2>\n\n\n\n<p>Ch\u00fang t\u00f4i s\u1ebd \u0111\u00f3n b\u1ea1n t\u1ea1i \u0111\u1ecba \u0111i\u1ec3m ch\u1ec9 \u0111\u1ecbnh v\u00e0 \u0111\u01b0a \u0111\u1ebfn ngay tr\u01b0\u1edbc c\u1ed5ng c\u00f4ng vi\u00ean.<br>D\u00f9 b\u1ea1n c\u00f3 mua s\u1eafm nhi\u1ec1u Qu\u00e0 l\u01b0u ni\u1ec7m c\u1ee7a Ghibli hay mang v\u1ec1 nh\u1eefng ch\u00fa Th\u00fa nh\u1ed3i b\u00f4ng Ghibli to l\u1edbn th\u00ec c\u0169ng kh\u00f4ng sao c\u1ea3. B\u1ea1n c\u00f3 th\u1ec3 tho\u1ea3i m\u00e1i tr\u1edf v\u1ec1 m\u00e0 kh\u00f4ng c\u1ea7n lo l\u1eafng v\u1ec1 th\u1eddi gian, v\u1eabn \u0111\u1eafm ch\u00ecm trong gi\u1ea5c m\u01a1 \u0111\u1eb9p.<\/p>\n<\/div>\n\n\n\n<div class=\"wp-block-column is-layout-flow wp-block-column-is-layout-flow\">\n<figure class=\"wp-block-image size-large\"><img loading=\"lazy\" decoding=\"async\" width=\"1024\" height=\"554\" src=\"https:\/\/trip-japan-ylp.com\/wp-content\/uploads\/2025\/10\/totoro029-1024x554.jpg\" alt=\"\" class=\"wp-image-1296\" srcset=\"https:\/\/trip-japan-ylp.com\/wp-content\/uploads\/2025\/10\/totoro029-1024x554.jpg 1024w, https:\/\/trip-japan-ylp.com\/wp-content\/uploads\/2025\/10\/totoro029-300x162.jpg 300w, https:\/\/trip-japan-ylp.com\/wp-content\/uploads\/2025\/10\/totoro029-768x415.jpg 768w, https:\/\/trip-japan-ylp.com\/wp-content\/uploads\/2025\/10\/totoro029-1536x830.jpg 1536w, https:\/\/trip-japan-ylp.com\/wp-content\/uploads\/2025\/10\/totoro029.jpg 1920w\" sizes=\"auto, (max-width: 1024px) 100vw, 1024px\" \/><\/figure>\n\n\n\n<h2 class=\"wp-block-heading has-text-align-center is-style-vk-heading-solid_bottomborder_black\">T\u1edbi cu\u1ed9c phi\u00eau l\u01b0u<br>l\u00e0 t\u1ea5m thi\u1ec7p m\u1eddi<\/h2>\n\n\n\n<p>Ngay c\u1ea3 v\u00e9 v\u00e0o Ghibli Park v\u1ed1n h\u01a1i kh\u00f3 mua, ch\u00fang t\u00f4i c\u0169ng chu\u1ea9n b\u1ecb s\u1eb5n.B\u1ea1n ch\u1ec9 c\u1ea7n mang theo tr\u00e1i tim h\u00e1o h\u1ee9c.<\/p>\n<\/div>\n\n\n\n<div class=\"wp-block-column is-layout-flow wp-block-column-is-layout-flow\">\n<figure class=\"wp-block-image size-large\"><img loading=\"lazy\" decoding=\"async\" width=\"1024\" height=\"554\" src=\"https:\/\/trip-japan-ylp.com\/wp-content\/uploads\/2025\/10\/howl011-1024x554.jpg\" alt=\"\" class=\"wp-image-1295\" srcset=\"https:\/\/trip-japan-ylp.com\/wp-content\/uploads\/2025\/10\/howl011-1024x554.jpg 1024w, https:\/\/trip-japan-ylp.com\/wp-content\/uploads\/2025\/10\/howl011-300x162.jpg 300w, https:\/\/trip-japan-ylp.com\/wp-content\/uploads\/2025\/10\/howl011-768x415.jpg 768w, https:\/\/trip-japan-ylp.com\/wp-content\/uploads\/2025\/10\/howl011-1536x830.jpg 1536w, https:\/\/trip-japan-ylp.com\/wp-content\/uploads\/2025\/10\/howl011.jpg 1920w\" sizes=\"auto, (max-width: 1024px) 100vw, 1024px\" \/><\/figure>\n\n\n\n<h2 class=\"wp-block-heading has-text-align-center is-style-vk-heading-solid_bottomborder_black\">Th\u1ea3nh th\u01a1i,<br>th\u1eddi gian c\u1ee7a ri\u00eang b\u1ea1n<\/h2>\n\n\n\n<p>Tour ri\u00eang, kh\u00f4ng gh\u00e9p kh\u00e1ch.C\u00f9ng gia \u0111\u00ecnh, b\u1ea1n b\u00e8, ng\u01b0\u1eddi th\u00e2n y\u00eau t\u1eadn h\u01b0\u1edfng tr\u1ecdn ng\u00e0y theo nh\u1ecbp \u0111\u1ed9 c\u1ee7a ri\u00eang m\u00ecnh, tho\u1ea3i m\u00e1i kh\u00f4ng ng\u1ea1i ng\u1ea7n.<\/p>\n<\/div>\n<\/div>\n<\/div><\/div>\n\n\n\n<div style=\"height:29px\" aria-hidden=\"true\" class=\"wp-block-spacer\"><\/div>\n\n\n\n<div class=\"wp-block-vk-blocks-button vk_button vk_button-color-custom vk_button-align-center\"><a href=\"https:\/\/trip-japan-ylp.com\/?page_id=212\" class=\"vk_button_link btn has-background has-vk-color-primary-dark-background-color btn-md\" role=\"button\" aria-pressed=\"true\" rel=\"noopener\"><div class=\"vk_button_link_caption\"><span class=\"vk_button_link_txt\"><strong>Li\u00ean h\u1ec7 v\u1ec1 g\u00f3i tour n\u00e0y<\/strong><\/span><i class=\"fa-solid fa-check vk_button_link_after\" aria-hidden=\"true\"><\/i><\/div><\/a><\/div>\n\n\n\n<div style=\"height:52px\" aria-hidden=\"true\" class=\"wp-block-spacer\"><\/div>\n\n\n\n<h2 class=\"wp-block-heading has-text-align-center\">Gi\u00e1 tour<\/h2>\n\n\n\n<figure class=\"wp-block-table is-style-vk-table-border-stripes\" style=\"padding-right:0;padding-left:0\"><table style=\"border-style:none;border-width:0px\"><tbody><tr><td class=\"has-text-align-left\" data-align=\"left\"><strong>T\u00ean g\u00f3i<\/strong><\/td><td>\u3010Bao g\u1ed3m v\u00e9 v\u00e0o c\u1ed5ng + \u0111\u01b0a \u0111\u00f3n\u3011Tour Ghibli Park trong ng\u00e0y<\/td><\/tr><tr><td class=\"has-text-align-left\" data-align=\"left\"><strong>Gi\u00e1<\/strong><\/td><td><strong><strong><mark style=\"background-color:rgba(0, 0, 0, 0);color:#81270b\" class=\"has-inline-color\">15.000 y\u00ean\/kh\u00e1ch (\u0111\u00e3 bao g\u1ed3m thu\u1ebf)<\/mark><\/strong><\/strong><br><small>\u203bGi\u00e1 \u00e1p d\u1ee5ng khi \u0111\u1eb7t t\u1eeb 2 kh\u00e1ch tr\u1edf l\u00ean.&nbsp;<\/small><\/td><\/tr><tr><td class=\"has-text-align-left\" data-align=\"left\"><strong>S\u1ed1 l\u01b0\u1ee3ng kh\u1edfi h\u00e0nh t\u1ed1i thi\u1ec3u<\/strong><\/td><td>2 kh\u00e1ch.<br>\u203bC\u0169ng c\u00f3 th\u1ec3 \u0111\u1eb7t cho 1 kh\u00e1ch; gi\u00e1 s\u1ebd kh\u00e1c, vui l\u00f2ng li\u00ean h\u1ec7 \u0111\u1ec3 bi\u1ebft th\u00eam.<\/td><\/tr><tr><td class=\"has-text-align-left\" data-align=\"left\"><strong><br>Gi\u00e1 bao g\u1ed3m<\/strong><\/td><td>\u30fbV\u00e9 v\u00e0o Ghibli Park (Ghibli Park&nbsp;O-Sanpo Day Pass Premium)<br>\u30fb\u0110\u01b0a \u0111\u00f3n kh\u1ee9 h\u1ed3i (trong th\u00e0nh ph\u1ed1 Nagoya \u21d4 Ghibli Park)<br>\u30fbChi ph\u00ed xe, t\u00e0i x\u1ebf, x\u0103ng, ph\u00ed cao t\u1ed1c, ph\u00ed \u0111\u1ed7 xe<\/td><\/tr><\/tbody><\/table><\/figure>\n\n\n\n<div style=\"height:67px\" aria-hidden=\"true\" class=\"wp-block-spacer\"><\/div>\n\n\n\n<h2 class=\"wp-block-heading has-text-align-center\">L\u1ecbch tr\u00ecnh trong ng\u00e0y<\/h2>\n\n\n\n<div class=\"wp-block-columns is-layout-flex wp-container-core-columns-is-layout-28f84493 wp-block-columns-is-layout-flex\">\n<div class=\"wp-block-column is-layout-flow wp-block-column-is-layout-flow\" style=\"flex-basis:33.33%\">\n<figure class=\"wp-block-gallery has-nested-images columns-1 is-cropped wp-block-gallery-2 is-layout-flex wp-block-gallery-is-layout-flex\">\n<figure class=\"wp-block-image size-large is-style-vk-image-photoFrame\"><img loading=\"lazy\" decoding=\"async\" width=\"1024\" height=\"554\" data-id=\"1376\" src=\"https:\/\/trip-japan-ylp.com\/wp-content\/uploads\/2025\/10\/chihiro045-1024x554.jpg\" alt=\"\" class=\"wp-image-1376\" srcset=\"https:\/\/trip-japan-ylp.com\/wp-content\/uploads\/2025\/10\/chihiro045-1024x554.jpg 1024w, https:\/\/trip-japan-ylp.com\/wp-content\/uploads\/2025\/10\/chihiro045-300x162.jpg 300w, https:\/\/trip-japan-ylp.com\/wp-content\/uploads\/2025\/10\/chihiro045-768x415.jpg 768w, https:\/\/trip-japan-ylp.com\/wp-content\/uploads\/2025\/10\/chihiro045-1536x830.jpg 1536w, https:\/\/trip-japan-ylp.com\/wp-content\/uploads\/2025\/10\/chihiro045.jpg 1920w\" sizes=\"auto, (max-width: 1024px) 100vw, 1024px\" \/><\/figure>\n\n\n\n<figure class=\"wp-block-image size-large is-style-vk-image-photoFrame\"><img loading=\"lazy\" decoding=\"async\" width=\"1024\" height=\"554\" data-id=\"1371\" src=\"https:\/\/trip-japan-ylp.com\/wp-content\/uploads\/2025\/10\/porco030-1024x554.jpg\" alt=\"\" class=\"wp-image-1371\" srcset=\"https:\/\/trip-japan-ylp.com\/wp-content\/uploads\/2025\/10\/porco030-1024x554.jpg 1024w, https:\/\/trip-japan-ylp.com\/wp-content\/uploads\/2025\/10\/porco030-300x162.jpg 300w, https:\/\/trip-japan-ylp.com\/wp-content\/uploads\/2025\/10\/porco030-768x415.jpg 768w, https:\/\/trip-japan-ylp.com\/wp-content\/uploads\/2025\/10\/porco030-1536x830.jpg 1536w, https:\/\/trip-japan-ylp.com\/wp-content\/uploads\/2025\/10\/porco030.jpg 1920w\" sizes=\"auto, (max-width: 1024px) 100vw, 1024px\" \/><\/figure>\n<\/figure>\n<\/div>\n\n\n\n<div class=\"wp-block-column is-layout-flow wp-block-column-is-layout-flow\" style=\"flex-basis:66.66%\">\n<p><strong>Kho\u1ea3ng 9:00 \ud83d\ude90 Kh\u1edfi h\u00e0nh<\/strong><br>\u0110\u00f3n t\u1ea1i kh\u00e1ch s\u1ea1n ho\u1eb7c ga theo y\u00eau c\u1ea7u. N\u00e0o, cu\u1ed9c phi\u00eau l\u01b0u b\u1eaft \u0111\u1ea7u!<\/p>\n\n\n\n<p><strong>Kho\u1ea3ng 10:00 \u2728 \u0110\u1ebfn Ghibli Park<\/strong><br>C\u00e1nh c\u1eeda v\u00e0o th\u1ebf gi\u1edbi k\u1ef3 di\u1ec7u.<\/p>\n\n\n\n<p><strong>10:00\u201316:30 \ud83c\udf88 Th\u1eddi gian t\u1ef1 do<\/strong><br>Th\u00e1m hi\u1ec3m \"Nh\u00e0 kho Ghibli\" v\u0129 \u0111\u1ea1i, hay d\u1ea1o b\u01b0\u1edbc trong \"R\u1eebng Dondoko\". T\u00ecm ki\u1ebfm h\u00e0ng Ghibli \u0111\u1ed9c quy\u1ec1n c\u0169ng l\u00e0 ni\u1ec1m vui c\u1ee7a chuy\u1ebfn \u0111i. H\u00e3y t\u00ecm cho m\u00ecnh nh\u1eefng ch\u00fa Th\u00fa nh\u1ed3i b\u00f4ng Ghibli y\u00eau th\u00edch, hay ch\u1ecdn Qu\u00e0 l\u01b0u ni\u1ec7m c\u1ee7a Ghibli cho ng\u01b0\u1eddi th\u00e2n. H\u00e3y t\u1eadn h\u01b0\u1edfng theo c\u00e1ch b\u1ea1n mu\u1ed1n. (Th\u1eddi gian l\u01b0u tr\u00fa kho\u1ea3ng 6.5 ti\u1ebfng)<\/p>\n\n\n\n<p><strong>Kho\u1ea3ng 16:45 \ud83d\ude90 R\u1eddi Ghibli Park<\/strong><br>Mang theo th\u1eadt nhi\u1ec1u k\u1ef7 ni\u1ec7m v\u00e0 qu\u00e0 l\u01b0u ni\u1ec7m, l\u00ean \u0111\u01b0\u1eddng tr\u1edf v\u1ec1.<\/p>\n\n\n\n<p><strong>Kho\u1ea3ng 17:30 \ud83c\udfe1 V\u1ec1 \u0111\u1ebfn n\u01a1i<\/strong><br>Tr\u1ea3 b\u1ea1n v\u1ec1 \u0111\u00fang \u0111\u1ecba \u0111i\u1ec3m y\u00eau c\u1ea7u. C\u1ea3m \u01a1n b\u1ea1n \u0111\u00e3 \u0111\u1ed3ng h\u00e0nh!<\/p>\n<\/div>\n<\/div>\n\n\n\n<p class=\"has-text-align-center has-small-font-size\">\u203bL\u1ecbch tr\u00ecnh tr\u00ean ch\u1ec9 l\u00e0 m\u1eabu; th\u1eddi gian c\u00f3 th\u1ec3 thay \u0111\u1ed5i t\u00f9y t\u00ecnh h\u00ecnh giao th\u00f4ng. C\u00f3 th\u1ec3 \u0111i\u1ec1u ch\u1ec9nh theo y\u00eau c\u1ea7u c\u1ee7a b\u1ea1n.<\/p>\n\n\n\n<div style=\"height:39px\" aria-hidden=\"true\" class=\"wp-block-spacer\"><\/div>\n\n\n\n<div class=\"wp-block-cover is-light\" style=\"min-height:287px;aspect-ratio:unset;\"><span aria-hidden=\"true\" class=\"wp-block-cover__background has-background-dim-100 has-background-dim\" style=\"background-color:#f6edd6\"><\/span><div class=\"wp-block-cover__inner-container is-layout-constrained wp-block-cover-is-layout-constrained\">\n<h2 class=\"wp-block-heading has-text-align-center\">B\u1ea1n c\u00f3 mu\u1ed1n tham gia cu\u1ed9c phi\u00eau l\u01b0u n\u00e0y kh\u00f4ng?<\/h2>\n\n\n\n<figure class=\"wp-block-gallery has-nested-images columns-8 is-cropped wp-block-gallery-3 is-layout-flex wp-block-gallery-is-layout-flex\">\n<figure class=\"wp-block-image size-large\"><img loading=\"lazy\" decoding=\"async\" width=\"1024\" height=\"554\" data-id=\"1381\" src=\"https:\/\/trip-japan-ylp.com\/wp-content\/uploads\/2025\/10\/laputa020-1024x554.jpg\" alt=\"\" class=\"wp-image-1381\" srcset=\"https:\/\/trip-japan-ylp.com\/wp-content\/uploads\/2025\/10\/laputa020-1024x554.jpg 1024w, https:\/\/trip-japan-ylp.com\/wp-content\/uploads\/2025\/10\/laputa020-300x162.jpg 300w, https:\/\/trip-japan-ylp.com\/wp-content\/uploads\/2025\/10\/laputa020-768x415.jpg 768w, https:\/\/trip-japan-ylp.com\/wp-content\/uploads\/2025\/10\/laputa020-1536x830.jpg 1536w, https:\/\/trip-japan-ylp.com\/wp-content\/uploads\/2025\/10\/laputa020.jpg 1920w\" sizes=\"auto, (max-width: 1024px) 100vw, 1024px\" \/><\/figure>\n\n\n\n<figure class=\"wp-block-image size-large\"><img loading=\"lazy\" decoding=\"async\" width=\"1024\" height=\"554\" data-id=\"1380\" src=\"https:\/\/trip-japan-ylp.com\/wp-content\/uploads\/2025\/10\/tanuki010-1024x554.jpg\" alt=\"\" class=\"wp-image-1380\" srcset=\"https:\/\/trip-japan-ylp.com\/wp-content\/uploads\/2025\/10\/tanuki010-1024x554.jpg 1024w, https:\/\/trip-japan-ylp.com\/wp-content\/uploads\/2025\/10\/tanuki010-300x162.jpg 300w, https:\/\/trip-japan-ylp.com\/wp-content\/uploads\/2025\/10\/tanuki010-768x415.jpg 768w, https:\/\/trip-japan-ylp.com\/wp-content\/uploads\/2025\/10\/tanuki010-1536x830.jpg 1536w, https:\/\/trip-japan-ylp.com\/wp-content\/uploads\/2025\/10\/tanuki010.jpg 1920w\" sizes=\"auto, (max-width: 1024px) 100vw, 1024px\" \/><\/figure>\n\n\n\n<figure class=\"wp-block-image size-large\"><img loading=\"lazy\" decoding=\"async\" width=\"1024\" height=\"554\" data-id=\"1378\" src=\"https:\/\/trip-japan-ylp.com\/wp-content\/uploads\/2025\/10\/chihiro036-1024x554.jpg\" alt=\"\" class=\"wp-image-1378\" srcset=\"https:\/\/trip-japan-ylp.com\/wp-content\/uploads\/2025\/10\/chihiro036-1024x554.jpg 1024w, https:\/\/trip-japan-ylp.com\/wp-content\/uploads\/2025\/10\/chihiro036-300x162.jpg 300w, https:\/\/trip-japan-ylp.com\/wp-content\/uploads\/2025\/10\/chihiro036-768x415.jpg 768w, https:\/\/trip-japan-ylp.com\/wp-content\/uploads\/2025\/10\/chihiro036-1536x830.jpg 1536w, https:\/\/trip-japan-ylp.com\/wp-content\/uploads\/2025\/10\/chihiro036.jpg 1920w\" sizes=\"auto, (max-width: 1024px) 100vw, 1024px\" \/><\/figure>\n\n\n\n<figure class=\"wp-block-image size-large\"><img loading=\"lazy\" decoding=\"async\" width=\"1024\" height=\"554\" data-id=\"1377\" src=\"https:\/\/trip-japan-ylp.com\/wp-content\/uploads\/2025\/10\/chihiro047-1024x554.jpg\" alt=\"\" class=\"wp-image-1377\" srcset=\"https:\/\/trip-japan-ylp.com\/wp-content\/uploads\/2025\/10\/chihiro047-1024x554.jpg 1024w, https:\/\/trip-japan-ylp.com\/wp-content\/uploads\/2025\/10\/chihiro047-300x162.jpg 300w, https:\/\/trip-japan-ylp.com\/wp-content\/uploads\/2025\/10\/chihiro047-768x415.jpg 768w, https:\/\/trip-japan-ylp.com\/wp-content\/uploads\/2025\/10\/chihiro047-1536x830.jpg 1536w, https:\/\/trip-japan-ylp.com\/wp-content\/uploads\/2025\/10\/chihiro047.jpg 1920w\" sizes=\"auto, (max-width: 1024px) 100vw, 1024px\" \/><\/figure>\n\n\n\n<figure class=\"wp-block-image size-large\"><img loading=\"lazy\" decoding=\"async\" width=\"1024\" height=\"554\" data-id=\"1368\" src=\"https:\/\/trip-japan-ylp.com\/wp-content\/uploads\/2025\/10\/karigurashi002-1024x554.jpg\" alt=\"\" class=\"wp-image-1368\" srcset=\"https:\/\/trip-japan-ylp.com\/wp-content\/uploads\/2025\/10\/karigurashi002-1024x554.jpg 1024w, https:\/\/trip-japan-ylp.com\/wp-content\/uploads\/2025\/10\/karigurashi002-300x162.jpg 300w, https:\/\/trip-japan-ylp.com\/wp-content\/uploads\/2025\/10\/karigurashi002-768x415.jpg 768w, https:\/\/trip-japan-ylp.com\/wp-content\/uploads\/2025\/10\/karigurashi002-1536x830.jpg 1536w, https:\/\/trip-japan-ylp.com\/wp-content\/uploads\/2025\/10\/karigurashi002.jpg 1920w\" sizes=\"auto, (max-width: 1024px) 100vw, 1024px\" \/><\/figure>\n\n\n\n<figure class=\"wp-block-image size-large\"><img loading=\"lazy\" decoding=\"async\" width=\"1024\" height=\"554\" data-id=\"1371\" src=\"https:\/\/trip-japan-ylp.com\/wp-content\/uploads\/2025\/10\/porco030-1024x554.jpg\" alt=\"\" class=\"wp-image-1371\" srcset=\"https:\/\/trip-japan-ylp.com\/wp-content\/uploads\/2025\/10\/porco030-1024x554.jpg 1024w, https:\/\/trip-japan-ylp.com\/wp-content\/uploads\/2025\/10\/porco030-300x162.jpg 300w, https:\/\/trip-japan-ylp.com\/wp-content\/uploads\/2025\/10\/porco030-768x415.jpg 768w, https:\/\/trip-japan-ylp.com\/wp-content\/uploads\/2025\/10\/porco030-1536x830.jpg 1536w, https:\/\/trip-japan-ylp.com\/wp-content\/uploads\/2025\/10\/porco030.jpg 1920w\" sizes=\"auto, (max-width: 1024px) 100vw, 1024px\" \/><\/figure>\n\n\n\n<figure class=\"wp-block-image size-large\"><img loading=\"lazy\" decoding=\"async\" width=\"1024\" height=\"554\" data-id=\"1374\" src=\"https:\/\/trip-japan-ylp.com\/wp-content\/uploads\/2025\/10\/howl012-1024x554.jpg\" alt=\"\" class=\"wp-image-1374\" srcset=\"https:\/\/trip-japan-ylp.com\/wp-content\/uploads\/2025\/10\/howl012-1024x554.jpg 1024w, https:\/\/trip-japan-ylp.com\/wp-content\/uploads\/2025\/10\/howl012-300x162.jpg 300w, https:\/\/trip-japan-ylp.com\/wp-content\/uploads\/2025\/10\/howl012-768x415.jpg 768w, https:\/\/trip-japan-ylp.com\/wp-content\/uploads\/2025\/10\/howl012-1536x830.jpg 1536w, https:\/\/trip-japan-ylp.com\/wp-content\/uploads\/2025\/10\/howl012.jpg 1920w\" sizes=\"auto, (max-width: 1024px) 100vw, 1024px\" \/><\/figure>\n\n\n\n<figure class=\"wp-block-image size-large\"><img loading=\"lazy\" decoding=\"async\" width=\"1024\" height=\"554\" data-id=\"1375\" src=\"https:\/\/trip-japan-ylp.com\/wp-content\/uploads\/2025\/10\/howl003-1024x554.jpg\" alt=\"\" class=\"wp-image-1375\" srcset=\"https:\/\/trip-japan-ylp.com\/wp-content\/uploads\/2025\/10\/howl003-1024x554.jpg 1024w, https:\/\/trip-japan-ylp.com\/wp-content\/uploads\/2025\/10\/howl003-300x162.jpg 300w, https:\/\/trip-japan-ylp.com\/wp-content\/uploads\/2025\/10\/howl003-768x415.jpg 768w, https:\/\/trip-japan-ylp.com\/wp-content\/uploads\/2025\/10\/howl003-1536x830.jpg 1536w, https:\/\/trip-japan-ylp.com\/wp-content\/uploads\/2025\/10\/howl003.jpg 1920w\" sizes=\"auto, (max-width: 1024px) 100vw, 1024px\" \/><\/figure>\n<\/figure>\n\n\n\n<p class=\"has-text-align-center\">\u0110\u1ec3 \u0111\u1eb7t ch\u1ed7 ho\u1eb7c h\u1ecfi v\u1ec1 g\u00f3i tour, vui l\u00f2ng li\u00ean h\u1ec7.<\/p>\n\n\n\n<div class=\"wp-block-vk-blocks-button vk_button vk_button-color-custom vk_button-align-center\"><a href=\"https:\/\/trip-japan-ylp.com\/?page_id=212\" class=\"vk_button_link btn has-background has-vk-color-primary-dark-background-color btn-md\" role=\"button\" aria-pressed=\"true\" rel=\"noopener\"><div class=\"vk_button_link_caption\"><span class=\"vk_button_link_txt\"><strong>Li\u00ean h\u1ec7 v\u1ec1 g\u00f3i tour n\u00e0y<\/strong><\/span><i class=\"fa-solid fa-check vk_button_link_after\" aria-hidden=\"true\"><\/i><\/div><\/a><\/div>\n<\/div><\/div>\n\n\n\n<p><\/p>\n","protected":false},"excerpt":{"rendered":"<p>Ti\u1ebfng gi\u00f3 lay \u0111\u1ed9ng c\u00e2y c\u1ed1i, m\u00f9i c\u1ee7a \u0111\u1ea5t, \u00e1nh n\u1eafng xuy\u00ean qua k\u1ebd l\u00e1.T\u1ea1i khu r\u1eebng \u1edf t\u1ec9nh Aichi, m\u1ed9t ng\u00e0y k\u1ef3 di\u1ec7u  [&hellip;]<\/p>\n","protected":false},"author":1,"featured_media":0,"parent":0,"menu_order":0,"comment_status":"closed","ping_status":"closed","template":"","meta":{"_uag_custom_page_level_css":"","vkexunit_cta_each_option":"","footnotes":""},"class_list":["post-1418","page","type-page","status-publish","hentry"],"uagb_featured_image_src":{"full":false,"thumbnail":false,"medium":false,"medium_large":false,"large":false,"1536x1536":false,"2048x2048":false,"post-thumbnail":false},"uagb_author_info":{"display_name":"admin","author_link":"https:\/\/trip-japan-ylp.com\/?author=1"},"uagb_comment_info":0,"uagb_excerpt":"Ti\u1ebfng gi\u00f3 lay \u0111\u1ed9ng c\u00e2y c\u1ed1i, m\u00f9i c\u1ee7a \u0111\u1ea5t, \u00e1nh n\u1eafng xuy\u00ean&hellip;","_links":{"self":[{"href":"https:\/\/trip-japan-ylp.com\/index.php?rest_route=\/wp\/v2\/pages\/1418","targetHints":{"allow":["GET"]}}],"collection":[{"href":"https:\/\/trip-japan-ylp.com\/index.php?rest_route=\/wp\/v2\/pages"}],"about":[{"href":"https:\/\/trip-japan-ylp.com\/index.php?rest_route=\/wp\/v2\/types\/page"}],"author":[{"embeddable":true,"href":"https:\/\/trip-japan-ylp.com\/index.php?rest_route=\/wp\/v2\/users\/1"}],"replies":[{"embeddable":true,"href":"https:\/\/trip-japan-ylp.com\/index.php?rest_route=%2Fwp%2Fv2%2Fcomments&post=1418"}],"version-history":[{"count":9,"href":"https:\/\/trip-japan-ylp.com\/index.php?rest_route=\/wp\/v2\/pages\/1418\/revisions"}],"predecessor-version":[{"id":2392,"href":"https:\/\/trip-japan-ylp.com\/index.php?rest_route=\/wp\/v2\/pages\/1418\/revisions\/2392"}],"wp:attachment":[{"href":"https:\/\/trip-japan-ylp.com\/index.php?rest_route=%2Fwp%2Fv2%2Fmedia&parent=1418"}],"curies":[{"name":"wp","href":"https:\/\/api.w.org\/{rel}","templated":true}]}}