{"id":200,"date":"2025-08-14T15:23:58","date_gmt":"2025-08-14T06:23:58","guid":{"rendered":"https:\/\/trip-japan-ylp.com\/?page_id=200"},"modified":"2025-09-30T13:53:54","modified_gmt":"2025-09-30T04:53:54","slug":"privacy-policy-4","status":"publish","type":"page","link":"https:\/\/trip-japan-ylp.com\/?page_id=200","title":{"rendered":"\u4f1a\u793e\u6982\u8981_VN"},"content":{"rendered":"\n<table>\n\t<tr>\n\t\t<th>C\u00f4ng ty<\/th>\n\t\t<td>Young Life Proposal Co., Ltd.<\/td>\n\t<\/tr>\n\t<tr>\n\t\t<th>Gi\u00e1m \u0111\u1ed1c \u0111i\u1ec1u h\u00e0nh<\/th>\n\t\t<td>Yoichi Furugen<\/td>\n\t<\/tr>\n\t<tr>\n\t\t<th>M\u00e3 b\u01b0u \u0111i\u1ec7n<\/th>\n\t\t<td>460-0011<\/td>\n\t<\/tr>\n\t<tr>\n\t\t<th>\u0110\u1ecba ch\u1ec9<\/th>\n\t\t<td>4F Seijo building, 4-1-18 Osu, Naka-ku, Nagoya<\/td>\n\t<\/tr>\n\t<tr>\n\t\t<th>Chi ph\u00ed kh\u00e1c<\/th>\n\t\t<td>Y\u00eau c\u1ea7u c\u00e1c kho\u1ea3n thu\u1ebf ti\u00eau d\u00f9ng, ph\u00ed d\u1ecbch v\u1ee5, ph\u00ed chu\u1ea9n b\u1ecb, thu\u1ebf \u0111\u1ecba ph\u01b0\u01a1ng, ph\u00ed s\u1eed d\u1ee5ng s\u00e2n bay, ph\u1ee5 ph\u00ed nhi\u00ean li\u1ec7u \u0111\u1eb7c bi\u1ec7t...Tuy nhi\u00ean, chi ti\u1ebft s\u1ebd \u0111\u01b0\u1ee3c li\u1ec7t k\u00ea ri\u00eang ho\u1eb7c li\u00ean h\u1ec7 tr\u01b0\u1edbc.<\/td>\n\t<\/tr>\n\t<tr>\n\t\t<th>Th\u1eddi gian giao h\u00e0ng<\/th>\n\t\t<td>Tr\u01b0\u1edbc ng\u00e0y xu\u1ea5t ph\u00e1t<\/td>\n\t<\/tr>\n\t<tr>\n\t\t<th>H\u1ea1n thanh to\u00e1n<\/th>\n\t\t<td>Theo n\u1ed9i dung \u0111\u01b0\u1ee3c ghi trong t\u00e0i li\u1ec7u \u0111i\u1ec1u ki\u1ec7n du l\u1ecbch<\/td>\n\t<\/tr>\n\t<tr>\n\t\t<th>T\u00ean d\u1ecbch v\u1ee5<\/th>\n\t\t<td>YLP<\/td>\n\t<\/tr>\n\t<tr>\n\t\t<th>S\u1ed1 \u0111i\u1ec7n tho\u1ea1i<\/th>\n\t\t<td>052-265-8131<\/td>\n\t<\/tr>\n\t<tr>\n\t\t<th>\u0110\u1ecba ch\u1ec9 mail<\/th>\n\t\t<td>overseas@trip-japan-ylp.com<\/td>\n\t<\/tr>\n\t<tr>\n\t\t<th>Ch\u00ednh s\u00e1ch ho\u00e0n tr\u1ea3<\/th>\n\t\t<td>Theo n\u1ed9i dung \u0111\u01b0\u1ee3c ghi trong t\u00e0i li\u1ec7u \u0111i\u1ec1u ki\u1ec7n du l\u1ecbch<\/td>\n\t<\/tr>\n\t<tr>\n\t\t<th>Ph\u01b0\u01a1ng th\u1ee9c thanh to\u00e1n<\/th>\n\t\t<td>\n\t\t\tThanh to\u00e1n th\u1ebb t\u00edn d\u1ee5ng\n\t\t\t<div class=\"card-logos\">\n\t\t\t\t<div>\n\t\t\t\t\t<p>VISA<\/p>\n\t\t\t\t\t<img decoding=\"async\" src=\"https:\/\/www.trip-japan-ylp.com\/wp-content\/uploads\/2024\/08\/visa.png\" alt=\"VISA\">\n\t\t\t\t<\/div>\n\t\t\t\t<div>\n\t\t\t\t\t<p>MASTER<\/p>\n\t\t\t\t\t<img decoding=\"async\" src=\"https:\/\/www.trip-japan-ylp.com\/wp-content\/uploads\/2024\/08\/master-card-scaled.jpg\" alt=\"Mastercard\">\n\t\t\t\t<\/div>\n\t\t\t\t<div>\n\t\t\t\t\t<p>DINERS<\/p>\n\t\t\t\t\t<img decoding=\"async\" src=\"https:\/\/www.trip-japan-ylp.com\/wp-content\/uploads\/2024\/08\/diners.jpeg\" alt=\"Diners Club\">\n\t\t\t\t<\/div>\n\t\t\t\t<div>\n\t\t\t\t\t<p>JCB<\/p>\n\t\t\t\t\t<img decoding=\"async\" src=\"https:\/\/www.trip-japan-ylp.com\/wp-content\/uploads\/2024\/08\/jcb.png\" alt=\"JCB\">\n\t\t\t\t<\/div>\n\t\t\t\t<div>\n\t\t\t\t\t<p>AMEX<\/p>\n\t\t\t\t\t<img decoding=\"async\" src=\"https:\/\/www.trip-japan-ylp.com\/wp-content\/uploads\/2024\/08\/amex.png\" alt=\"American Express\">\n\t\t\t\t<\/div>\n\t\t\t<\/div>\n\t\t<\/td>\n\t<\/tr>\n<\/table>\n\n\n\n<p><\/p>\n","protected":false},"excerpt":{"rendered":"<p>C\u00f4ng ty Young Life Proposal Co., Ltd. Gi\u00e1m \u0111\u1ed1c \u0111i\u1ec1u h\u00e0nh Yoichi Furugen M\u00e3 b\u01b0u \u0111i\u1ec7n 460-0011 \u0110\u1ecba ch\u1ec9 4F Seijo  [&hellip;]<\/p>\n","protected":false},"author":1,"featured_media":0,"parent":0,"menu_order":0,"comment_status":"closed","ping_status":"closed","template":"","meta":{"_uag_custom_page_level_css":"","vkexunit_cta_each_option":"","footnotes":""},"class_list":["post-200","page","type-page","status-publish","hentry"],"uagb_featured_image_src":{"full":false,"thumbnail":false,"medium":false,"medium_large":false,"large":false,"1536x1536":false,"2048x2048":false,"post-thumbnail":false},"uagb_author_info":{"display_name":"admin","author_link":"https:\/\/trip-japan-ylp.com\/?author=1"},"uagb_comment_info":0,"uagb_excerpt":"C\u00f4ng ty Young Life Proposal Co., Ltd. Gi\u00e1m \u0111\u1ed1c \u0111i\u1ec1u h\u00e0n&hellip;","_links":{"self":[{"href":"https:\/\/trip-japan-ylp.com\/index.php?rest_route=\/wp\/v2\/pages\/200","targetHints":{"allow":["GET"]}}],"collection":[{"href":"https:\/\/trip-japan-ylp.com\/index.php?rest_route=\/wp\/v2\/pages"}],"about":[{"href":"https:\/\/trip-japan-ylp.com\/index.php?rest_route=\/wp\/v2\/types\/page"}],"author":[{"embeddable":true,"href":"https:\/\/trip-japan-ylp.com\/index.php?rest_route=\/wp\/v2\/users\/1"}],"replies":[{"embeddable":true,"href":"https:\/\/trip-japan-ylp.com\/index.php?rest_route=%2Fwp%2Fv2%2Fcomments&post=200"}],"version-history":[{"count":3,"href":"https:\/\/trip-japan-ylp.com\/index.php?rest_route=\/wp\/v2\/pages\/200\/revisions"}],"predecessor-version":[{"id":1031,"href":"https:\/\/trip-japan-ylp.com\/index.php?rest_route=\/wp\/v2\/pages\/200\/revisions\/1031"}],"wp:attachment":[{"href":"https:\/\/trip-japan-ylp.com\/index.php?rest_route=%2Fwp%2Fv2%2Fmedia&parent=200"}],"curies":[{"name":"wp","href":"https:\/\/api.w.org\/{rel}","templated":true}]}}