{"id":203,"date":"2025-08-14T15:24:53","date_gmt":"2025-08-14T06:24:53","guid":{"rendered":"https:\/\/trip-japan-ylp.com\/?page_id=203"},"modified":"2026-01-08T12:28:42","modified_gmt":"2026-01-08T03:28:42","slug":"about-trip-japan-ylp-2","status":"publish","type":"page","link":"https:\/\/trip-japan-ylp.com\/?page_id=203","title":{"rendered":"Trip-japan-YLP_VN"},"content":{"rendered":"\n<style>\n  body {\n    font-family: 'Helvetica Neue', sans-serif;\n    margin: 0;\n    padding: 0;\n    background: #fff;\n    color: #333;\n  }\n\n  .hero {\n    position: relative;\n    width: 100%;\n    overflow: hidden;\n  }\n\n  .hero img {\n    width: 100%;\n    height: auto;\n    display: block;\n  }\n\n  .hero-text {\n    position: absolute;\n    bottom: 40px;\n    left: 8%;\n    color: white;\n    background: rgba(0, 0, 0, 0.5);\n    padding: 20px 30px;\n    border-radius: 8px;\n    font-size: 2em;\n    max-width: 80%;\n  }\n\n  .section {\n    padding: 60px 20px;\n    max-width: 1100px;\n    margin: auto;\n  }\n\n  .block {\n    display: flex;\n    flex-wrap: wrap;\n    gap: 40px;\n    margin-bottom: 60px;\n    align-items: center;\n  }\n\n  .block img {\n    width: 100%;\n    max-width: 500px;\n    border-radius: 12px;\n    box-shadow: 0 4px 12px rgba(0,0,0,0.1);\n  }\n\n  .block-text {\n    flex: 1;\n    min-width: 280px;\n    font-size: 1.1em;\n    line-height: 1.8;\n  }\n\n  .block.reverse {\n    flex-direction: row-reverse;\n  }\n\n  .section-title {\n    text-align: center;\n    font-size: 2em;\n    margin-bottom: 40px;\n    font-weight: bold;\n    color: #279743;\n  }\n\n  .cta {\n    text-align: center;\n    margin-top: 60px;\n  }\n\n  .cta p {\n    font-size: 1.2em;\n    margin-bottom: 30px;\n  }\n\n  .cta a {\n    background: #0073e6;\n    color: #fff;\n    padding: 15px 30px;\n    border-radius: 8px;\n    text-decoration: none;\n    margin: 10px;\n    display: inline-block;\n    font-weight: bold;\n    transition: background 0.3s ease;\n  }\n\n  .cta a:hover {\n    background: #005bb5;\n  }\n@media screen and (max-width: 768px) {\n  .hero-text {\n    font-size: 1em; \/* \u3055\u3089\u306b\u63a7\u3048\u3081\u306a\u30b5\u30a4\u30ba\u306b\u8abf\u6574 *\/\n    padding: 10px 14px;\n    bottom: 20px;\n    line-height: 1.5;\n    max-width: 90%;\n    word-break: break-word;\n    box-sizing: border-box;\n    white-space: normal;\n  }\n}\n\n<\/style>\n\n<!-- Hero Section -->\n<div class=\"hero\">\n  <img decoding=\"async\" src=\"https:\/\/www.trip-japan-ylp.com\/wp-content\/uploads\/2023\/11\/michael-busch-FLpTrqH7iKk-unsplash-1.jpg\" alt=\"\u65c5\u306e\u60f3\u3044\">\n  <div class=\"hero-text\">V\u00ec sao c\u00f4ng ty IT ch\u1ecdn ng\u00e0nh du l\u1ecbch?<\/div>\n<\/div>\n\n<!-- Section: Message -->\n<section class=\"section\">\n  <div class=\"section-title\">trip-japan-ylp l\u00e0 g\u00ec<\/div>\n  <div class=\"block\">\n    <img decoding=\"async\" src=\"https:\/\/www.trip-japan-ylp.com\/wp-content\/uploads\/2025\/06\/DataCenter_Image2.png\" alt=\"\u4ee3\u8868\u30e1\u30c3\u30bb\u30fc\u30b8\">\n    <div class=\"block-text\">\n      \u201ctrip-japan-ylp\u201d b\u1eaft \u0111\u1ea7u nh\u01b0 m\u1ed9t d\u1ef1 \u00e1n kinh doanh qu\u1ed1c t\u1ebf c\u1ee7a<br><strong>C\u00f4ng ty C\u1ed5 ph\u1ea7n Young Life Proposal<\/strong>.<br><br>\n      Trong h\u01a1n 20 n\u0103m qua, ch\u00fang t\u00f4i \u0111\u00e3 x\u00e2y d\u1ef1ng \u0111\u01b0\u1ee3c s\u1ef1 tin t\u01b0\u1edfng trong l\u0129nh v\u1ef1c h\u1ea1 t\u1ea7ng IT v\u00e0 ph\u00e1t tri\u1ec3n h\u1ec7 th\u1ed1ng t\u1ea1i Nh\u1eadt B\u1ea3n.<br>\n      V\u1eady t\u1ea1i sao ch\u00fang t\u00f4i l\u1ea1i b\u1eaft \u0111\u1ea7u tham gia v\u00e0o ng\u00e0nh du l\u1ecbch?<br><br>\n      L\u00fd do l\u00e0 v\u00ec ch\u00fang t\u00f4i mang trong m\u00ecnh m\u1ed9t mong mu\u1ed1n m\u00e3nh li\u1ec7t: \u201ck\u1ebft n\u1ed1i con ng\u01b0\u1eddi v\u1edbi th\u1ebf gi\u1edbi\u201d.\n    <\/div>\n  <\/div>\n\n  <div class=\"block reverse\">\n    <img decoding=\"async\" src=\"https:\/\/www.trip-japan-ylp.com\/wp-content\/uploads\/2025\/06\/\u65b0\u3057\u3044\u62492.png\" alt=\"\u521d\u3081\u3066\u306e\u6d77\u5916\">\n    <div class=\"block-text\">\n      Khi ti\u1ebfp x\u00fac v\u1edbi th\u1ebf gi\u1edbi ch\u01b0a t\u1eebng bi\u1ebft \u0111\u1ebfn nh\u01b0 n\u01b0\u1edbc ngo\u00e0i, b\u1ea1n s\u1ebd c\u00f3 nh\u1eefng tr\u1ea3i nghi\u1ec7m l\u00e0m phong ph\u00fa th\u00eam cu\u1ed9c s\u1ed1ng.<br>\n      G\u1eb7p g\u1ee1 v\u1edbi n\u1ec1n v\u0103n h\u00f3a kh\u00e1c c\u00f3 th\u1ec3 g\u00e2y lo l\u1eafng, nh\u01b0ng tr\u00ean h\u1ebft l\u00e0 c\u1ea3m gi\u00e1c<strong>\u201cc\u00e1nh c\u1eeda d\u1eabn \u0111\u1ebfn m\u1ed9t th\u1ebf gi\u1edbi m\u1edbi \u0111\u01b0\u1ee3c m\u1edf ra\u201d<\/strong>.<br><br>\n      Ch\u00fang t\u00f4i mu\u1ed1n mang gi\u00e1 tr\u1ecb \u0111\u00f3 \u0111\u1ebfn v\u1edbi nh\u00e2n vi\u00ean c\u1ee7a m\u00ecnh v\u00e0 nhi\u1ec1u ng\u01b0\u1eddi h\u01a1n n\u1eefa.<br>\n      \u0110\u00f3 ch\u00ednh l\u00e0 \u0111i\u1ec3m kh\u1edfi \u0111\u1ea7u c\u1ee7a d\u1ef1 \u00e1n kinh doanh qu\u1ed1c t\u1ebf c\u1ee7a ch\u00fang t\u00f4i.\n    <\/div>\n  <\/div>\n\n  <div class=\"block\">\n    <img decoding=\"async\" src=\"https:\/\/www.trip-japan-ylp.com\/wp-content\/uploads\/2024\/08\/27749032_m.jpg\" alt=\"\u518d\u30b9\u30bf\u30fc\u30c8\">\n    <div class=\"block-text\">\n      N\u0103m 2020, vi\u1ec7c m\u1edf r\u1ed9ng ra n\u01b0\u1edbc ngo\u00e0i c\u1ee7a ch\u00fang t\u00f4i \u0111\u00e3 ph\u1ea3i t\u1ea1m d\u1eebng do \u1ea3nh h\u01b0\u1edfng c\u1ee7a \u0111\u1ea1i d\u1ecbch COVID-19.<br>\n      Tuy nhi\u00ean, trong th\u1eddi gian \u0111\u00f3, ch\u00fang t\u00f4i \u0111\u00e3 c\u00f3 c\u01a1 h\u1ed9i<strong>du l\u1ecbch l\u1ea1i kh\u1eafp n\u01a1i tr\u00ean \u0111\u1ea5t n\u01b0\u1edbc Nh\u1eadt B\u1ea3n<\/strong> v\u00e0 nh\u1eadn ra nhi\u1ec1u \u0111i\u1ec1u quan tr\u1ecdng.<br><br>\n      \u0110\u00f3 l\u00e0: b\u1ea3n ch\u1ea5t c\u1ee7a du l\u1ecbch n\u1eb1m \u1edf \u201cs\u1ef1 k\u1ebft n\u1ed1i gi\u1eefa con ng\u01b0\u1eddi v\u1edbi con ng\u01b0\u1eddi\u201d.<br>\n      Kh\u00f4ng ch\u1ec9 l\u00e0 s\u1ef1 tuy\u1ec7t v\u1eddi c\u1ee7a c\u00e1c \u0111i\u1ec3m tham quan, m\u00e0 ch\u00ednh s\u1ef1 \u1ea5m \u00e1p c\u1ee7a con ng\u01b0\u1eddi m\u1edbi l\u00e0 \u0111i\u1ec1u t\u1ea1o n\u00ean c\u1ea3m \u0111\u1ed9ng trong m\u1ed7i chuy\u1ebfn \u0111i.<br>\n      V\u00ec v\u1eady, ch\u00fang t\u00f4i h\u01b0\u1edbng \u0111\u1ebfn m\u1ed9t d\u1ecbch v\u1ee5 du l\u1ecbch l\u1ea5y con ng\u01b0\u1eddi l\u00e0m trung t\u00e2m.\n    <\/div>\n  <\/div>\n\n  <div class=\"block reverse\">\n    <img decoding=\"async\" src=\"https:\/\/www.trip-japan-ylp.com\/wp-content\/uploads\/2025\/06\/\u30b9\u30bf\u30c3\u30d5\u3068\u306e\u4f1a\u8a712.png\" alt=\"\u30b9\u30bf\u30c3\u30d5\u7d39\u4ecb\">\n    <div class=\"block-text\">\n      Th\u1ebf m\u1ea1nh l\u1edbn nh\u1ea5t c\u1ee7a ch\u00fang t\u00f4i ch\u00ednh l\u00e0 \u201ccon ng\u01b0\u1eddi\u201d.<br>\n      C\u00e1c nh\u00e2n vi\u00ean t\u1eebng du h\u1ecdc ho\u1eb7c l\u00e0m vi\u1ec7c t\u1ea1i n\u01b0\u1edbc ngo\u00e0i (wh) s\u1ebd \u0111\u1ed3ng h\u00e0nh c\u00f9ng du kh\u00e1ch v\u1edbi g\u00f3c nh\u00ecn c\u1ee7a ng\u01b0\u1eddi n\u01b0\u1edbc ngo\u00e0i \u0111\u1ebfn Nh\u1eadt B\u1ea3n.<br>\n      Ch\u00fang t\u00f4i lu\u00f4n c\u1ed1 g\u1eafng h\u1ed7 tr\u1ee3 kh\u00f4ng ch\u1ec9 b\u1eb1ng ng\u00f4n ng\u1eef, m\u00e0 c\u00f2n ch\u1ea1m \u0111\u1ebfn \u201cc\u1ea3m x\u00fac\u201d.<br><br>\n      Ch\u00fang t\u00f4i mong mu\u1ed1n gi\u1edbi thi\u1ec7u m\u1ed9t c\u00e1ch t\u1eadn t\u00e2m v\u00e0 ch\u00e2n th\u00e0nh nh\u1eefng khu v\u1ef1c \u0111\u1ea7y h\u1ea5p d\u1eabn nh\u01b0 Nagoya, Gifu, Mie \u2013 nh\u1eefng n\u01a1i th\u1eadm ch\u00ed ng\u01b0\u1eddi Nh\u1eadt c\u0169ng c\u00f3 th\u1ec3 b\u1ecf l\u1ee1.\n    <\/div>\n  <\/div>\n<\/section>\n\n\n\n<!DOCTYPE html>\n<html lang=\"ja\">\n<head>\n  \n  \n  <title>\u30d3\u30b6\u53d6\u5f97\u30b5\u30dd\u30fc\u30c8<\/title>\n  <style>\n    body {\n      font-family: 'Helvetica Neue', sans-serif;\n      margin: 0;\n      padding: 0;\n      background: #fff;\n      color: #333;\n    }\n\n    .section {\n      padding: 50px 20px;\n      max-width: 1100px;\n      margin: auto;\n    }\n\n    .section-title {\n      font-size: 2em;\n      text-align: center;\n      margin-bottom: 30px;\n      font-weight: bold;\n      color: #279743;\n    }\n\n    .grid-section {\n      display: grid;\n      grid-template-columns: repeat(auto-fit, minmax(250px, 1fr));\n      gap: 30px;\n      margin-top: 30px;\n    }\n\n    \/* \u901a\u5e38\u306e box *\/\n    .grid-box, a.grid-box {\n      background: #fff;\n      border-radius: 12px;\n      box-shadow: 0 4px 12px rgba(0,0,0,0.08);\n      overflow: hidden;\n      text-align: center;\n      transition: transform 0.3s;\n      text-decoration: none;\n      color: inherit;\n      display: block;\n    }\n\n    \/* \u30db\u30d0\u30fc\u6642\u306e\u30a2\u30cb\u30e1\u30fc\u30b7\u30e7\u30f3 *\/\n    .grid-box:hover, a.grid-box:hover {\n      transform: translateY(-5px);\n      background: #f9f9f9; \/* Optional: hover\u6642\u306b\u5c11\u3057\u5909\u5316 *\/\n    }\n\n    .grid-box img {\n      width: 100%;\n      height: 160px;\n      object-fit: cover;\n    }\n\n    .grid-title {\n      font-size: 1.2em;\n      font-weight: bold;\n      margin: 15px 0 5px;\n      color: #279743;\n    }\n\n    .grid-description {\n      font-size: 0.95em;\n      color: #555;\n      padding: 0 15px 20px;\n    }\n\n    .contact-section {\n      text-align: center;\n      margin-top: 50px;\n    }\n\n    .contact-button {\n      background: #0073e6;\n      color: white;\n      padding: 15px 30px;\n      border: none;\n      border-radius: 6px;\n      font-size: 1em;\n      cursor: pointer;\n      text-decoration: none;\n      display: inline-block;\n      transition: background 0.3s;\n    }\n\n    .contact-button:hover {\n      background: #005bb5;\n    }\n  <\/style>\n<\/head>\n<body>\n\n<!-- CTA Section -->\n<section class=\"section cta\">\n  <div class=\"section-title\">Kh\u1edfi \u0111\u1ea7u h\u00e0nh tr\u00ecnh c\u1ee7a b\u1ea1n, b\u1eaft \u0111\u1ea7u t\u1eeb \u0111\u00e2y.<\/div>\n  <p>\n    Ch\u00fang t\u00f4i s\u1ebd h\u1ed7 tr\u1ee3 t\u1eadn t\u00e2m \u0111\u1ec3 hi\u1ec7n th\u1ef1c h\u00f3a<br>\n    chuy\u1ebfn du l\u1ecbch Nh\u1eadt B\u1ea3n \u0111\u00e1ng nh\u1edb trong cu\u1ed9c \u0111\u1eddi b\u1ea1n.\n  <\/p>\n  <p>\n    D\u00f9 l\u00e0 l\u1ea7n \u0111\u1ea7u ti\u00ean \u0111\u1ebfn Nh\u1eadt B\u1ea3n, d\u00f9 c\u00f3 lo l\u1eafng hay th\u1eafc m\u1eafc, b\u1ea1n c\u0169ng kh\u00f4ng c\u1ea7n ph\u1ea3i lo.<br>\n    T\u1eeb vi\u1ec7c xin visa \u0111\u1ebfn \u0111\u1ec1 xu\u1ea5t k\u1ebf ho\u1ea1ch du l\u1ecbch, \u0111\u1ed9i ng\u0169 nh\u00e2n vi\u00ean c\u1ee7a ch\u00fang t\u00f4i s\u1ebd h\u1ed7 tr\u1ee3 t\u1eadn t\u00ecnh.\n  <\/p>\n  <p>\n    \"Kh\u00f4ng bi\u1ebft n\u00ean b\u1eaft \u0111\u1ea7u t\u1eeb \u0111\u00e2u\", \"Kh\u00f4ng bi\u1ebft c\u00f3 th\u1ec3 h\u1ecfi \u0111i\u1ec1u n\u00e0y kh\u00f4ng?\" \u2014<br>\n    Ch\u00ednh nh\u1eefng l\u00fac nh\u01b0 v\u1eady, h\u00e3y li\u00ean h\u1ec7 v\u1edbi ch\u00fang t\u00f4i.<br>\n    Ch\u00fang t\u00f4i s\u1ebd \u0111\u01b0a ra nh\u1eefng h\u01b0\u1edbng d\u1eabn ph\u00f9 h\u1ee3p nh\u1ea5t v\u1edbi nguy\u1ec7n v\u1ecdng v\u00e0 ho\u00e0n c\u1ea3nh c\u1ee7a b\u1ea1n.\n  <\/p>\n  <p style=\"margin-top: 30px; font-weight: bold; color: #279743;\">\n    Tr\u01b0\u1edbc ti\u00ean, h\u00e3y li\u00ean h\u1ec7 v\u1edbi ch\u00fang t\u00f4i m\u1ed9t c\u00e1ch tho\u1ea3i m\u00e1i nh\u00e9.\n  <\/p>\n<\/section>\n\n<div class=\"grid-section\">\n\n  <!-- \u3054\u76f8\u8ac7\u30fb\u304a\u554f\u3044\u5408\u308f\u305b\uff08\u30ea\u30f3\u30af\u3042\u308a\uff09 -->\n  <a href=\"https:\/\/trip-japan-ylp.com\/?page_id=212\" class=\"grid-box\">\n    <div class=\"grid-title\">\u25b6 T\u01b0 v\u1ea5n & Li\u00ean h\u1ec7<\/div>\n    <div class=\"grid-description\">Ch\u00fang t\u00f4i s\u1ebd cung c\u1ea5p l\u1eddi khuy\u00ean ph\u00f9 h\u1ee3p v\u1edbi t\u00ecnh h\u00ecnh c\u1ee7a b\u1ea1n. H\u00e3y li\u00ean h\u1ec7 v\u1edbi ch\u00fang t\u00f4i m\u1ed9t c\u00e1ch tho\u1ea3i m\u00e1i.<\/div>\n  <\/a>\n\n  <!-- \u89b3\u5149\u30d3\u30b6\u30b5\u30dd\u30fc\u30c8\uff08\u30ea\u30f3\u30af\u3042\u308a\uff09 -->\n  <a href=\"https:\/\/trip-japan-ylp.com\/?page_id=207\" class=\"grid-box\">\n    <div class=\"grid-title\">\u25b6 H\u1ed7 tr\u1ee3 Visa Du l\u1ecbch<\/div>\n    <div class=\"grid-description\">Ch\u00fang t\u00f4i h\u1ed7 tr\u1ee3 ng\u01b0\u1eddi c\u00f3 qu\u1ed1c t\u1ecbch Vi\u1ec7t Nam v\u1ec1 th\u00f4ng tin h\u1ed3 s\u01a1 c\u1ea7n thi\u1ebft m\u1edbi nh\u1ea5t v\u00e0 quy tr\u00ecnh xin visa.<\/div>\n  <\/a>\n\n  <!-- \u30c4\u30a2\u30fc\u30fb\u30b5\u30fc\u30d3\u30b9\uff08\u30ea\u30f3\u30af\u3042\u308a\uff09 -->\n  <a href=\"https:\/\/trip-japan-ylp.com\/?page_id=205\" class=\"grid-box\">\n    <div class=\"grid-title\">\u25b6 D\u1ecbch v\u1ee5<\/div>\n    <div class=\"grid-description\">Ch\u00fang t\u00f4i \u0111\u1ec1 xu\u1ea5t c\u00e1c k\u1ebf ho\u1ea1ch du l\u1ecbch theo y\u00eau c\u1ea7u cho nh\u1eefng du kh\u00e1ch t\u1eeb Vi\u1ec7t Nam \u0111\u1ebfn Nh\u1eadt B\u1ea3n.<\/div>\n  <\/a>\n\n<\/div>\n<\/section>\n\n<\/body>\n<\/html>\n\n\n\n<p><\/p>\n","protected":false},"excerpt":{"rendered":"<p>V\u00ec sao c\u00f4ng ty IT ch\u1ecdn ng\u00e0nh du l\u1ecbch? trip-japan-ylp l\u00e0 g\u00ec \u201ctrip-japan-ylp\u201d b\u1eaft \u0111\u1ea7u nh\u01b0 m\u1ed9t d\u1ef1 \u00e1n kinh doanh q [&hellip;]<\/p>\n","protected":false},"author":1,"featured_media":0,"parent":0,"menu_order":0,"comment_status":"closed","ping_status":"closed","template":"","meta":{"_uag_custom_page_level_css":"","vkexunit_cta_each_option":"","footnotes":""},"class_list":["post-203","page","type-page","status-publish","hentry"],"uagb_featured_image_src":{"full":false,"thumbnail":false,"medium":false,"medium_large":false,"large":false,"1536x1536":false,"2048x2048":false,"post-thumbnail":false},"uagb_author_info":{"display_name":"admin","author_link":"https:\/\/trip-japan-ylp.com\/?author=1"},"uagb_comment_info":0,"uagb_excerpt":"V\u00ec sao c\u00f4ng ty IT ch\u1ecdn ng\u00e0nh du l\u1ecbch? trip-japan-ylp l\u00e0&hellip;","_links":{"self":[{"href":"https:\/\/trip-japan-ylp.com\/index.php?rest_route=\/wp\/v2\/pages\/203","targetHints":{"allow":["GET"]}}],"collection":[{"href":"https:\/\/trip-japan-ylp.com\/index.php?rest_route=\/wp\/v2\/pages"}],"about":[{"href":"https:\/\/trip-japan-ylp.com\/index.php?rest_route=\/wp\/v2\/types\/page"}],"author":[{"embeddable":true,"href":"https:\/\/trip-japan-ylp.com\/index.php?rest_route=\/wp\/v2\/users\/1"}],"replies":[{"embeddable":true,"href":"https:\/\/trip-japan-ylp.com\/index.php?rest_route=%2Fwp%2Fv2%2Fcomments&post=203"}],"version-history":[{"count":8,"href":"https:\/\/trip-japan-ylp.com\/index.php?rest_route=\/wp\/v2\/pages\/203\/revisions"}],"predecessor-version":[{"id":2547,"href":"https:\/\/trip-japan-ylp.com\/index.php?rest_route=\/wp\/v2\/pages\/203\/revisions\/2547"}],"wp:attachment":[{"href":"https:\/\/trip-japan-ylp.com\/index.php?rest_route=%2Fwp%2Fv2%2Fmedia&parent=203"}],"curies":[{"name":"wp","href":"https:\/\/api.w.org\/{rel}","templated":true}]}}