{"id":207,"date":"2025-08-14T15:26:14","date_gmt":"2025-08-14T06:26:14","guid":{"rendered":"https:\/\/trip-japan-ylp.com\/?page_id=207"},"modified":"2026-01-08T12:30:11","modified_gmt":"2026-01-08T03:30:11","slug":"visa-2","status":"publish","type":"page","link":"https:\/\/trip-japan-ylp.com\/?page_id=207","title":{"rendered":"Visa_VN"},"content":{"rendered":"\n<style>\n  body {\n    font-family: 'Helvetica Neue', sans-serif;\n    margin: 0;\n    padding: 0;\n    background: #fff;\n    color: #333;\n  }\n\n  \/* Hero Image *\/\n  .hero {\n    position: relative;\n    width: 100%;\n    height: auto;\n    overflow: hidden;\n  }\n\n  .hero img {\n    width: 100%;\n    height: auto;\n    display: block;\n  }\n\n  .hero-text {\n    position: absolute;\n    bottom: 30px;\n    left: 10%;\n    color: white;\n    background: rgba(0, 0, 0, 0.5);\n    padding: 20px 30px;\n    border-radius: 8px;\n    font-size: 1.8em;\n  }\n\n  .section {\n    padding: 50px 20px;\n    max-width: 1100px;\n    margin: auto;\n  }\n\n  .section-title {\n    font-size: 2em;\n    text-align: center;\n    margin-bottom: 30px;\n    font-weight: bold;\n    color: #279743;\n  }\n\n  .service-description {\n    font-size: 1.1em;\n    text-align: center;\n    line-height: 1.8;\n    max-width: 800px;\n    margin: auto;\n    color: #444;\n  }\n\n  .visa-steps {\n    display: grid;\n    grid-template-columns: repeat(auto-fit, minmax(250px, 1fr));\n    gap: 30px;\n    margin-top: 40px;\n  }\n\n  .visa-step {\n    background: #fff;\n    padding: 25px;\n    border-radius: 12px;\n    box-shadow: 0 4px 12px rgba(0,0,0,0.08);\n    text-align: center;\n    transition: transform 0.3s;\n  }\n\n  .visa-step:hover {\n    transform: translateY(-5px);\n  }\n\n  .step-number {\n    font-size: 2em;\n    color: #279743;\n    font-weight: bold;\n    margin-bottom: 10px;\n  }\n\n  .step-title {\n    font-size: 1.1em;\n    font-weight: bold;\n    margin-bottom: 8px;\n  }\n\n  .step-description {\n    font-size: 0.95em;\n    color: #555;\n  }\n\n  .faq {\n    max-width: 800px;\n    margin: auto;\n    margin-top: 40px;\n  }\n\n  .faq-item {\n    margin-bottom: 30px;\n    display: flex;\n    flex-direction: column;\n  }\n\n  .faq-q::before,\n  .faq-a::before {\n    display: inline-block;\n    width: 2em;\n    font-weight: bold;\n    color: #279743;\n  }\n\n  .faq-q::before {\n    content: \"Q.\";\n  }\n\n  .faq-a::before {\n    content: \"A.\";\n  }\n\n  .faq-q,\n  .faq-a {\n    padding-left: 2.5em;    \/* \u30e9\u30d9\u30eb\u5206\u306e\u30a4\u30f3\u30c7\u30f3\u30c8 *\/\n    text-indent: -2.5em;    \/* Q. \/ A. \u3092\u5916\u306b\u51fa\u3059 *\/\n    line-height: 1.8;\n    margin: 0 0 8px 0;\n  }\n\n.faq-line {\n  display: flex;\n  align-items: flex-start;\n  margin-bottom: 8px;\n}\n\n.faq-line.q {\n  font-weight: bold; \/* \u8cea\u554f\u5168\u4f53\u3092\u592a\u5b57\u306b *\/\n}\n\n.faq-label {\n  flex: 0 0 2em; \/* \u56fa\u5b9a\u5e45 *\/\n  font-weight: bold;\n  color: #279743;\n}\n\n.faq-text {\n  flex: 1;\n  color: #333;\n  line-height: 1.6;\n}\n\n  .contact-section {\n    text-align: center;\n    margin-top: 60px;\n  }\n\n  .contact-button {\n    background: #0073e6;\n    color: white;\n    padding: 15px 30px;\n    border: none;\n    border-radius: 6px;\n    font-size: 1em;\n    cursor: pointer;\n    text-decoration: none;\n  }\n\n  .contact-button:hover {\n    background: #005bb5;\n  }\n<\/style>\n\n\n\n<div class=\"wp-block-columns are-vertically-aligned-center vk-cols--reverse vk-cols--fit vk-cols--grid is-layout-flex wp-container-core-columns-is-layout-28f84493 wp-block-columns-is-layout-flex\">\n<div class=\"wp-block-column is-vertically-aligned-center is-layout-flow wp-block-column-is-layout-flow\">\n<!-- Hero Image -->\n<div class=\"hero\">\n  <img decoding=\"async\" src=\"https:\/\/www.trip-japan-ylp.com\/wp-content\/uploads\/2025\/06\/Visa_support-1.png\" alt=\"VISA SUPPORT\">\n<\/div>\n<\/div>\n<\/div>\n\n\n\n<!-- Service Introduction -->\n<section class=\"section\">\n  <div class=\"section-title\">D\u1ecbch v\u1ee5 h\u1ed7 tr\u1ee3 xin visa c\u1ee7a ch\u00fang t\u00f4i l\u00e0 g\u00ec?<\/div>\n  <p class=\"service-description\">\n    B\u1ea1n mu\u1ed1n du l\u1ecbch Nh\u1eadt B\u1ea3n v\u00e0 kh\u00e1m ph\u00e1 n\u00e9t \u0111\u1eb9p tuy\u1ec7t v\u1eddi c\u1ee7a \u0111\u1ea5t n\u01b0\u1edbc m\u1eb7t tr\u1eddi m\u1ecdc?<br>\n    \u0110\u1ed9i ng\u0169 nh\u00e2n vi\u00ean gi\u00e0u kinh nghi\u1ec7m c\u1ee7a ch\u00fang t\u00f4i s\u1ebd h\u1ed7 tr\u1ee3 b\u1ea1n t\u1eeb A \u0111\u1ebfn Z<br>\n\u3000\u3000trong vi\u1ec7c xin visa v\u00e0 chu\u1ea9n b\u1ecb gi\u1ea5y t\u1edd, gi\u00fap m\u1ecdi quy tr\u00ecnh tr\u1edf n\u00ean d\u1ec5 d\u00e0ng, nh\u1eb9 nh\u00e0ng.<br>\n    D\u00f9 l\u1ea7n \u0111\u1ea7u ti\u00ean hay \u0111\u00e3 t\u1eebng \u0111i Nh\u1eadt, <br>\n\u3000\u3000b\u1ea1n c\u0169ng ho\u00e0n to\u00e0n y\u00ean t\u00e2m khi s\u1eed d\u1ee5ng d\u1ecbch v\u1ee5 c\u1ee7a ch\u00fang t\u00f4i!\n  <\/p>\n<\/section>\n\n\n\n<hr class=\"wp-block-separator has-text-color has-cyan-bluish-gray-color has-alpha-channel-opacity has-cyan-bluish-gray-background-color has-background\"\/>\n\n\n\n<!-- Visa Flow -->\n<section class=\"section\">\n  <div class=\"section-title\">Quy tr\u00ecnh xin visa<\/div>\n  <div class=\"visa-steps\">\n    <div class=\"visa-step\">\n      <div class=\"step-number\">B\u01b0\u1edbc 1<\/div>\n      <div class=\"step-title\">Li\u00ean h\u1ec7<\/div>\n      <div class=\"step-description\">B\u1ea1n c\u00f3 th\u1ec3 d\u1ec5 d\u00e0ng g\u1eedi c\u00e2u h\u1ecfi ho\u1eb7c y\u00eau c\u1ea7u h\u1ed7 tr\u1ee3 qua bi\u1ec3u m\u1eabu li\u00ean h\u1ec7.<\/div>\n    <\/div>\n    <div class=\"visa-step\">\n      <div class=\"step-number\">B\u01b0\u1edbc 2<\/div>\n      <div class=\"step-title\">Th\u1ea3o lu\u1eadn v\u00e0 t\u01b0 v\u1ea5n<\/div>\n      <div class=\"step-description\">Ch\u00fang t\u00f4i s\u1ebd h\u01b0\u1edbng d\u1eabn b\u1ea1n c\u00e1c lo\u1ea1i gi\u1ea5y t\u1edd c\u1ea7n thi\u1ebft ph\u00f9 h\u1ee3p v\u1edbi t\u1eebng t\u00ecnh hu\u1ed1ng v\u00e0 m\u1ee5c \u0111\u00edch du l\u1ecbch c\u1ee7a b\u1ea1n, gi\u00fap qu\u00e1 tr\u00ecnh chu\u1ea9n b\u1ecb di\u1ec5n ra thu\u1eadn l\u1ee3i nh\u1ea5t.<\/div>\n    <\/div>\n    <div class=\"visa-step\">\n      <div class=\"step-number\">B\u01b0\u1edbc 3<\/div>\n      <div class=\"step-title\">Chu\u1ea9n b\u1ecb h\u1ed3 s\u01a1<\/div>\n      <div class=\"step-description\">Vui l\u00f2ng chu\u1ea9n b\u1ecb h\u1ed9 chi\u1ebfu, gi\u1ea5y x\u00e1c nh\u1eadn s\u1ed1 d\u01b0 v\u00e0 c\u00e1c gi\u1ea5y t\u1edd c\u1ea7n thi\u1ebft kh\u00e1c. Ch\u00fang t\u00f4i s\u1ebd h\u1ed7 tr\u1ee3 b\u1ea1n trong t\u1eebng b\u01b0\u1edbc \u0111\u1ec3 qu\u00e1 tr\u00ecnh xin visa di\u1ec5n ra su\u00f4n s\u1ebb.<\/div>\n    <\/div>\n    <div class=\"visa-step\">\n      <div class=\"step-number\">B\u01b0\u1edbc 4<\/div>\n      <div class=\"step-title\">\u0110\u1ea1i di\u1ec7n n\u1ed9p h\u1ed3 s\u01a1<\/div>\n      <div class=\"step-description\">Ch\u00fang t\u00f4i s\u1ebd \u0111\u1ea3m nhi\u1ec7m to\u00e0n b\u1ed9 vi\u1ec7c n\u1ed9p \u0111\u01a1n xin visa cho b\u1ea1n, v\u1edbi tr\u00e1ch nhi\u1ec7m v\u00e0 s\u1ef1 t\u1eadn t\u00e2m \u0111\u1ec3 \u0111\u1ea3m b\u1ea3o qu\u00e1 tr\u00ecnh di\u1ec5n ra su\u00f4n s\u1ebb nh\u1ea5t.<\/div>\n    <\/div>\n    <div class=\"visa-step\">\n      <div class=\"step-number\">B\u01b0\u1edbc 5<\/div>\n      <div class=\"step-title\">Ho\u00e0n t\u1ea5t th\u1ee7 t\u1ee5c xin visa<\/div>\n      <div class=\"step-description\">Ngay sau khi c\u00f3 k\u1ebft qu\u1ea3, ch\u00fang t\u00f4i s\u1ebd li\u00ean h\u1ec7 ngay \u0111\u1ec3 th\u00f4ng b\u00e1o cho b\u1ea1n. H\u00e3y y\u00ean t\u00e2m, m\u1ecdi quy tr\u00ecnh \u0111\u1ec1u \u0111\u01b0\u1ee3c ch\u00fang t\u00f4i x\u1eed l\u00fd nhanh ch\u00f3ng v\u00e0 chu \u0111\u00e1o!<\/div>\n    <\/div>\n  <\/div>\n<\/section>\n\n\n\n<hr class=\"wp-block-separator has-text-color has-cyan-bluish-gray-color has-alpha-channel-opacity has-cyan-bluish-gray-background-color has-background\"\/>\n\n\n\n<!-- Visa Duration -->\n<section class=\"section\">\n  <div class=\"section-title\">Th\u1eddi gian x\u1eed l\u00fd visa<\/div>\n<div class=\"service-description\">\n  Th\u1eddi gian \u0111\u1ec3 ho\u00e0n t\u1ea5t th\u1ee7 t\u1ee5c xin visa th\u01b0\u1eddng kho\u1ea3ng <strong>2 tu\u1ea7n<\/strong>.<br>\n  Tuy nhi\u00ean, do l\u01b0\u1ee3ng h\u1ed3 s\u01a1 l\u1edbn ho\u1eb7c sai s\u00f3t trong h\u1ed3 s\u01a1, th\u1eddi gian c\u00f3 th\u1ec3 k\u00e9o d\u00e0i h\u01a1n.<br>\n  V\u00ec v\u1eady, ch\u00fang t\u00f4i khuy\u00ean b\u1ea1n n\u00ean chu\u1ea9n b\u1ecb tr\u01b0\u1edbc \u0111\u1ec3 \u0111\u1ea3m b\u1ea3o ph\u00f9 h\u1ee3p v\u1edbi ng\u00e0y d\u1ef1 ki\u1ebfn chuy\u1ebfn \u0111i c\u1ee7a m\u00ecnh.\n<\/div>\n<\/section>\n\n\n\n<hr class=\"wp-block-separator has-text-color has-cyan-bluish-gray-color has-alpha-channel-opacity has-cyan-bluish-gray-background-color has-background\"\/>\n\n\n\n<!-- FAQ -->\n<section class=\"section\">\n  <div class=\"section-title\">C\u00e2u h\u1ecfi th\u01b0\u1eddng g\u1eb7p<\/div>\n  <div class=\"faq\">\n\n    <div class=\"faq-item\">\n      <div class=\"faq-line q\">\n        <span class=\"faq-label\">Q.<\/span>\n        <span class=\"faq-text\">C\u00f3 tr\u01b0\u1eddng h\u1ee3p n\u00e0o kh\u00f4ng th\u1ec3 xin visa kh\u00f4ng?<\/span>\n      <\/div>\n      <div class=\"faq-line\">\n        <span class=\"faq-label\">A.<\/span>\n        <span class=\"faq-text\">Trong m\u1ed9t s\u1ed1 tr\u01b0\u1eddng h\u1ee3p, \u0111\u1ea1i s\u1ee9 qu\u00e1n c\u00f3 th\u1ec3 quy\u1ebft \u0111\u1ecbnh kh\u00f4ng c\u1ea5p visa.<br>\n        Tuy nhi\u00ean, n\u1ebfu b\u1ea1n \u0111\u00e1p \u1ee9ng \u0111\u1ea7y \u0111\u1ee7 c\u00e1c \u0111i\u1ec1u ki\u1ec7n c\u1ea7n thi\u1ebft, th\u00ec theo quy \u0111\u1ecbnh v\u1eabn s\u1ebd \u0111\u01b0\u1ee3c c\u1ea5p visa.<\/span>\n      <\/div>\n    <\/div>\n\n    <div class=\"faq-item\">\n      <div class=\"faq-line q\">\n        <span class=\"faq-label\">Q.<\/span>\n        <span class=\"faq-text\">Chi ph\u00ed h\u1ed7 tr\u1ee3 th\u1ee7 t\u1ee5c l\u00e0m gi\u1ea5y t\u1edd xin visa l\u00e0 bao nhi\u00eau (ch\u01b0a bao g\u1ed3m ph\u00ed xin visa)?<\/span>\n      <\/div>\n      <div class=\"faq-line\">\n        <span class=\"faq-label\">A.<\/span>\n        <span class=\"faq-text\">Ph\u00ed h\u1ed7 tr\u1ee3 c\u1ee7a ch\u00fang t\u00f4i dao \u0111\u1ed9ng t\u1eeb 170,000 \u0111\u1ebfn 340,000 VND,<br>\n        ch\u01b0a bao g\u1ed3m ph\u00ed l\u00e0m th\u1ee7 t\u1ee5c \u0111\u0103ng k\u00fd. Tr\u01b0\u1edbc khi th\u1ef1c hi\u1ec7n,<br>\n        ch\u00fang t\u00f4i s\u1ebd t\u01b0 v\u1ea5n mi\u1ec5n ph\u00ed \u0111\u1ec3 g\u1eedi \u0111\u1ebfn b\u1ea1n b\u1ea3ng b\u00e1o<br>\n        gi\u00e1 ch\u00ednh x\u00e1c v\u00e0 ph\u00f9 h\u1ee3p nh\u1ea5t v\u1edbi nhu c\u1ea7u c\u1ee7a m\u00ecnh.<\/span>\n      <\/div>\n    <\/div>\n\n    <div class=\"faq-item\">\n      <div class=\"faq-line q\">\n        <span class=\"faq-label\">Q.<\/span>\n        <span class=\"faq-text\">Kh\u00e1c g\u00ec so v\u1edbi vi\u1ec7c t\u1ef1 m\u00ecnh n\u1ed9p \u0111\u01a1n?<\/span>\n      <\/div>\n      <div class=\"faq-line\">\n        <span class=\"faq-label\">A.<\/span>\n        <span class=\"faq-text\">V\u1edbi \u0111\u1ed9i ng\u0169 nh\u00e2n vi\u00ean ng\u01b0\u1eddi Vi\u1ec7t gi\u00e0u kinh nghi\u1ec7m ph\u1ed1i h\u1ee3p c\u00f9ng nh\u00e2n vi\u00ean c\u1ee7a c\u00f4ng ty du l\u1ecbch Nh\u1eadt B\u1ea3n,<br>\n        ch\u00fang t\u00f4i s\u1ebd h\u1ed7 tr\u1ee3 b\u1ea1n chu\u1ea9n b\u1ecb h\u1ed3 s\u01a1 m\u1ed9t c\u00e1ch t\u1ed1i \u01b0u nh\u1ea5t.<br>\n        \u0110i\u1ec1u n\u00e0y gi\u00fap gi\u1ea3m thi\u1ec3u c\u00f4ng s\u1ee9c v\u00e0 nh\u1eefng c\u0103ng th\u1eb3ng kh\u00f4ng c\u1ea7n thi\u1ebft trong qu\u00e1 tr\u00ecnh xin visa.<\/span>\n      <\/div>\n    <\/div>\n\n    <div class=\"faq-item\">\n      <div class=\"faq-line q\">\n        <span class=\"faq-label\">Q.<\/span>\n        <span class=\"faq-text\">N\u1ebfu kh\u00f4ng xin \u0111\u01b0\u1ee3c visa, t\u00f4i c\u00f3 \u0111\u01b0\u1ee3c ho\u00e0n ti\u1ec1n kh\u00f4ng?<\/span>\n      <\/div>\n      <div class=\"faq-line\">\n        <span class=\"faq-label\">A.<\/span>\n        <span class=\"faq-text\">Ph\u00ed d\u1ecbch v\u1ee5 h\u1ed7 tr\u1ee3 xin visa (bao g\u1ed3m chu\u1ea9n b\u1ecb h\u1ed3 s\u01a1, t\u01b0 v\u1ea5n, vv) kh\u00f4ng ho\u00e0n l\u1ea1i,<br>\n        b\u1ea5t k\u1ec3 k\u1ebft qu\u1ea3 xin visa ra sao. Ngo\u00e0i ra, ph\u00ed d\u1ecbch v\u1ee5 n\u1ed9p cho c\u01a1 quan xin visa c\u0169ng kh\u00f4ng \u0111\u01b0\u1ee3c ho\u00e0n tr\u1ea3.<br>\n        V\u1ec1 kho\u1ea3n ph\u00ed cho chuy\u1ebfn \u0111i (v\u00e9 m\u00e1y bay, kh\u00e1ch s\u1ea1n, vv),<br>\n        ch\u00fang t\u00f4i s\u1ebd ph\u1ea3n h\u1ed3i theo quy \u0111\u1ecbnh c\u1ee7a ch\u00ednh s\u00e1ch h\u1ee7y b\u1ecf t\u1ea1i th\u1eddi \u0111i\u1ec3m b\u1ea1n y\u00eau c\u1ea7u.<\/span>\n      <\/div>\n    <\/div>\n\n  <\/div>\n<\/section>\n\n\n\n<hr class=\"wp-block-separator has-text-color has-cyan-bluish-gray-color has-alpha-channel-opacity has-cyan-bluish-gray-background-color has-background is-style-default\"\/>\n\n\n\n<!-- Visa Cost -->\n<section class=\"section\">\n  <div class=\"section-title\">Chi ph\u00ed tham kh\u1ea3o khi xin visa<\/div>\n  <div style=\"\n    display: flex;\n    justify-content: center;\n    align-items: stretch;\n    flex-wrap: wrap;\n    gap: 8px;\n    margin-top: 30px;\n  \">\n    <div class=\"visa-step\" style=\"width: 320px;\">\n      <div class=\"step-title\">Ph\u00ed h\u1ed7 tr\u1ee3<\/div>\n      <div class=\"step-description\">\n  Ph\u00ed h\u1ed7 tr\u1ee3 c\u1ee7a ch\u00fang t\u00f4i dao \u0111\u1ed9ng t\u1eeb <br><strong>170,000 \u0111\u1ebfn 340,000 VND<\/strong>,<br>\n  ch\u01b0a bao g\u1ed3m ph\u00ed l\u00e0m th\u1ee7 t\u1ee5c \u0111\u0103ng k\u00fd.<br>\n  Tr\u01b0\u1edbc khi th\u1ef1c hi\u1ec7n, ch\u00fang t\u00f4i s\u1ebd t\u01b0 v\u1ea5n mi\u1ec5n ph\u00ed \u0111\u1ec3 g\u1eedi \u0111\u1ebfn b\u1ea1n b\u1ea3ng b\u00e1o gi\u00e1<br>\n  ch\u00ednh x\u00e1c v\u00e0 ph\u00f9 h\u1ee3p nh\u1ea5t v\u1edbi nhu c\u1ea7u c\u1ee7a m\u00ecnh.\n<\/div>\n    <\/div>\n\n    <!-- Plus Icon -->\n    <div style=\"\n      display: flex;\n      align-items: center;\n      justify-content: center;\n      font-size: 1.8em;\n      color: #0073e6;\n      padding: 0 5px;\n    \">\uff0b<\/div>\n\n    <div class=\"visa-step\" style=\"width: 320px;\">\n      <div class=\"step-title\">Ph\u00ed n\u1ed9p h\u1ed3 s\u01a1 t\u1ea1i \u0111\u1ea1i l\u00fd xin visa \u0111\u01b0\u1ee3c \u1ee7y quy\u1ec1n ch\u00ednh th\u1ee9c, do \u0111\u1ea1i s\u1ee9 qu\u00e1n ch\u1ea5p nh\u1eadn.<\/div>\n      <div class=\"step-description\">\n  Ph\u00ed n\u1ed9p h\u1ed3 s\u01a1 t\u1ea1i t\u1ed5 ch\u1ee9c \u0111\u1ea1i l\u00fd \u1ee7y quy\u1ec1n ch\u00ednh th\u1ee9c,<br>\n  \u0111\u00e3 bao g\u1ed3m c\u1ea3 ph\u00ed n\u1ed9p h\u1ed3 s\u01a1 t\u1ea1i \u0111\u1ea1i s\u1ee9 qu\u00e1n, th\u01b0\u1eddng kho\u1ea3ng <strong>2.000.000 VND<\/strong>.<br>\n  M\u1ee9c ph\u00ed c\u00f3 th\u1ec3 thay \u0111\u1ed5i t\u00f9y thu\u1ed9c v\u00e0o n\u1ed9i dung h\u1ed3 s\u01a1 c\u1ee7a b\u1ea1n.\n<\/div>\n    <\/div>\n  <\/div>\n<\/section>\n\n\n\n<section class=\"section visa-docs\" id=\"visa-docs-updated\" style=\"background:#f9f9f9; padding:40px 20px;\">\n  <h2 class=\"section-title\">Danh s\u00e1ch gi\u1ea5y t\u1edd c\u1ea7n thi\u1ebft \u0111\u1ec3 xin visa (du l\u1ecbch c\u00e1 nh\u00e2n)<\/h2>\n  <ul id=\"documents-list\" class=\"doc-list\">\n    <!-- JavaScript s\u1ebd ch\u00e8n n\u1ed9i dung t\u1ea1i \u0111\u00e2y -->\n  <\/ul>\n  <p class=\"note\">\u203b Trong qu\u00e1 tr\u00ecnh x\u00e9t duy\u1ec7t c\u1ee7a \u0111\u1ea1i s\u1ee9 qu\u00e1n, c\u00f3 th\u1ec3 y\u00eau c\u1ea7u b\u1ed5 sung c\u00e1c gi\u1ea5y t\u1edd kh\u00e1c. B\u1ea1n n\u00ean chu\u1ea9n b\u1ecb \u0111\u1ea7y \u0111\u1ee7 \u0111\u1ec3 kh\u00f4ng g\u1eb7p tr\u1edf ng\u1ea1i.<\/p>\n<\/section>\n\n<style>\n  .doc-list {\n    list-style: none;\n    padding-left: 0;\n    max-width: 800px;\n    margin: 0 auto;\n  }\n\n  .doc-item {\n    margin-bottom: 20px;\n    padding: 10px;\n    background: #fff;\n    border-radius: 8px;\n    display: flex;\n    align-items: flex-start;\n  }\n\n  .doc-item input[type=checkbox] {\n    margin-right: 12px;\n    margin-top: 4px;\n  }\n\n  .doc-item strong {\n    font-size: 1.05em;\n    color: #279743; \/* \u3044\u3064\u3082\u306e\u7dd1\u306b\u5909\u66f4 *\/\n  }\n\n  .doc-desc {\n    margin: 0;\n    font-size: 0.95em;\n    color: #444;\n  }\n\n  .note {\n    text-align: center;\n    font-size: 0.9em;\n    color: #555;\n  }\n\n  .section-title {\n    color: #279743; \/* \u30bb\u30af\u30b7\u30e7\u30f3\u30bf\u30a4\u30c8\u30eb\u3082\u7dd1\u306b\u5909\u66f4\u3059\u308b\u5834\u5408\u306f\u3053\u3053 *\/\n  }\n<\/style>\n\n<script>\n  document.addEventListener('DOMContentLoaded', () => {\n    const docs = [\n      {\n        title: 'H\u1ed9 chi\u1ebfu (b\u1ea3n g\u1ed1c)',\n        desc: 'C\u00f2n hi\u1ec7u l\u1ef1c \u00edt nh\u1ea5t 6 th\u00e1ng t\u00ednh t\u1eeb ng\u00e0y d\u1ef1 \u0111\u1ecbnh nh\u1eadp c\u1ea3nh, c\u00f2n \u00edt nh\u1ea5t 2 trang tr\u1eafng cho visa.'\n      },\n      {\n        title: '\u0110\u01a1n xin visa',\n        desc: 'D\u00e1n \u1ea3nh c\u1ee1 4.5\u00d73.5 cm, ch\u1eef k\u00fd tr\u00f9ng kh\u1edbp v\u1edbi h\u1ed9 chi\u1ebfu. Ghi t\u00ean sau \u1ea3nh, kh\u00f4ng d\u00f9ng b\u1ea5m ghim.'\n      },\n      {\n        title: '\u1ea2nh th\u1ebb',\n        desc: '\u1ea2nh k\u00edch th\u01b0\u1edbc 4.5cm chi\u1ec1u d\u1ecdc, 3.5cm chi\u1ec1u ngang, ch\u1ee5p trong v\u00f2ng 6 th\u00e1ng g\u1ea7n nh\u1ea5t, n\u1ec1n tr\u01a1n m\u00e0u, kh\u00f4ng ch\u1ec9nh s\u1eeda, r\u00f5 r\u00e0ng ph\u1ea7n tai, v\u00e0 kh\u00f4ng \u0111eo k\u00ednh.'\n      },\n      {\n        title: 'Th\u01b0 x\u00e1c nh\u1eadn c\u00f4ng t\u00e1c',\n        desc: 'B\u1ea3n g\u1ed1c ghi r\u00f5 th\u1eddi gian l\u00e0m vi\u1ec7c, ch\u1ee9c v\u1ee5 v\u00e0 m\u1ee9c l\u01b0\u01a1ng b\u1eb1ng ti\u1ebfng Anh ho\u1eb7c ti\u1ebfng Nh\u1eadt.'\n      },\n      {\n        title: 'H\u1ed3 s\u01a1 ch\u1ee9ng minh t\u00e0i ch\u00ednh',\n        desc: 'B\u1ea3n sao l\u01b0u \u200b\u200bg\u1ea7n nh\u1ea5t c\u1ee7a h\u1ed3 s\u01a1 giao d\u1ecbch ng\u00e2n h\u00e0ng trong 6 th\u00e1ng ho\u1eb7c gi\u1ea5y x\u00e1c nh\u1eadn s\u1ed1 d\u01b0 ti\u1ec1n g\u1eedi, ho\u1eb7c gi\u1ea5y ch\u1ee9ng nh\u1eadn thu nh\u1eadp do c\u01a1 quan c\u00f3 th\u1ea9m quy\u1ec1n c\u1ea5p.'\n      },\n      {\n        title: 'L\u1ecbch tr\u00ecnh chuy\u1ebfn \u0111i',\n        desc: 'L\u1ecbch tr\u00ecnh chi ti\u1ebft trong th\u1eddi gian \u1edf Nh\u1eadt (ng\u00e0y, \u0111\u1ecba \u0111i\u1ec3m, ho\u1ea1t \u0111\u1ed9ng).'\n      },\n      {\n        title: 'X\u00e1c nh\u1eadn \u0111\u1eb7t ch\u1ed7 l\u01b0u tr\u00fa',\n        desc: 'T\u00e0i li\u1ec7u ch\u1ee9ng minh \u0111\u00e3 \u0111\u1eb7t ph\u00f2ng kh\u00e1ch s\u1ea1n ho\u1eb7c nh\u00e0 ngh\u1ec9 (c\u0169ng c\u00f3 th\u1ec3 l\u00e0 do c\u00f4ng ty du l\u1ecbch c\u1ea5p).'\n      },\n      {\n        title: 'T\u00e0i li\u1ec7u ch\u1ee9ng minh m\u1ed1i quan h\u1ec7 (d\u00e0nh cho tr\u01b0\u1eddng h\u1ee3p \u0111i du l\u1ecbch theo nh\u00f3m).',\n        desc: 'Th\u00e2n nh\u00e2n: Gi\u1ea5y khai sinh ho\u1eb7c gi\u1ea5y ch\u1ee9ng nh\u1eadn k\u1ebft h\u00f4n. B\u1ea1n b\u00e8, ng\u01b0\u1eddi quen: \u1ea2nh ch\u00e2n dung ch\u1ee5p chung ho\u1eb7c c\u00e1c t\u00e0i li\u1ec7u x\u00e1c nh\u1eadn kh\u00e1c. \u0110\u1ed1i v\u1edbi nh\u00f3m tr\u00ean 3 ng\u01b0\u1eddi, vui l\u00f2ng \u0111\u00ednh k\u00e8m s\u01a1 \u0111\u1ed3 ho\u1eb7c s\u01a1 l\u01b0\u1ee3c.'\n      }\n    ];\n\n    const ul = document.getElementById('documents-list');\n    docs.forEach(({title, desc}, idx) => {\n      const li = document.createElement('li');\n      li.className = 'doc-item';\n      li.innerHTML = `\n        <input type=\"checkbox\" id=\"doc-${idx}\">\n        <div>\n          <strong>${title}<\/strong>\n          <p class=\"doc-desc\">${desc}<\/p>\n        <\/div>`;\n      ul.appendChild(li);\n    });\n  });\n<\/script>\n\n\n\n\n\n<!-- Li\u00ean h\u1ec7 -->\n<section class=\"section contact-section\">\n  <div class=\"contact-container\">\n    \n    <!-- \u25bc \u5de6\uff1a\u8aac\u660e\u6587 -->\n    <div class=\"contact-text\">\n      <div class=\"section-title\">Li\u00ean h\u1ec7 h\u1ed7 tr\u1ee3 v\u1ec1 visa t\u1ea1i \u0111\u00e2y<\/div>\n      <div class=\"contact-box\">\n        <p>\n          <strong>\ud83d\udce7 Email:<\/strong>\n          <a href=\"mailto:linh@miojp.com?subject=Li\u00ean h\u1ec7 h\u1ed7 tr\u1ee3 visa&body=C\u1ea3m \u01a1n b\u1ea1n \u0111\u00e3 li\u00ean h\u1ec7 v\u1edbi ch\u00fang t\u00f4i.%0A%0A\u0110\u1ec3 ch\u00fang t\u00f4i c\u00f3 th\u1ec3 h\u1ed7 tr\u1ee3 t\u1ed1t nh\u1ea5t, vui l\u00f2ng cung c\u1ea5p c\u00e1c th\u00f4ng tin sau:%0A%0A\u30fbH\u1ecd t\u00ean:%0A\u30fbTh\u1eddi gian d\u1ef1 ki\u1ebfn \u0111i Nh\u1eadt:%0A\u30fbN\u1ed9i dung h\u1ed7 tr\u1ee3 mong mu\u1ed1n:%0A%0AN\u1ebfu b\u1ea1n c\u00f3 b\u1ea5t k\u1ef3 th\u1eafc m\u1eafc hay y\u00eau c\u1ea7u n\u00e0o, xin \u0111\u1eebng ng\u1ea7n ng\u1ea1i li\u00ean h\u1ec7 v\u1edbi ch\u00fang t\u00f4i.\"\n             style=\"color: #279743; text-decoration: underline;\">\n            \u2192 G\u1eedi email t\u1ea1i \u0111\u00e2y\n          <\/a>\n        <\/p>\n        <p>\n          <strong>\ud83d\udcde \u0110i\u1ec7n tho\u1ea1i:<\/strong>\n          <a href=\"tel:+84984018165\" style=\"color: #279743; text-decoration: underline;\">+84 984018165<\/a>\n        <\/p>\n        <div class=\"contact-person\">\n          <strong>\ud83d\udc64 Ng\u01b0\u1eddi ph\u1ee5 tr\u00e1ch:<\/strong><br>\n          <span>Linh Nguy\u1ec5n Th\u1ecb Mai<\/span>\n        <\/div>\n        <p class=\"contact-caption\">\n          \u203bVui l\u00f2ng cung c\u1ea5p c\u00e1c th\u00f4ng tin sau khi li\u00ean h\u1ec7:\n        <\/p>\n        <ul>\n          <li>H\u1ecd t\u00ean<\/li>\n          <li>Th\u1eddi gian d\u1ef1 ki\u1ebfn \u0111i Nh\u1eadt<\/li>\n          <li>N\u1ed9i dung h\u1ed7 tr\u1ee3 mong mu\u1ed1n<\/li>\n        <\/ul>\n      <\/div>\n    <\/div>\n\n    <!-- \u25bc \u53f3\uff1a\u753b\u50cf -->\n    <div class=\"contact-image\">\n      <img decoding=\"async\" src=\"https:\/\/www.trip-japan-ylp.com\/wp-content\/uploads\/2025\/07\/rin.jpg\" alt=\"Li\u00ean h\u1ec7 h\u1ed7 tr\u1ee3 visa\" \/>\n    <\/div>\n  <\/div>\n<\/section>\n\n<style>\n  \/* \ud83d\udd32 \u6a2a\u4e26\u3073\u306e\u30b3\u30f3\u30c6\u30ca *\/\n  .contact-container {\n    display: flex;\n    flex-wrap: wrap;\n    align-items: flex-start;\n    justify-content: space-between;\n    gap: 20px;\n    margin-top: 30px;\n  }\n\n  \/* \ud83d\udd32 \u5de6\u5074\u30c6\u30ad\u30b9\u30c8\u90e8\u5206 *\/\n  .contact-text {\n    flex: 1 1 400px;\n    max-width: 500px;\n  }\n\n  \/* \ud83d\udd32 \u53f3\u5074\u753b\u50cf\u90e8\u5206 *\/\n  .contact-image {\n    flex: 1 1 300px;\n    max-width: 400px;\n    text-align: center;\n  }\n\n  .contact-image img {\n    max-width: 100%;\n    border-radius: 12px;\n    box-shadow: 0 4px 10px rgba(0,0,0,0.05);\n  }\n\n  \/* \ud83d\udce6 \u30b3\u30f3\u30bf\u30af\u30c8\u30dc\u30c3\u30af\u30b9\uff08\u65e2\u5b58\u30c7\u30b6\u30a4\u30f3\u3092\u6d3b\u304b\u3057\u3064\u3064\uff09 *\/\n  .contact-box {\n    background: #e8f5e9;\n    border: 2px solid #279743;\n    border-radius: 12px;\n    padding: 25px 30px;\n    margin-top: 20px;\n    font-size: 1.1em;\n    color: #279743;\n    text-align: left;\n    box-shadow: 0 4px 10px rgba(0,0,0,0.05);\n    max-width: 100%;\n    width: 100%;\n    box-sizing: border-box;\n  }\n\n  .contact-box ul {\n    margin: 5px 0 0 1em;\n    padding-left: 0.5em;\n    font-size: 0.95em;\n    color: #000;\n  }\n\n  .contact-caption {\n    margin: 0;\n    font-size: 0.95em;\n    color: #000;\n    white-space: nowrap;\n  }\n\n  .contact-person {\n    margin: 0 0 10px 0;\n    font-size: 1em;\n    color: #279743;\n  }\n\n  .contact-person span {\n    display: inline-block;\n    margin-left: 1.8em;\n  }\n\n  \/* \ud83d\udd27 PC\u5e45\u5e83\u3081\u30ec\u30a4\u30a2\u30a6\u30c8\u7528 *\/\n  @media (min-width: 480px) {\n    .contact-box {\n      max-width: 480px;\n      margin-left: auto;\n      margin-right: auto;\n    }\n    .contact-person span {\n      margin-left: 0.5em;\n      display: inline;\n    }\n  }\n\n  \/* \ud83d\udcf1 \u30b9\u30de\u30db\u306f\u7e26\u4e26\u3073 *\/\n  @media (max-width: 768px) {\n    .contact-container {\n      flex-direction: column;\n      align-items: center;\n    }\n    .contact-text, .contact-image {\n      max-width: 100%;\n      text-align: center;\n    }\n    .contact-box {\n      padding: 20px;\n    }\n    .contact-caption {\n      white-space: normal;\n    }\n  }\n<\/style>\n","protected":false},"excerpt":{"rendered":"<p>D\u1ecbch v\u1ee5 h\u1ed7 tr\u1ee3 xin visa c\u1ee7a ch\u00fang t\u00f4i l\u00e0 g\u00ec? B\u1ea1n mu\u1ed1n du l\u1ecbch Nh\u1eadt B\u1ea3n v\u00e0 kh\u00e1m ph\u00e1 n\u00e9t \u0111\u1eb9p tuy\u1ec7t v\u1eddi c\u1ee7a \u0111\u1ea5t n [&hellip;]<\/p>\n","protected":false},"author":1,"featured_media":0,"parent":0,"menu_order":0,"comment_status":"closed","ping_status":"closed","template":"","meta":{"_uag_custom_page_level_css":"","vkexunit_cta_each_option":"","footnotes":""},"class_list":["post-207","page","type-page","status-publish","hentry"],"uagb_featured_image_src":{"full":false,"thumbnail":false,"medium":false,"medium_large":false,"large":false,"1536x1536":false,"2048x2048":false,"post-thumbnail":false},"uagb_author_info":{"display_name":"admin","author_link":"https:\/\/trip-japan-ylp.com\/?author=1"},"uagb_comment_info":0,"uagb_excerpt":"D\u1ecbch v\u1ee5 h\u1ed7 tr\u1ee3 xin visa c\u1ee7a ch\u00fang t\u00f4i l\u00e0 g\u00ec? B\u1ea1n mu\u1ed1n d&hellip;","_links":{"self":[{"href":"https:\/\/trip-japan-ylp.com\/index.php?rest_route=\/wp\/v2\/pages\/207","targetHints":{"allow":["GET"]}}],"collection":[{"href":"https:\/\/trip-japan-ylp.com\/index.php?rest_route=\/wp\/v2\/pages"}],"about":[{"href":"https:\/\/trip-japan-ylp.com\/index.php?rest_route=\/wp\/v2\/types\/page"}],"author":[{"embeddable":true,"href":"https:\/\/trip-japan-ylp.com\/index.php?rest_route=\/wp\/v2\/users\/1"}],"replies":[{"embeddable":true,"href":"https:\/\/trip-japan-ylp.com\/index.php?rest_route=%2Fwp%2Fv2%2Fcomments&post=207"}],"version-history":[{"count":2,"href":"https:\/\/trip-japan-ylp.com\/index.php?rest_route=\/wp\/v2\/pages\/207\/revisions"}],"predecessor-version":[{"id":1027,"href":"https:\/\/trip-japan-ylp.com\/index.php?rest_route=\/wp\/v2\/pages\/207\/revisions\/1027"}],"wp:attachment":[{"href":"https:\/\/trip-japan-ylp.com\/index.php?rest_route=%2Fwp%2Fv2%2Fmedia&parent=207"}],"curies":[{"name":"wp","href":"https:\/\/api.w.org\/{rel}","templated":true}]}}