{"id":212,"date":"2025-08-14T15:43:45","date_gmt":"2025-08-14T06:43:45","guid":{"rendered":"https:\/\/trip-japan-ylp.com\/?page_id=212"},"modified":"2025-10-30T13:56:20","modified_gmt":"2025-10-30T04:56:20","slug":"contact-form","status":"publish","type":"page","link":"https:\/\/trip-japan-ylp.com\/?page_id=212","title":{"rendered":"Contact_VN"},"content":{"rendered":"\n<p class=\"has-text-align-center has-huge-font-size\"><strong>Bi\u1ec3u m\u1eabu li\u00ean h\u1ec7<\/strong><\/p>\n\n\n\n<script type=\"text\/javascript\">\ndocument.onkeydown = function (event){\n\u2002\u2002if( event.target.tagName == 'INPUT' && event.keyCode == 13 ){\n\u2002\u2002\u2002\u2002return false;\n\u2002\u2002}\n}\n<\/script>\n\n\n\n<div class=\"wpcf7 no-js\" id=\"wpcf7-f276-o1\" lang=\"ja\" dir=\"ltr\" data-wpcf7-id=\"276\">\n<div class=\"screen-reader-response\"><p role=\"status\" aria-live=\"polite\" aria-atomic=\"true\"><\/p> <ul><\/ul><\/div>\n<form action=\"\/index.php?rest_route=%2Fwp%2Fv2%2Fpages%2F212#wpcf7-f276-o1\" method=\"post\" class=\"wpcf7-form init\" aria-label=\"Contact form\" novalidate=\"novalidate\" data-status=\"init\">\n<fieldset class=\"hidden-fields-container\"><input type=\"hidden\" name=\"_wpcf7\" value=\"276\" \/><input type=\"hidden\" name=\"_wpcf7_version\" value=\"6.1.3\" \/><input type=\"hidden\" name=\"_wpcf7_locale\" value=\"ja\" \/><input type=\"hidden\" name=\"_wpcf7_unit_tag\" value=\"wpcf7-f276-o1\" \/><input type=\"hidden\" name=\"_wpcf7_container_post\" value=\"0\" \/><input type=\"hidden\" name=\"_wpcf7_posted_data_hash\" value=\"\" \/><input type=\"hidden\" name=\"_wpcf7_recaptcha_response\" value=\"\" \/>\n<\/fieldset>\n<div class=\"cf7-form-container\">\n\t<div class=\"cf7-field\">\n\t\t<p><label>H\u1ecd v\u00e0 t\u00ean (b\u1eaft bu\u1ed9c)<\/label><br \/>\n<span class=\"wpcf7-form-control-wrap\" data-name=\"your-name\"><input size=\"40\" maxlength=\"400\" class=\"wpcf7-form-control wpcf7-text wpcf7-validates-as-required\" aria-required=\"true\" aria-invalid=\"false\" placeholder=\"V\u00ed d\u1ee5: Yamada Tarou\" value=\"\" type=\"text\" name=\"your-name\" \/><\/span>\n\t\t<\/p>\n\t<\/div>\n\t<div class=\"cf7-field\">\n\t\t<p><label>\u0110\u1ecba ch\u1ec9 Email <span class=\"required\">(b\u1eaft bu\u1ed9c)<\/span><\/label><br \/>\n<span class=\"wpcf7-form-control-wrap\" data-name=\"your-email\"><input size=\"40\" maxlength=\"400\" class=\"wpcf7-form-control wpcf7-email wpcf7-validates-as-required wpcf7-text wpcf7-validates-as-email\" aria-required=\"true\" aria-invalid=\"false\" placeholder=\"e.g., example@example.com\" value=\"\" type=\"email\" name=\"your-email\" \/><\/span>\n\t\t<\/p>\n\t<\/div>\n\t<div class=\"cf7-field\">\n\t\t<p><label>X\u00e1c nh\u1eadn \u0111\u1ecba ch\u1ec9 Email <span class=\"required\">(b\u1eaft bu\u1ed9c)<\/span><\/label><br \/>\n<span class=\"wpcf7-form-control-wrap\" data-name=\"your-email_confirm\"><input size=\"40\" maxlength=\"400\" class=\"wpcf7-form-control wpcf7-email wpcf7-validates-as-required wpcf7-text wpcf7-validates-as-email\" aria-required=\"true\" aria-invalid=\"false\" placeholder=\"Vui l\u00f2ng nh\u1eadp l\u1ea1i \u0111\u1ecba ch\u1ec9 email \u0111\u1ec3 x\u00e1c nh\u1eadn.\" value=\"\" type=\"email\" name=\"your-email_confirm\" \/><\/span>\n\t\t<\/p>\n\t<\/div>\n\t<div class=\"cf7-field\">\n\t\t<p><label>Lo\u1ea1i y\u00eau c\u1ea7u (b\u1eaft bu\u1ed9c)<\/label><br \/>\n<span class=\"wpcf7-form-control-wrap\" data-name=\"inquiry-type\"><select class=\"wpcf7-form-control wpcf7-select wpcf7-validates-as-required\" aria-required=\"true\" aria-invalid=\"false\" name=\"inquiry-type\"><option value=\"\u0110\u0103ng k\u00fd tour Ghibli\">\u0110\u0103ng k\u00fd tour Ghibli<\/option><option value=\"V\u1ec1 k\u1ebf ho\u1ea1ch du l\u1ecbch\">V\u1ec1 k\u1ebf ho\u1ea1ch du l\u1ecbch<\/option><option value=\"Y\u00eau c\u1ea7u b\u00e1o gi\u00e1\">Y\u00eau c\u1ea7u b\u00e1o gi\u00e1<\/option><option value=\"V\u1ec1 vi\u1ec7c xin th\u1ecb th\u1ef1c\">V\u1ec1 vi\u1ec7c xin th\u1ecb th\u1ef1c<\/option><option value=\"Kh\u00e1c\">Kh\u00e1c<\/option><\/select><\/span>\n\t\t<\/p>\n\t<\/div>\n\t<div class=\"cf7-field\">\n\t\t<p><label>N\u1ed9i dung y\u00eau c\u1ea7u<\/label><br \/>\n<span class=\"wpcf7-form-control-wrap\" data-name=\"your-message\"><textarea cols=\"40\" rows=\"10\" maxlength=\"2000\" class=\"wpcf7-form-control wpcf7-textarea\" aria-invalid=\"false\" placeholder=\"Vui l\u00f2ng ghi n\u1ed9i dung mong mu\u1ed1n ho\u1eb7c c\u00e2u h\u1ecfi c\u1ee7a b\u1ea1n\" name=\"your-message\"><\/textarea><\/span>\n\t\t<\/p>\n\t<\/div>\n\t<div class=\"cf7-field cf7-inline\">\n\t\t<p><label>Ng\u00e0y d\u1ef1 ki\u1ebfn \u0111i du l\u1ecbch:<\/label><br \/>\n<span class=\"wpcf7-form-control-wrap\" data-name=\"travel-start\"><input class=\"wpcf7-form-control wpcf7-date wpcf7-validates-as-date\" aria-invalid=\"false\" placeholder=\"Ng\u00e0y kh\u1edfi h\u00e0nh\" value=\"\" type=\"date\" name=\"travel-start\" \/><\/span> \uff5e <span class=\"wpcf7-form-control-wrap\" data-name=\"travel-end\"><input class=\"wpcf7-form-control wpcf7-date wpcf7-validates-as-date\" aria-invalid=\"false\" placeholder=\"Ng\u00e0y tr\u1edf v\u1ec1\" value=\"\" type=\"date\" name=\"travel-end\" \/><\/span>\n\t\t<\/p>\n\t<\/div>\n\t<div class=\"cf7-field\">\n\t\t<p><label>S\u1ed1 ng\u01b0\u1eddi<\/label><br \/>\n<span class=\"wpcf7-form-control-wrap\" data-name=\"your-people\"><input class=\"wpcf7-form-control wpcf7-number wpcf7-validates-as-number\" min=\"1\" aria-invalid=\"false\" placeholder=\"V\u00ed d\u1ee5: 2 ng\u01b0\u1eddi\" value=\"\" type=\"number\" name=\"your-people\" \/><\/span>\n\t\t<\/p>\n\t<\/div>\n\t<div class=\"cf7-field\">\n\t\t<p><label>Khu v\u1ef1c mong mu\u1ed1n<\/label><br \/>\n<span class=\"wpcf7-form-control-wrap\" data-name=\"your-area\"><span class=\"wpcf7-form-control wpcf7-checkbox\"><span class=\"wpcf7-list-item first\"><label><input type=\"checkbox\" name=\"your-area[]\" value=\"Nagoya\" \/><span class=\"wpcf7-list-item-label\">Nagoya<\/span><\/label><\/span><span class=\"wpcf7-list-item\"><label><input type=\"checkbox\" name=\"your-area[]\" value=\"Ise-Shima\" \/><span class=\"wpcf7-list-item-label\">Ise-Shima<\/span><\/label><\/span><span class=\"wpcf7-list-item\"><label><input type=\"checkbox\" name=\"your-area[]\" value=\"Shirakawa-go &amp; Takayama\" \/><span class=\"wpcf7-list-item-label\">Shirakawa-go &amp; Takayama<\/span><\/label><\/span><span class=\"wpcf7-list-item last\"><label><input type=\"checkbox\" name=\"your-area[]\" value=\"Kh\u00e1c\" \/><span class=\"wpcf7-list-item-label\">Kh\u00e1c<\/span><\/label><\/span><\/span><\/span>\n\t\t<\/p>\n\t<\/div>\n\t<div class=\"cf7-field\">\n\t\t<p><label>S\u1ed1 \u0111i\u1ec7n tho\u1ea1i<\/label><br \/>\n<span class=\"wpcf7-form-control-wrap\" data-name=\"your-tel\"><input size=\"40\" maxlength=\"400\" class=\"wpcf7-form-control wpcf7-tel wpcf7-text wpcf7-validates-as-tel\" aria-invalid=\"false\" placeholder=\"V\u00ed d\u1ee5: 090-1234-5678\" value=\"\" type=\"tel\" name=\"your-tel\" \/><\/span>\n\t\t<\/p>\n\t<\/div>\n\t<div class=\"cf7-field\">\n\t\t<p><label>V\u1ec1 vi\u1ec7c x\u1eed l\u00fd th\u00f4ng tin c\u00e1 nh\u00e2n<\/label>\n\t\t<\/p>\n\t\t<div class=\"privacy-policy-box\">\n\t\t\t<p><br \/>\n\u0110\u1ec3 b\u1ea3o v\u1ec7 th\u00f4ng tin c\u00e1 nh\u00e2n c\u1ee7a t\u1ea5t c\u1ea3 kh\u00e1ch h\u00e0ng, c\u00f4ng ty ch\u00fang t\u00f4i th\u1ef1c hi\u1ec7n c\u00e1c cam k\u1ebft v\u1ec1 vi\u1ec7c x\u1eed l\u00fd th\u00f4ng tin nh\u01b0 sau:\n\t\t\t<\/p>\n\n <!-- \u898b\u51fa\u3057\uff1a\u500b\u4eba\u60c5\u5831\u306e\u5229\u7528\u76ee\u7684 -->\n\t\t\t<div style=\"font-weight: bold; text-decoration: underline; margin: 30px 0 10px;\">\n\t\t\t\t<p>1. M\u1ee5c \u0111\u00edch s\u1eed d\u1ee5ng th\u00f4ng tin c\u00e1 nh\u00e2n\n\t\t\t\t<\/p>\n\t\t\t<\/div>\n\t\t\t<p><br \/>\nCh\u00fang t\u00f4i s\u1eed d\u1ee5ng th\u00f4ng tin c\u00e1 nh\u00e2n thu th\u1eadp \u0111\u01b0\u1ee3c t\u1eeb bi\u1ec3u m\u1eabu li\u00ean h\u1ec7 (Contact Form) cho c\u00e1c m\u1ee5c \u0111\u00edch sau:\n\t\t\t<\/p>\n\t\t\t<div style=\"margin-bottom: 15px;\">\n\t\t\t\t<p>(1) Tr\u01b0\u1eddng h\u1ee3p thu th\u1eadp tr\u1ef1c ti\u1ebfp th\u00f4ng tin c\u00e1 nh\u00e2n t\u1eeb ch\u00ednh ch\u1ee7 qua v\u0103n b\u1ea3n (bao g\u1ed3m trang ch\u1ee7, email, v.v.):\n\t\t\t\t<\/p>\n\t\t\t\t<div style=\"margin-left: 1em; margin-top: 5px;\">\n\t\t\t\t\t<p>Th\u00f4ng tin kh\u00e1ch h\u00e0ng:\n\t\t\t\t\t<\/p>\n\t\t\t\t\t<div style=\"margin-left: 1em;\">\n\t\t\t\t\t\t<p>a) Th\u00f4ng tin li\u00ean l\u1ea1c c\u1ee7a kh\u00e1ch h\u00e0ng.\n\t\t\t\t\t\t<\/p>\n\t\t\t\t\t\t<p>b) S\u1eafp x\u1ebfp c\u00e1c d\u1ecbch v\u1ee5 du l\u1ecbch do c\u00e1c \u0111\u01a1n v\u1ecb v\u1eadn chuy\u1ec3n, l\u01b0u tr\u00fa cung c\u1ea5p v\u00e0 ti\u1ebfp nh\u1eadn c\u00e1c d\u1ecbch v\u1ee5 \u0111\u00f3.\n\t\t\t\t\t\t<\/p>\n\t\t\t\t\t\t<p>c) Th\u1ef1c hi\u1ec7n c\u00e1c th\u1ee7 t\u1ee5c c\u1ea7n thi\u1ebft cho chuy\u1ebfn du l\u1ecbch.\n\t\t\t\t\t\t<\/p>\n\t\t\t\t\t\t<p>d) Th\u1ef1c hi\u1ec7n th\u1ee7 t\u1ee5c b\u1ea3o hi\u1ec3m \u0111\u1ec3 \u0111\u1ea3m b\u1ea3o tr\u00e1ch nhi\u1ec7m h\u1ee3p \u0111\u1ed3ng du l\u1ecbch c\u1ee7a c\u00f4ng ty ho\u1eb7c chi ph\u00ed khi x\u1ea3y ra tai n\u1ea1n.\n\t\t\t\t\t\t<\/p>\n\t\t\t\t\t\t<p>e) Gi\u1edbi thi\u1ec7u s\u1ea3n ph\u1ea9m, d\u1ecbch v\u1ee5, c\u00e1c ch\u01b0\u01a1ng tr\u00ecnh khuy\u1ebfn m\u00e3i c\u1ee7a c\u00f4ng ty v\u00e0 c\u00e1c \u0111\u1ed1i t\u00e1c li\u00ean k\u1ebft.\n\t\t\t\t\t\t<\/p>\n\t\t\t\t\t\t<p>f) Thu th\u1eadp \u00fd ki\u1ebfn, c\u1ea3m nh\u1eadn sau khi kh\u00e1ch h\u00e0ng tham gia chuy\u1ebfn du l\u1ecbch.\n\t\t\t\t\t\t<\/p>\n\t\t\t\t\t\t<p>g) L\u00e0m phi\u1ec1n kh\u00e1ch h\u00e0ng th\u1ef1c hi\u1ec7n kh\u1ea3o s\u00e1t.\n\t\t\t\t\t\t<\/p>\n\t\t\t\t\t\t<p>h) Cung c\u1ea5p c\u00e1c d\u1ecbch v\u1ee5 \u01b0u \u0111\u00e3i.\n\t\t\t\t\t\t<\/p>\n\t\t\t\t\t\t<p>i) L\u1eadp s\u1ed1 li\u1ec7u th\u1ed1ng k\u00ea.\n\t\t\t\t\t\t<\/p>\n\t\t\t\t\t\t<p>j) Ph\u00e2n ph\u1ed1i qu\u1ea3ng c\u00e1o (*1).\n\t\t\t\t\t\t<\/p>\n\t\t\t\t\t\t<p>k) \u0110\u1ea3m b\u1ea3o an ninh th\u00f4ng tin.\n\t\t\t\t\t\t<\/p>\n\t\t\t\t\t<\/div>\n\t\t\t\t<\/div>\n\t\t\t<\/div>\n\t\t\t<div style=\"margin-bottom: 15px;\">\n\t\t\t\t<p>(2) Tr\u01b0\u1eddng h\u1ee3p thu th\u1eadp tr\u1ef1c ti\u1ebfp th\u00f4ng tin c\u00e1 nh\u00e2n kh\u00f4ng qua v\u0103n b\u1ea3n:\n\t\t\t\t<\/p>\n\t\t\t\t<div style=\"margin-left: 1em; margin-top: 5px;\">\n\t\t\t\t\t<p>Th\u00f4ng tin kh\u00e1ch h\u00e0ng (ghi \u00e2m cu\u1ed9c g\u1ecdi):\n\t\t\t\t\t<\/p>\n\t\t\t\t\t<div style=\"margin-left: 1em;\">\n\t\t\t\t\t\t<p>Ghi \u00e2m \u0111\u1ec3 x\u00e1c nh\u1eadn n\u1ed9i dung t\u01b0 v\u1ea5n v\u00e0 \u0111\u1eb7t ch\u1ed7 du l\u1ecbch, nh\u1eb1m th\u1ef1c hi\u1ec7n c\u00e1c m\u1ee5c \u0111\u00edch t\u1eeb a) \u0111\u1ebfn c) n\u00eau tr\u00ean.\n\t\t\t\t\t\t<\/p>\n\t\t\t\t\t<\/div>\n\t\t\t\t<\/div>\n\t\t\t<\/div>\n\t\t\t<div style=\"margin-bottom: 15px;\">\n\t\t\t\t<p>(3) Tr\u01b0\u1eddng h\u1ee3p thu th\u1eadp th\u00f4ng tin c\u00e1 nh\u00e2n b\u1eb1ng c\u00e1c ph\u01b0\u01a1ng ph\u00e1p kh\u00e1c ngo\u00e0i (1) v\u00e0 (2):\n\t\t\t\t<\/p>\n\t\t\t\t<div style=\"margin-left: 1em; margin-top: 5px;\">\n\t\t\t\t\t<p>Th\u00f4ng tin kh\u00e1ch h\u00e0ng (kh\u00f4ng c\u00f4ng khai):\n\t\t\t\t\t<\/p>\n\t\t\t\t\t<div style=\"margin-left: 1em;\">\n\t\t\t\t\t\t<p>\u0110\u1ec3 th\u1ef1c hi\u1ec7n c\u00e1c m\u1ee5c \u0111\u00edch t\u1eeb a) \u0111\u1ebfn d) n\u00eau tr\u00ean.\n\t\t\t\t\t\t<\/p>\n\t\t\t\t\t<\/div>\n\t\t\t\t<\/div>\n\t\t\t<\/div>\n\t\t\t<p style=\"font-size: 0.9em; color: #555;\"><br \/>\n*(1): C\u00f4ng ty c\u00f3 th\u1ec3 ti\u1ebfp nh\u1eadn th\u00f4ng tin li\u00ean quan \u0111\u1ebfn c\u00e1 nh\u00e2n nh\u01b0ng kh\u00f4ng ph\u1ea3i l\u00e0 th\u00f4ng tin c\u00e1 nh\u00e2n \u0111\u1ecbnh danh (bao g\u1ed3m l\u1ecbch s\u1eed mua h\u00e0ng, d\u1eef li\u1ec7u v\u1ecb tr\u00ed, l\u1ecbch s\u1eed duy\u1ec7t web, th\u00f4ng tin thi\u1ebft b\u1ecb, \u0111\u1ecba ch\u1ec9 IP qua Cookie, v.v.) t\u1eeb b\u00ean th\u1ee9 ba, \u0111\u1ed1i chi\u1ebfu v\u1edbi th\u00f4ng tin c\u00e1 nh\u00e2n \u0111ang s\u1edf h\u1eefu \u0111\u1ec3 ph\u00e1t tri\u1ec3n\/c\u1ea3i thi\u1ec7n s\u1ea3n ph\u1ea9m, c\u0169ng nh\u01b0 cung c\u1ea5p th\u00f4ng tin qu\u1ea3ng c\u00e1o ph\u00f9 h\u1ee3p v\u1edbi s\u1edf th\u00edch v\u00e0 xu h\u01b0\u1edbng c\u1ee7a kh\u00e1ch h\u00e0ng.\n\t\t\t<\/p>\n\n <!-- \u898b\u51fa\u3057\uff1a\u500b\u4eba\u60c5\u5831\u306e\u7b2c\u4e09\u8005\u63d0\u4f9b -->\n\t\t\t<div style=\"font-weight: bold; text-decoration: underline; margin: 30px 0 10px;\">\n\t\t\t\t<p>2. Cung c\u1ea5p th\u00f4ng tin c\u00e1 nh\u00e2n cho b\u00ean th\u1ee9 ba\n\t\t\t\t<\/p>\n\t\t\t<\/div>\n\t\t\t<p><br \/>\n(1) Trong ph\u1ea1m vi c\u1ea7n thi\u1ebft \u0111\u1ec3 s\u1eafp x\u1ebfp d\u1ecbch v\u1ee5 du l\u1ecbch ho\u1eb7c th\u1ee7 t\u1ee5c b\u1ea3o hi\u1ec3m, c\u00f4ng ty s\u1ebd cung c\u1ea5p c\u00e1c th\u00f4ng tin (h\u1ecd t\u00ean, gi\u1edbi t\u00ednh, tu\u1ed5i, \u0111\u1ecba ch\u1ec9, s\u1ed1 \u0111i\u1ec7n tho\u1ea1i ho\u1eb7c email, s\u1ed1 h\u1ed9 chi\u1ebfu, s\u1ed1 th\u1ebb t\u00edn d\u1ee5ng) cho c\u00e1c \u0111\u01a1n v\u1ecb v\u1eadn chuy\u1ec3n, l\u01b0u tr\u00fa, c\u00f4ng ty b\u1ea3o hi\u1ec3m v\u00e0 c\u00e1c \u0111\u1ea1i l\u00fd s\u1eafp x\u1ebfp trong v\u00e0 ngo\u00e0i n\u01b0\u1edbc b\u1eb1ng ph\u01b0\u01a1ng th\u1ee9c \u0111i\u1ec7n t\u1eed.\n\t\t\t<\/p>\n\t\t\t<p>(2) \u0110\u1ec3 t\u1ea1o thu\u1eadn l\u1ee3i cho vi\u1ec7c mua s\u1eafm c\u1ee7a kh\u00e1ch h\u00e0ng t\u1ea1i \u0111i\u1ec3m \u0111\u1ebfn, c\u00f4ng ty s\u1ebd cung c\u1ea5p d\u1eef li\u1ec7u c\u00e1 nh\u00e2n (h\u1ecd t\u00ean, s\u1ed1 h\u1ed9 chi\u1ebfu, s\u1ed1 hi\u1ec7u chuy\u1ebfn bay) cho c\u00e1c c\u1eeda h\u00e0ng mi\u1ec5n thu\u1ebf ho\u1eb7c c\u1eeda h\u00e0ng qu\u00e0 l\u01b0u ni\u1ec7m b\u1eb1ng ph\u01b0\u01a1ng th\u1ee9c \u0111i\u1ec7n t\u1eed.\n\t\t\t<\/p>\n\t\t\t<p><br \/>\nNgo\u00e0i c\u00e1c tr\u01b0\u1eddng h\u1ee3p n\u00eau tr\u00ean, ch\u00fang t\u00f4i kh\u00f4ng cung c\u1ea5p th\u00f4ng tin c\u00e1 nh\u00e2n cho b\u00ean th\u1ee9 ba, tr\u1eeb khi:\n\t\t\t<\/p>\n\t\t\t<div style=\"margin-left: 1em;\">\n\t\t\t\t<p>a) C\u00f3 s\u1ef1 \u0111\u1ed3ng \u00fd c\u1ee7a ch\u00ednh ch\u1ee7.\n\t\t\t\t<\/p>\n\t\t\t\t<p>b) Theo quy \u0111\u1ecbnh ph\u00e1p lu\u1eadt.\n\t\t\t\t<\/p>\n\t\t\t\t<p>c) C\u1ea7n thi\u1ebft \u0111\u1ec3 b\u1ea3o v\u1ec7 t\u00ednh m\u1ea1ng, th\u00e2n th\u1ec3 ho\u1eb7c t\u00e0i s\u1ea3n m\u00e0 kh\u00f3 c\u00f3 th\u1ec3 l\u1ea5y \u00fd ki\u1ebfn c\u1ee7a ch\u00ednh ch\u1ee7.\n\t\t\t\t<\/p>\n\t\t\t\t<p>d) C\u1ea7n thi\u1ebft \u0111\u1ec3 c\u1ea3i thi\u1ec7n s\u1ee9c kh\u1ecfe c\u1ed9ng \u0111\u1ed3ng ho\u1eb7c th\u00fac \u0111\u1ea9y s\u1ef1 ph\u00e1t tri\u1ec3n l\u00e0nh m\u1ea1nh c\u1ee7a tr\u1ebb em.\n\t\t\t\t<\/p>\n\t\t\t\t<p>e) Ph\u1ed1i h\u1ee3p v\u1edbi c\u01a1 quan nh\u00e0 n\u01b0\u1edbc ho\u1eb7c ch\u00ednh quy\u1ec1n \u0111\u1ecba ph\u01b0\u01a1ng th\u1ef1c hi\u1ec7n c\u00e1c nhi\u1ec7m v\u1ee5 ph\u00e1p \u0111\u1ecbnh.\n\t\t\t\t<\/p>\n\t\t\t\t<p>f) \u1ee6y th\u00e1c x\u1eed l\u00fd th\u00f4ng tin \u0111\u1ec3 v\u1eadn h\u00e0nh c\u00f4ng vi\u1ec7c tr\u00f4i ch\u1ea3y.\n\t\t\t\t<\/p>\n\t\t\t<\/div>\n \n\n <!-- \u898b\u51fa\u3057\uff1a\u500b\u4eba\u60c5\u5831\u306e\u59d4\u8a17\u306b\u3064\u3044\u3066 -->\n\t\t\t<div style=\"font-weight: bold; text-decoration: underline; margin: 30px 0 10px;\">\n\t\t\t\t<p>3. \u1ee6y th\u00e1c th\u00f4ng tin c\u00e1 nh\u00e2n\n\t\t\t\t<\/p>\n\t\t\t<\/div>\n\t\t\t<p><br \/>\n\u0110\u1ec3 cung c\u1ea5p d\u1ecbch v\u1ee5 t\u1ed1t h\u01a1n, ch\u00fang t\u00f4i c\u00f3 \u1ee7y th\u00e1c m\u1ed9t ph\u1ea7n nghi\u1ec7p v\u1ee5 cho b\u00ean th\u1ee9 ba. Ch\u00fang t\u00f4i l\u1ef1a ch\u1ecdn c\u00e1c \u0111\u01a1n v\u1ecb uy t\u00edn, k\u00fd k\u1ebft h\u1ee3p \u0111\u1ed3ng b\u1ea3o m\u1eadt v\u00e0 th\u1ef1c hi\u1ec7n gi\u00e1m s\u00e1t ch\u1eb7t ch\u1ebd \u0111\u1ec3 ng\u0103n ng\u1eeba r\u00f2 r\u1ec9 th\u00f4ng tin.\n\t\t\t<\/p>\n\n <!-- \u898b\u51fa\u3057\uff1a\u500b\u4eba\u60c5\u5831\u3092\u63d0\u4f9b\u3055\u308c\u308b\u3053\u3068\u306e\u4efb\u610f\u6027\u306b\u3064\u3044\u3066 -->\n\t\t\t<div style=\"font-weight: bold; text-decoration: underline; margin: 30px 0 10px;\">\n\t\t\t\t<p>4. T\u00ednh t\u1ef1 nguy\u1ec7n c\u1ee7a vi\u1ec7c cung c\u1ea5p th\u00f4ng tin\n\t\t\t\t<\/p>\n\t\t\t<\/div>\n\t\t\t<p><br \/>\nVi\u1ec7c cung c\u1ea5p th\u00f4ng tin c\u00e1 nh\u00e2n l\u00e0 ho\u00e0n to\u00e0n t\u1ef1 nguy\u1ec7n. Tuy nhi\u00ean, n\u1ebfu kh\u00e1ch h\u00e0ng kh\u00f4ng cung c\u1ea5p c\u00e1c th\u00f4ng tin thu\u1ed9c c\u00e1c h\u1ea1ng m\u1ee5c c\u1ea7n thi\u1ebft, m\u1ed9t s\u1ed1 d\u1ecbch v\u1ee5 c\u00f3 th\u1ec3 kh\u00f4ng \u0111\u01b0\u1ee3c th\u1ef1c hi\u1ec7n m\u1ed9t c\u00e1ch ph\u00f9 h\u1ee3p.\n\t\t\t<\/p>\n\n <!-- \u898b\u51fa\u3057\uff1a\u4fdd\u6709\u500b\u4eba\u30c7\u30fc\u30bf\u306e\u958b\u793a\u7b49\u306e\u8acb\u6c42\u7b49\u306b\u3064\u3044\u3066 -->\n\t\t\t<div style=\"font-weight: bold; text-decoration: underline; margin: 30px 0 10px;\">\n\t\t\t\t<p>5. Y\u00eau c\u1ea7u c\u00f4ng khai d\u1eef li\u1ec7u c\u00e1 nh\u00e2n \u0111ang l\u01b0u tr\u1eef\n\t\t\t\t<\/p>\n\t\t\t<\/div>\n\t\t\t<p><br \/>\nKh\u00e1ch h\u00e0ng c\u00f3 quy\u1ec1n y\u00eau c\u1ea7u th\u00f4ng b\u00e1o m\u1ee5c \u0111\u00edch s\u1eed d\u1ee5ng, c\u00f4ng khai, ch\u1ec9nh s\u1eeda, b\u1ed5 sung, x\u00f3a b\u1ecf ho\u1eb7c t\u1ea1m d\u1eebng s\u1eed d\u1ee5ng\/cung c\u1ea5p th\u00f4ng tin c\u00e1 nh\u00e2n. Vui l\u00f2ng li\u00ean h\u1ec7 qua bi\u1ec3u m\u1eabu (Contact Form) c\u1ee7a ch\u00fang t\u00f4i \u0111\u1ec3 \u0111\u01b0\u1ee3c h\u01b0\u1edbng d\u1eabn th\u1ee7 t\u1ee5c.\n\t\t\t<\/p>\n\n <!-- \u898b\u51fa\u3057\uff1a\u30af\u30c3\u30ad\u30fc\u306b\u3064\u3044\u3066 -->\n\t\t\t<div style=\"font-weight: bold; text-decoration: underline; margin: 30px 0 10px;\">\n\t\t\t\t<p>6. V\u1ec1 Cookie v\u00e0 Google Analytics\n\t\t\t\t<\/p>\n\t\t\t<\/div>\n\t\t\t<p><br \/>\nTrang web s\u1eed d\u1ee5ng Google Analytics \u0111\u1ec3 ph\u00e2n t\u00edch truy c\u1eadp. Google Analytics s\u1eed d\u1ee5ng Cookie \u0111\u1ec3 thu th\u1eadp d\u1eef li\u1ec7u \u1ea9n danh v\u00e0 kh\u00f4ng \u0111\u1ecbnh danh c\u00e1 nh\u00e2n. B\u1ea1n c\u00f3 th\u1ec3 t\u1eeb ch\u1ed1i b\u1eb1ng c\u00e1ch t\u1eaft Cookie trong c\u00e0i \u0111\u1eb7t tr\u00ecnh duy\u1ec7t.\n\t\t\t<\/p>\n\n <!-- \u672b\u5c3e\uff1a\u7ba1\u7406\u8005\u30fb\u9023\u7d61\u5148\u60c5\u5831 -->\n\t\t\t<div style=\"margin-top: 30px; border-top: 1px dashed #ccc; padding-top: 15px;\">\n\t\t\t\t<p>&lt;Ch\u1ecbu tr\u00e1ch nhi\u1ec7m qu\u1ea3n tr\u1ecb, b\u1ea3o v\u1ec7 th\u00f4ng tin c\u00e1 nh\u00e2n&gt;\n\t\t\t\t<\/p>\n\t\t\t\t<p>C\u00f4ng ty C\u1ed5 ph\u1ea7n Young Life Proposal\n\t\t\t\t<\/p>\n\t\t\t\t<p>Gi\u00e1m \u0111\u1ed1c \u0111\u1ea1i di\u1ec7n: Katsurayama Akimori\n\t\t\t\t<\/p>\n\t\t\t\t<p>&lt;B\u1ed9 ph\u1eadn ti\u1ebfp nh\u1eadn th\u00f4ng tin khi\u1ebfu n\u1ea1i v\u00e0 t\u01b0 v\u1ea5n&gt;\n\t\t\t\t<\/p>\n\t\t\t\t<p>Tel: 052-265-8131\n\t\t\t\t<\/p>\n\t\t\t\t<p>(Gi\u1edd l\u00e0m vi\u1ec7c: 9:30 \u2013 18:00, tr\u1eeb T7, CN v\u00e0 ng\u00e0y l\u1ec5)\n\t\t\t\t<\/p>\n\t\t\t<\/div>\n\t\t<\/div>\n\t<\/div>\n\n <!-- \u25bc\u25bc\u25bc \u540c\u610f\u30c1\u30a7\u30c3\u30af\u30dc\u30c3\u30af\u30b9 \u25bc\u25bc\u25bc -->\n\t<div class=\"cf7-field\">\n\t\t<p><span class=\"wpcf7-form-control-wrap\" data-name=\"acceptance-609\"><span class=\"wpcf7-form-control wpcf7-acceptance\"><span class=\"wpcf7-list-item\"><label><input type=\"checkbox\" name=\"acceptance-609\" value=\"1\" aria-invalid=\"false\" \/><span class=\"wpcf7-list-item-label\">T\u00f4i \u0111\u1ed3ng \u00fd v\u1edbi vi\u1ec7c s\u1eed d\u1ee5ng th\u00f4ng tin c\u00e1 nh\u00e2n<\/span><\/label><\/span><\/span><\/span>\n\t\t<\/p>\n\t<\/div>\n\n <!-- \u25bc\u25bc\u25bc \u8ffd\u52a0\uff1a\u6ce8\u610f\u66f8\u304d\u30c6\u30ad\u30b9\u30c8\uff08\u884c\u9593\u8a70\u3081\u8abf\u6574\u6e08\u307f\uff09 \u25bc\u25bc\u25bc -->\n\t<div class=\"cf7-field\" style=\"font-size: 0.9em; line-height: 1.4; margin-top: 10px; margin-bottom: 20px;\">\n\t\t<p>N\u1ed9i dung th\u00f4ng tin qu\u00fd kh\u00e1ch g\u1eedi qua m\u1ee5c li\u00ean h\u1ec7 n\u00e0y s\u1ebd \u0111\u01b0\u1ee3c ch\u00fang t\u00f4i x\u1eed l\u00fd theo \u0111\u00fang quy \u0111\u1ecbnh v\u1ec1 b\u1ea3o m\u1eadt th\u00f4ng tin c\u00e1 nh\u00e2n \u0111\u00e3 \u0111\u1ec1 ra. Chi ti\u1ebft vui l\u00f2ng xem t\u1ea1i m\u1ee5c 'V\u1ec1 vi\u1ec7c x\u1eed l\u00fd th\u00f4ng tin c\u00e1 nh\u00e2n'.\n\t\t<\/p>\n\t\t<p>Sau khi x\u00e1c nh\u1eadn n\u1ed9i dung, n\u1ebfu qu\u00fd kh\u00e1ch \u0111\u1ed3ng \u00fd, vui l\u00f2ng t\u00edch ch\u1ecdn v\u00e0o \u00f4 'T\u00f4i \u0111\u1ed3ng \u00fd v\u1edbi vi\u1ec7c s\u1eed d\u1ee5ng th\u00f4ng tin c\u00e1 nh\u00e2n' v\u00e0 nh\u1ea5n n\u00fat 'G\u1eedi \u0111i'.\n\t\t<\/p>\n\t<\/div>\n <!-- \u25b2\u25b2\u25b2 \u8ffd\u52a0\u3053\u3053\u307e\u3067 \u25b2\u25b2\u25b2 -->\n\t<div class=\"cf7-submit\">\n\t\t<p><input class=\"wpcf7-form-control wpcf7-submit has-spinner\" type=\"submit\" value=\"G\u1eedi\" \/>\n\t\t<\/p>\n\t<\/div>\n<\/div>\n<p><script>\ndocument.addEventListener( 'wpcf7mailsent', function( event ) {\n \/* \u3053\u3053\u3092\u30d9\u30c8\u30ca\u30e0\u8a9e\u306e\u30b5\u30f3\u30af\u30b9\u30da\u30fc\u30b8URL\u306b\u5909\u66f4\u3057\u3066\u304f\u3060\u3055\u3044 *\/\n location = 'https:\/\/trip-japan-ylp.com\/?page_id=2187';\n}, false );\n<\/script>\n<\/p><div class=\"wpcf7-response-output\" aria-hidden=\"true\"><\/div>\n<\/form>\n<\/div>\n\n","protected":false},"excerpt":{"rendered":"<p>Bi\u1ec3u m\u1eabu li\u00ean h\u1ec7<\/p>\n","protected":false},"author":1,"featured_media":0,"parent":0,"menu_order":0,"comment_status":"closed","ping_status":"closed","template":"","meta":{"_uag_custom_page_level_css":"","vkexunit_cta_each_option":"","footnotes":""},"class_list":["post-212","page","type-page","status-publish","hentry"],"uagb_featured_image_src":{"full":false,"thumbnail":false,"medium":false,"medium_large":false,"large":false,"1536x1536":false,"2048x2048":false,"post-thumbnail":false},"uagb_author_info":{"display_name":"admin","author_link":"https:\/\/trip-japan-ylp.com\/?author=1"},"uagb_comment_info":0,"uagb_excerpt":"Bi\u1ec3u m\u1eabu li\u00ean h\u1ec7","_links":{"self":[{"href":"https:\/\/trip-japan-ylp.com\/index.php?rest_route=\/wp\/v2\/pages\/212","targetHints":{"allow":["GET"]}}],"collection":[{"href":"https:\/\/trip-japan-ylp.com\/index.php?rest_route=\/wp\/v2\/pages"}],"about":[{"href":"https:\/\/trip-japan-ylp.com\/index.php?rest_route=\/wp\/v2\/types\/page"}],"author":[{"embeddable":true,"href":"https:\/\/trip-japan-ylp.com\/index.php?rest_route=\/wp\/v2\/users\/1"}],"replies":[{"embeddable":true,"href":"https:\/\/trip-japan-ylp.com\/index.php?rest_route=%2Fwp%2Fv2%2Fcomments&post=212"}],"version-history":[{"count":9,"href":"https:\/\/trip-japan-ylp.com\/index.php?rest_route=\/wp\/v2\/pages\/212\/revisions"}],"predecessor-version":[{"id":1437,"href":"https:\/\/trip-japan-ylp.com\/index.php?rest_route=\/wp\/v2\/pages\/212\/revisions\/1437"}],"wp:attachment":[{"href":"https:\/\/trip-japan-ylp.com\/index.php?rest_route=%2Fwp%2Fv2%2Fmedia&parent=212"}],"curies":[{"name":"wp","href":"https:\/\/api.w.org\/{rel}","templated":true}]}}