{"id":408,"date":"2025-08-22T14:53:58","date_gmt":"2025-08-22T05:53:58","guid":{"rendered":"https:\/\/trip-japan-ylp.com\/?page_id=408"},"modified":"2026-02-09T14:23:26","modified_gmt":"2026-02-09T05:23:26","slug":"privacy-policy-6","status":"publish","type":"page","link":"https:\/\/trip-japan-ylp.com\/?page_id=408","title":{"rendered":"Hi\u1ec3n th\u1ecb d\u1ef1a tr\u00ean Lu\u1eadt Giao d\u1ecbch Th\u01b0\u01a1ng m\u1ea1i C\u1ee5 th\u1ec3"},"content":{"rendered":"\n<h2 class=\"wp-block-heading has-text-align-center\"><strong>Hi\u1ec3n th\u1ecb d\u1ef1a tr\u00ean Lu\u1eadt Giao d\u1ecbch Th\u01b0\u01a1ng m\u1ea1i C\u1ee5 th\u1ec3<\/strong><\/h2>\n\n\n\n<figure class=\"wp-block-table vkp-table-underline is-style-vk-table-border-top-bottom\"><table class=\"has-border-color\" style=\"border-color:#e5e5e5;border-width:1px\"><tbody><tr><td>C\u00f4ng ty<\/td><td class=\"has-text-align-left\" data-align=\"left\">Young Life Proposal Co., Ltd.<\/td><\/tr><tr><td><strong>Gi\u00e1m \u0111\u1ed1c \u0111i\u1ec1u h\u00e0nh<\/strong><\/td><td class=\"has-text-align-left\" data-align=\"left\">Yoichi Furugen<\/td><\/tr><tr><td><strong>M\u00e3 b\u01b0u \u0111i\u1ec7n<\/strong><\/td><td class=\"has-text-align-left\" data-align=\"left\">460-0011<\/td><\/tr><tr><td><strong>\u0110\u1ecba ch\u1ec9<\/strong><\/td><td class=\"has-text-align-left\" data-align=\"left\">4F Seijo building, 4-1-18 Osu, Naka-ku, Nagoya<\/td><\/tr><tr><td><strong>Chi ph\u00ed kh\u00e1c<\/strong><\/td><td class=\"has-text-align-left\" data-align=\"left\">Y\u00eau c\u1ea7u c\u00e1c kho\u1ea3n thu\u1ebf ti\u00eau d\u00f9ng, ph\u00ed d\u1ecbch v\u1ee5, ph\u00ed chu\u1ea9n b\u1ecb, thu\u1ebf \u0111\u1ecba ph\u01b0\u01a1ng, ph\u00ed s\u1eed d\u1ee5ng s\u00e2n bay, ph\u1ee5 ph\u00ed nhi\u00ean li\u1ec7u \u0111\u1eb7c bi\u1ec7t...Tuy nhi\u00ean, chi ti\u1ebft s\u1ebd \u0111\u01b0\u1ee3c li\u1ec7t k\u00ea ri\u00eang ho\u1eb7c li\u00ean h\u1ec7 tr\u01b0\u1edbc.<\/td><\/tr><tr><td><strong>Th\u1eddi gian giao h\u00e0ng<\/strong><\/td><td class=\"has-text-align-left\" data-align=\"left\">Tr\u01b0\u1edbc ng\u00e0y xu\u1ea5t ph\u00e1t<\/td><\/tr><tr><td><strong>H\u1ea1n thanh to\u00e1n<\/strong><\/td><td class=\"has-text-align-left\" data-align=\"left\">Theo n\u1ed9i dung \u0111\u01b0\u1ee3c ghi trong t\u00e0i li\u1ec7u \u0111i\u1ec1u ki\u1ec7n du l\u1ecbch<\/td><\/tr><tr><td><strong>T\u00ean d\u1ecbch v\u1ee5<\/strong><\/td><td class=\"has-text-align-left\" data-align=\"left\">YLP<\/td><\/tr><tr><td><strong>S\u1ed1 \u0111i\u1ec7n tho\u1ea1i<\/strong><\/td><td class=\"has-text-align-left\" data-align=\"left\">052-265-8131<\/td><\/tr><tr><td><strong>\u0110\u1ecba ch\u1ec9 mail<\/strong><\/td><td class=\"has-text-align-left\" data-align=\"left\">overseas@trip-japan-ylp.com<\/td><\/tr><tr><td><strong>Ch\u00ednh s\u00e1ch ho\u00e0n tr\u1ea3<\/strong><\/td><td class=\"has-text-align-left\" data-align=\"left\">Theo n\u1ed9i dung \u0111\u01b0\u1ee3c ghi trong t\u00e0i li\u1ec7u \u0111i\u1ec1u ki\u1ec7n du l\u1ecbch<\/td><\/tr><tr><td><\/td><td class=\"has-text-align-left\" data-align=\"left\">Thanh to\u00e1n th\u1ebb t\u00edn d\u1ee5ngVISA<br><br><img loading=\"lazy\" decoding=\"async\" width=\"50\" height=\"15\" class=\"wp-image-413\" style=\"width: 50px;\" src=\"https:\/\/trip-japan-ylp.com\/wp-content\/uploads\/2025\/08\/visa.png\" alt=\"\" srcset=\"https:\/\/trip-japan-ylp.com\/wp-content\/uploads\/2025\/08\/visa.png 2048w, https:\/\/trip-japan-ylp.com\/wp-content\/uploads\/2025\/08\/visa-300x92.png 300w, https:\/\/trip-japan-ylp.com\/wp-content\/uploads\/2025\/08\/visa-1024x314.png 1024w, https:\/\/trip-japan-ylp.com\/wp-content\/uploads\/2025\/08\/visa-768x236.png 768w, https:\/\/trip-japan-ylp.com\/wp-content\/uploads\/2025\/08\/visa-1536x471.png 1536w\" sizes=\"auto, (max-width: 50px) 100vw, 50px\" \/><img loading=\"lazy\" decoding=\"async\" width=\"50\" height=\"33\" class=\"wp-image-410\" style=\"width: 50px;\" src=\"https:\/\/trip-japan-ylp.com\/wp-content\/uploads\/2025\/08\/master-card-scaled-1.jpg\" alt=\"\" srcset=\"https:\/\/trip-japan-ylp.com\/wp-content\/uploads\/2025\/08\/master-card-scaled-1.jpg 2560w, https:\/\/trip-japan-ylp.com\/wp-content\/uploads\/2025\/08\/master-card-scaled-1-300x200.jpg 300w, https:\/\/trip-japan-ylp.com\/wp-content\/uploads\/2025\/08\/master-card-scaled-1-1024x683.jpg 1024w, https:\/\/trip-japan-ylp.com\/wp-content\/uploads\/2025\/08\/master-card-scaled-1-768x512.jpg 768w, https:\/\/trip-japan-ylp.com\/wp-content\/uploads\/2025\/08\/master-card-scaled-1-1536x1024.jpg 1536w, https:\/\/trip-japan-ylp.com\/wp-content\/uploads\/2025\/08\/master-card-scaled-1-2048x1366.jpg 2048w\" sizes=\"auto, (max-width: 50px) 100vw, 50px\" \/><img loading=\"lazy\" decoding=\"async\" width=\"50\" height=\"39\" class=\"wp-image-414\" style=\"width: 50px;\" src=\"https:\/\/trip-japan-ylp.com\/wp-content\/uploads\/2025\/08\/jcb.png\" alt=\"\" srcset=\"https:\/\/trip-japan-ylp.com\/wp-content\/uploads\/2025\/08\/jcb.png 2560w, https:\/\/trip-japan-ylp.com\/wp-content\/uploads\/2025\/08\/jcb-300x232.png 300w, https:\/\/trip-japan-ylp.com\/wp-content\/uploads\/2025\/08\/jcb-1024x792.png 1024w, https:\/\/trip-japan-ylp.com\/wp-content\/uploads\/2025\/08\/jcb-768x594.png 768w, https:\/\/trip-japan-ylp.com\/wp-content\/uploads\/2025\/08\/jcb-1536x1188.png 1536w, https:\/\/trip-japan-ylp.com\/wp-content\/uploads\/2025\/08\/jcb-2048x1584.png 2048w\" sizes=\"auto, (max-width: 50px) 100vw, 50px\" \/><img loading=\"lazy\" decoding=\"async\" width=\"50\" height=\"50\" class=\"wp-image-411\" style=\"width: 50px;\" src=\"https:\/\/trip-japan-ylp.com\/wp-content\/uploads\/2025\/08\/amex.png\" alt=\"\" srcset=\"https:\/\/trip-japan-ylp.com\/wp-content\/uploads\/2025\/08\/amex.png 2052w, https:\/\/trip-japan-ylp.com\/wp-content\/uploads\/2025\/08\/amex-300x300.png 300w, https:\/\/trip-japan-ylp.com\/wp-content\/uploads\/2025\/08\/amex-1024x1022.png 1024w, https:\/\/trip-japan-ylp.com\/wp-content\/uploads\/2025\/08\/amex-150x150.png 150w, https:\/\/trip-japan-ylp.com\/wp-content\/uploads\/2025\/08\/amex-768x767.png 768w, https:\/\/trip-japan-ylp.com\/wp-content\/uploads\/2025\/08\/amex-1536x1533.png 1536w, https:\/\/trip-japan-ylp.com\/wp-content\/uploads\/2025\/08\/amex-2048x2044.png 2048w\" sizes=\"auto, (max-width: 50px) 100vw, 50px\" \/><img loading=\"lazy\" decoding=\"async\" width=\"50\" height=\"50\" class=\"wp-image-412\" style=\"width: 50px;\" src=\"https:\/\/trip-japan-ylp.com\/wp-content\/uploads\/2025\/08\/diners.jpeg\" alt=\"\" srcset=\"https:\/\/trip-japan-ylp.com\/wp-content\/uploads\/2025\/08\/diners.jpeg 225w, https:\/\/trip-japan-ylp.com\/wp-content\/uploads\/2025\/08\/diners-150x150.jpeg 150w\" sizes=\"auto, (max-width: 50px) 100vw, 50px\" \/><\/td><\/tr><\/tbody><\/table><\/figure>\n\n\n\n<style>\r\n.vkp-table-underline :is(td,th) {\r\n  border: none;\r\n  padding: 1rem;\r\n}\r\n\r\n.vkp-table-underline tr td:nth-of-type(1)  {\r\n  padding-left: 0;\r\n  border-top-color: var(--vk-color-primary);\r\n  \/*X-T9\u5bfe\u5fdc\u7528*\/\r\n  border-right: none;\r\n  border-bottom: none;\r\n  border-left: none;\r\n}\r\n.vkp-table-underline tr:last-child td:nth-of-type(1)  {\r\n  border-bottom:1px solid var(--vk-color-primary);\r\n}\r\n<\/style>\n\n\n\n<p><\/p>\n","protected":false},"excerpt":{"rendered":"<p>Hi\u1ec3n th\u1ecb d\u1ef1a tr\u00ean Lu\u1eadt Giao d\u1ecbch Th\u01b0\u01a1ng m\u1ea1i C\u1ee5 th\u1ec3 C\u00f4ng ty Young Life Proposal Co., Ltd. Gi\u00e1m \u0111\u1ed1c \u0111i\u1ec1u h\u00e0nh Yo [&hellip;]<\/p>\n","protected":false},"author":1,"featured_media":0,"parent":0,"menu_order":0,"comment_status":"closed","ping_status":"closed","template":"","meta":{"_uag_custom_page_level_css":"","vkexunit_cta_each_option":"","footnotes":""},"class_list":["post-408","page","type-page","status-publish","hentry"],"uagb_featured_image_src":{"full":false,"thumbnail":false,"medium":false,"medium_large":false,"large":false,"1536x1536":false,"2048x2048":false,"post-thumbnail":false},"uagb_author_info":{"display_name":"admin","author_link":"https:\/\/trip-japan-ylp.com\/?author=1"},"uagb_comment_info":0,"uagb_excerpt":"Hi\u1ec3n th\u1ecb d\u1ef1a tr\u00ean Lu\u1eadt Giao d\u1ecbch Th\u01b0\u01a1ng m\u1ea1i C\u1ee5 th\u1ec3 C\u00f4ng&hellip;","_links":{"self":[{"href":"https:\/\/trip-japan-ylp.com\/index.php?rest_route=\/wp\/v2\/pages\/408","targetHints":{"allow":["GET"]}}],"collection":[{"href":"https:\/\/trip-japan-ylp.com\/index.php?rest_route=\/wp\/v2\/pages"}],"about":[{"href":"https:\/\/trip-japan-ylp.com\/index.php?rest_route=\/wp\/v2\/types\/page"}],"author":[{"embeddable":true,"href":"https:\/\/trip-japan-ylp.com\/index.php?rest_route=\/wp\/v2\/users\/1"}],"replies":[{"embeddable":true,"href":"https:\/\/trip-japan-ylp.com\/index.php?rest_route=%2Fwp%2Fv2%2Fcomments&post=408"}],"version-history":[{"count":7,"href":"https:\/\/trip-japan-ylp.com\/index.php?rest_route=\/wp\/v2\/pages\/408\/revisions"}],"predecessor-version":[{"id":2568,"href":"https:\/\/trip-japan-ylp.com\/index.php?rest_route=\/wp\/v2\/pages\/408\/revisions\/2568"}],"wp:attachment":[{"href":"https:\/\/trip-japan-ylp.com\/index.php?rest_route=%2Fwp%2Fv2%2Fmedia&parent=408"}],"curies":[{"name":"wp","href":"https:\/\/api.w.org\/{rel}","templated":true}]}}