{"id":652,"date":"2025-09-03T11:29:23","date_gmt":"2025-09-03T02:29:23","guid":{"rendered":"https:\/\/trip-japan-ylp.com\/?page_id=652"},"modified":"2025-11-06T11:29:38","modified_gmt":"2025-11-06T02:29:38","slug":"%e6%9d%b1%e6%b5%b7%e5%9c%b0%e6%96%b9_%e3%83%99%e3%83%88%e3%83%8a%e3%83%a0-2","status":"publish","type":"page","link":"https:\/\/trip-japan-ylp.com\/?page_id=652","title":{"rendered":"Tokai_VN"},"content":{"rendered":"\n<div class=\"wp-block-group alignfull is-layout-constrained wp-block-group-is-layout-constrained\">\n<div class=\"wp-block-cover alignfull\"><img loading=\"lazy\" decoding=\"async\" width=\"1920\" height=\"1080\" class=\"wp-block-cover__image-background wp-image-49 size-full\" alt=\"\" src=\"https:\/\/trip-japan-ylp.com\/wp-content\/uploads\/2025\/08\/inuyamajo.jpg\" style=\"object-position:52% 37%\" data-object-fit=\"cover\" data-object-position=\"52% 37%\" srcset=\"https:\/\/trip-japan-ylp.com\/wp-content\/uploads\/2025\/08\/inuyamajo.jpg 1920w, https:\/\/trip-japan-ylp.com\/wp-content\/uploads\/2025\/08\/inuyamajo-300x169.jpg 300w, https:\/\/trip-japan-ylp.com\/wp-content\/uploads\/2025\/08\/inuyamajo-1024x576.jpg 1024w, https:\/\/trip-japan-ylp.com\/wp-content\/uploads\/2025\/08\/inuyamajo-768x432.jpg 768w, https:\/\/trip-japan-ylp.com\/wp-content\/uploads\/2025\/08\/inuyamajo-1536x864.jpg 1536w, https:\/\/trip-japan-ylp.com\/wp-content\/uploads\/2025\/08\/inuyamajo-320x180.jpg 320w\" sizes=\"auto, (max-width: 1920px) 100vw, 1920px\" \/><span aria-hidden=\"true\" class=\"wp-block-cover__background has-background-dim-30 has-background-dim\" style=\"background-color:#279743\"><\/span><div class=\"wp-block-cover__inner-container is-layout-constrained wp-block-cover-is-layout-constrained\">\n<h1 class=\"wp-block-heading has-text-align-left is-style-vk-heading-plain vk_block-margin-0--margin-bottom\">V\u00f9ng Tokai<\/h1>\n\n\n\n<h2 class=\"wp-block-heading is-style-vk-heading-plain\">H\u00e0nh tr\u00ecnh Tokai \u2013 N\u01a1i h\u1ed9i t\u1ee5 l\u1ecbch s\u1eed, thi\u00ean nhi\u00ean v\u00e0 \u1ea9m th\u1ef1c<\/h2>\n\n\n\n<!-- \u2193\u3053\u3053\u304b\u3089\u5168\u4f53\u3092\u30b3\u30d4\u30fc\u3057\u3066\u30ab\u30b9\u30bf\u30e0HTML\u306b\u8cbc\u308a\u4ed8\u3051\u3066\u304f\u3060\u3055\u3044\u2193 -->\n\n<style>\n\/* \u52d5\u753b\u5168\u4f53\u3092\u56f2\u3080\u30b3\u30f3\u30c6\u30ca *\/\n.video-wrapper {\n  \/* PC\u3067\u8868\u793a\u3059\u308b\u969b\u306e\u52d5\u753b\u306e\u6700\u5927\u5e45\u3092\u6307\u5b9a\u3057\u307e\u3059\u3002\u3053\u306e\u6570\u5024\u3092\u5909\u66f4\u3059\u308b\u3068\u30b5\u30a4\u30ba\u304c\u5909\u308f\u308a\u307e\u3059\u3002 *\/\n  max-width: 1000px; \n  \n  \/* \u30b3\u30f3\u30c6\u30ca\u3092\u4e2d\u592e\u306b\u914d\u7f6e\u3057\u307e\u3059\uff08\u4e0a\u4e0b\u306b30px\u306e\u4f59\u767d\u3001\u5de6\u53f3\u306f\u81ea\u52d5\u3067\u4e2d\u592e\uff09 *\/\n  margin: 30px auto; \n  \n  width: 100%; \/* \u30b9\u30de\u30fc\u30c8\u30d5\u30a9\u30f3\u306a\u3069\u3067\u306f\u753b\u9762\u5e45\u3044\u3063\u3071\u3044\u306b\u8868\u793a *\/\n}\n\n\/* \u52d5\u753b\u306e\u30a2\u30b9\u30da\u30af\u30c8\u6bd4\uff0816:9\uff09\u3092\u4fdd\u3064\u305f\u3081\u306e\u8a2d\u5b9a *\/\n.video-responsive {\n  position: relative;\n  height: 0;\n  padding-top: 56.25%; \/* 9 \/ 16 * 100 = 56.25% *\/\n  overflow: hidden;\n}\n\n\/* iframe\u81ea\u4f53\u3092\u30b3\u30f3\u30c6\u30ca\u3044\u3063\u3071\u3044\u306b\u5e83\u3052\u308b *\/\n.video-responsive iframe {\n  position: absolute;\n  top: 0;\n  left: 0;\n  width: 100%;\n  height: 100%;\n  border: 0;\n}\n<\/style>\n\n<div class=\"video-wrapper\">\n  <div class=\"video-responsive\">\n    <iframe src=\"https:\/\/www.youtube.com\/embed\/NygxxFKWTtU?si=CfZQ3rzAlMWxABE1&amp;start=2&autoplay=1&loop=1&mute=1&playlist=NygxxFKWTtU&enablejsapi=1\" title=\"YouTube video player\" allow=\"accelerometer; autoplay; clipboard-write; encrypted-media; gyroscope; picture-in-picture; web-share\" referrerpolicy=\"strict-origin-when-cross-origin\" allowfullscreen><\/iframe>\n  <\/div>\n<\/div>\n\n<!-- \u2191\u3053\u3053\u307e\u3067\u3092\u8cbc\u308a\u4ed8\u3051\u307e\u3059\u2191 -->\n<\/div><\/div>\n<\/div>\n\n\n\n<div style=\"height:34px\" aria-hidden=\"true\" class=\"wp-block-spacer\"><\/div>\n\n\n\n<div class=\"wp-block-group is-layout-constrained wp-container-core-group-is-layout-97829e9f wp-block-group-is-layout-constrained\" style=\"border-left-color:var(--wp--preset--color--vk-color-primary-dark);border-left-width:6px;padding-right:var(--wp--preset--spacing--40);padding-left:var(--wp--preset--spacing--40)\">\n<h2 class=\"wp-block-heading is-style-vk-heading-plain has-huge-font-size\"><strong>Danh s\u00e1ch \u0111i\u1ec3m tham quan<\/strong><\/h2>\n<\/div>\n\n\n\n<div style=\"height:45px\" aria-hidden=\"true\" class=\"wp-block-spacer\"><\/div>\n\n\n\n<div class=\"wp-block-group is-style-default has-border-color has-background is-layout-constrained wp-container-core-group-is-layout-52009084 wp-block-group-is-layout-constrained\" style=\"border-color:#ffffff00;border-width:1px;border-radius:16px;background-color:#edf7f1;padding-top:var(--wp--preset--spacing--40);padding-right:var(--wp--preset--spacing--40);padding-bottom:var(--wp--preset--spacing--40);padding-left:var(--wp--preset--spacing--40);box-shadow:var(--wp--preset--shadow--natural)\">\n<h2 class=\"wp-block-heading is-style-vk-heading-plain has-vk-color-primary-dark-color has-text-color has-link-color wp-elements-77dd1bbc19d0fe5a2ebffcd26b457a09\">T\u1ec9nh Aichi \u2013 Tr\u00e0n ng\u1eadp s\u1ee9c h\u1ea5p d\u1eabn v\u1edbi trung t\u00e2m l\u00e0 Nagoya!<\/h2>\n\n\n\n<p>T\u1ec9nh Aichi kh\u00f4ng ch\u1ec9 n\u1ed5i ti\u1ebfng v\u1edbi nhi\u1ec1u \u0111i\u1ec3m \u0111\u1ebfn l\u1ecbch s\u1eed nh\u01b0 L\u00e2u \u0111\u00e0i Nagoya v\u00e0 \u0110\u1ec1n Atsuta, m\u00e0 c\u00f2n h\u1ea5p d\u1eabn v\u1edbi \u1ea9m th\u1ef1c Nagoya-meshi (miso katsu, c\u00e1nh g\u00e0 chi\u00ean, hitsumabushi). \u0110\u00e2y c\u0169ng l\u00e0 \u201cth\u00e0nh ph\u1ed1 c\u00f4ng nghi\u1ec7p\u201d, n\u01a1i ph\u00e1t tri\u1ec3n v\u0103n h\u00f3a \u00f4 t\u00f4 v\u00e0 ch\u1ebf t\u1ea1o, thu h\u00fat s\u1ef1 quan t\u00e2m \u0111\u1eb7c bi\u1ec7t. Aichi ch\u00ednh l\u00e0 trung t\u00e2m c\u1ee7a v\u00f9ng Tokai, n\u01a1i du kh\u00e1ch c\u00f3 th\u1ec3 v\u1eeba tham quan v\u1eeba mua s\u1eafm.<\/p>\n\n\n\n<div class=\"wp-block-columns is-layout-flex wp-container-core-columns-is-layout-28f84493 wp-block-columns-is-layout-flex\">\n<div class=\"wp-block-column is-layout-flow wp-block-column-is-layout-flow\">\n<div class=\"wp-block-group is-style-vk-group-solid-roundcorner has-border-color has-vk-color-primary-dark-border-color has-white-background-color has-background is-layout-constrained wp-container-core-group-is-layout-80fb368b wp-block-group-is-layout-constrained\" style=\"border-width:1px;border-radius:12px;padding-top:var(--wp--preset--spacing--30);padding-right:var(--wp--preset--spacing--30);padding-bottom:var(--wp--preset--spacing--30);padding-left:var(--wp--preset--spacing--30);box-shadow:var(--wp--preset--shadow--natural)\">\n<h3 class=\"wp-block-heading is-style-vk-heading-plain has-vk-color-primary-dark-color has-text-color has-link-color wp-elements-682bf5c788893a0befabf851364b06e1\">C\u00e1c \u0111i\u1ec3m tham quan ch\u00ednh<\/h3>\n\n\n\n<ul class=\"wp-block-list\">\n<li><strong>L\u00e2u \u0111\u00e0i Nagoya<\/strong> \u2014 Th\u00e0nh c\u1ed5 l\u1ecbch s\u1eed g\u1eafn li\u1ec1n v\u1edbi Tokugawa Ieyasu<\/li>\n\n\n\n<li><strong>\u0110\u1ec1n Atsuta<\/strong> \u2014 N\u01a1i th\u1edd thanh ki\u1ebfm Kusanagi, m\u1ed9t trong Tam Th\u1ea7n Kh\u00ed c\u1ee7a Nh\u1eadt B\u1ea3n<\/li>\n\n\n\n<li><strong>Legoland Japan<\/strong> \u2014 C\u00f4ng vi\u00ean gi\u1ea3i tr\u00ed n\u1ed5i ti\u1ebfng d\u00e0nh cho gia \u0111\u00ecnh<\/li>\n\n\n\n<li><strong>Th\u1ee7y cung Nagoya Port<\/strong> \u2014 N\u1ed5i ti\u1ebfng v\u1edbi show c\u00e1 heo v\u00e0 c\u00e1 voi s\u00e1t th\u1ee7<\/li>\n<\/ul>\n<\/div>\n<\/div>\n\n\n\n<div class=\"wp-block-column is-layout-flow wp-block-column-is-layout-flow\">\n<div class=\"wp-block-group is-layout-constrained wp-block-group-is-layout-constrained\">\n<div class=\"wp-block-group is-style-vk-group-solid-roundcorner has-border-color has-vk-color-primary-dark-border-color has-white-background-color has-background is-layout-constrained wp-container-core-group-is-layout-80fb368b wp-block-group-is-layout-constrained\" style=\"border-width:1px;border-radius:12px;padding-top:var(--wp--preset--spacing--30);padding-right:var(--wp--preset--spacing--30);padding-bottom:var(--wp--preset--spacing--30);padding-left:var(--wp--preset--spacing--30);box-shadow:var(--wp--preset--shadow--natural)\">\n<h3 class=\"wp-block-heading is-style-vk-heading-plain has-vk-color-primary-dark-color has-text-color has-link-color wp-elements-d841ffa487c7ab971b2b0c7a2b02694b\">Di chuy\u1ec3n t\u1eeb S\u00e2n bay Qu\u1ed1c t\u1ebf Chubu \u0111\u1ebfn trung t\u00e2m Aichi<\/h3>\n\n\n\n<ul class=\"wp-block-list\">\n<li>Xe \u00f4 t\u00f4 (thu\u00ea xe\u2026): kho\u1ea3ng 60 ph\u00fat \/ ph\u00ed cao t\u1ed1c: kho\u1ea3ng \u00a52,000<\/li>\n\n\n\n<li>Taxi: kho\u1ea3ng 60 ph\u00fat \/ \u00a515,000\u301c\u00a518,000<\/li>\n\n\n\n<li>T\u00e0u \u0111i\u1ec7n (Meitetsu \u03bcSky): kho\u1ea3ng 28 ph\u00fat \/ \u00a51,250<\/li>\n\n\n\n<li>Xe bu\u00fdt s\u00e2n bay: kho\u1ea3ng 60 ph\u00fat \/ \u00a51,400 (t\u1edbi Ga Nagoya)<\/li>\n<\/ul>\n<\/div>\n<\/div>\n<\/div>\n<\/div>\n\n\n\n<div class=\"wp-block-buttons is-content-justification-center is-layout-flex wp-container-core-buttons-is-layout-098cc607 wp-block-buttons-is-layout-flex\">\n<div class=\"wp-block-button vk_block-margin-sm--margin-top is-style-fill\"><a class=\"wp-block-button__link has-vk-color-primary-dark-background-color has-background has-large-font-size has-custom-font-size wp-element-button\" href=\"https:\/\/trip-japan-ylp.com\/?page_id=948&amp;lang=vi\" style=\"border-radius:16px;box-shadow:var(--wp--preset--shadow--natural)\">Xem chi ti\u1ebft v\u1ec1 t\u1ec9nh Aichi<\/a><\/div>\n<\/div>\n<\/div>\n\n\n\n<div style=\"height:100px\" aria-hidden=\"true\" class=\"wp-block-spacer\"><\/div>\n\n\n\n<div class=\"wp-block-group is-style-default has-border-color has-background is-layout-constrained wp-container-core-group-is-layout-52009084 wp-block-group-is-layout-constrained\" style=\"border-color:#ffffff00;border-width:1px;border-radius:16px;background-color:#edf7f1;padding-top:var(--wp--preset--spacing--40);padding-right:var(--wp--preset--spacing--40);padding-bottom:var(--wp--preset--spacing--40);padding-left:var(--wp--preset--spacing--40);box-shadow:var(--wp--preset--shadow--natural)\">\n<h2 class=\"wp-block-heading is-style-vk-heading-plain has-vk-color-primary-dark-color has-text-color has-link-color wp-elements-445ca3982307525df63882484c065475\">T\u1ec9nh Gifu \u2013 V\u00f9ng \u0111\u1ea5t xinh \u0111\u1eb9p giao h\u00f2a gi\u1eefa thi\u00ean nhi\u00ean v\u00e0 l\u1ecbch s\u1eed<\/h2>\n\n\n\n<p>T\u1ec9nh Gifu h\u1ea5p d\u1eabn v\u1edbi thi\u00ean nhi\u00ean h\u00f9ng v\u0129 c\u1ee7a d\u00e3y Alps Nh\u1eadt B\u1ea3n c\u00f9ng nh\u1eefng th\u1ecb tr\u1ea5n c\u1ed5 k\u00ednh nh\u01b0 Takayama v\u00e0 Shirakawa-go. \u0110\u00e2y l\u00e0 n\u01a1i du kh\u00e1ch c\u00f3 th\u1ec3 t\u1eadn h\u01b0\u1edfng du l\u1ecbch n\u00fai, su\u1ed1i n\u01b0\u1edbc n\u00f3ng, l\u00e0ng c\u1ed5 \u0111\u01b0\u1ee3c c\u00f4ng nh\u1eadn Di s\u1ea3n Th\u1ebf gi\u1edbi v\u00e0 khung c\u1ea3nh b\u1ed1n m\u00f9a c\u00f9ng v\u0103n h\u00f3a truy\u1ec1n th\u1ed1ng \u0111\u1eb7c s\u1eafc.<\/p>\n\n\n\n<div class=\"wp-block-columns is-layout-flex wp-container-core-columns-is-layout-28f84493 wp-block-columns-is-layout-flex\">\n<div class=\"wp-block-column is-layout-flow wp-block-column-is-layout-flow\">\n<div class=\"wp-block-group is-style-vk-group-solid-roundcorner has-border-color has-vk-color-primary-dark-border-color has-white-background-color has-background is-layout-constrained wp-container-core-group-is-layout-80fb368b wp-block-group-is-layout-constrained\" style=\"border-width:1px;border-radius:12px;padding-top:var(--wp--preset--spacing--30);padding-right:var(--wp--preset--spacing--30);padding-bottom:var(--wp--preset--spacing--30);padding-left:var(--wp--preset--spacing--30);box-shadow:var(--wp--preset--shadow--natural)\">\n<h3 class=\"wp-block-heading is-style-vk-heading-plain has-vk-color-primary-dark-color has-text-color has-link-color wp-elements-682bf5c788893a0befabf851364b06e1\">C\u00e1c \u0111i\u1ec3m tham quan ch\u00ednh<\/h3>\n\n\n\n<ul class=\"wp-block-list\">\n<li><strong>Shirakawa-go<\/strong> \u2014 Di s\u1ea3n Th\u1ebf gi\u1edbi n\u1ed5i ti\u1ebfng v\u1edbi nh\u1eefng ng\u00f4i nh\u00e0 m\u00e1i tranh Gassho-zukuri<\/li>\n\n\n\n<li><strong>Takayama<\/strong> \u2014 Th\u00e0nh ph\u1ed1 l\u1ecbch s\u1eed l\u01b0u gi\u1eef ki\u1ebfn tr\u00fac th\u1eddi Edo<\/li>\n\n\n\n<li><strong>Su\u1ed1i n\u01b0\u1edbc n\u00f3ng Gero<\/strong> \u2014 M\u1ed9t trong ba su\u1ed1i n\u01b0\u1edbc n\u00f3ng n\u1ed5i ti\u1ebfng nh\u1ea5t Nh\u1eadt B\u1ea3n, h\u1ea5p d\u1eabn v\u1edbi h\u00e0nh tr\u00ecnh t\u1eafm su\u1ed1i<\/li>\n\n\n\n<li><strong>Gujo Hachiman<\/strong> \u2014 Th\u1ecb tr\u1ea5n n\u1ed5i ti\u1ebfng v\u1edbi d\u00f2ng su\u1ed1i trong xanh v\u00e0 \u0111i\u1ec7u m\u00faa Gujo Odori m\u00f9a h\u00e8<\/li>\n<\/ul>\n<\/div>\n<\/div>\n\n\n\n<div class=\"wp-block-column is-layout-flow wp-block-column-is-layout-flow\">\n<div class=\"wp-block-group is-layout-constrained wp-block-group-is-layout-constrained\">\n<div class=\"wp-block-group is-style-vk-group-solid-roundcorner has-border-color has-vk-color-primary-dark-border-color has-white-background-color has-background is-layout-constrained wp-container-core-group-is-layout-80fb368b wp-block-group-is-layout-constrained\" style=\"border-width:1px;border-radius:12px;padding-top:var(--wp--preset--spacing--30);padding-right:var(--wp--preset--spacing--30);padding-bottom:var(--wp--preset--spacing--30);padding-left:var(--wp--preset--spacing--30);box-shadow:var(--wp--preset--shadow--natural)\">\n<h3 class=\"wp-block-heading is-style-vk-heading-plain has-vk-color-primary-dark-color has-text-color has-link-color wp-elements-4a9ce90467b948ae3780cb84fb1b2e76\">Di chuy\u1ec3n t\u1eeb S\u00e2n bay Qu\u1ed1c t\u1ebf Chubu \u0111\u1ebfn trung t\u00e2m Gifu<\/h3>\n\n\n\n<ul class=\"wp-block-list\">\n<li>Xe \u00f4 t\u00f4 (thu\u00ea xe\u2026): kho\u1ea3ng 90 ph\u00fat \/ ph\u00ed cao t\u1ed1c: kho\u1ea3ng \u00a52,400<\/li>\n\n\n\n<li>Taxi: kho\u1ea3ng 100 ph\u00fat \/ \u00a525,000\u301c\u00a530,000<\/li>\n\n\n\n<li>T\u00e0u \u0111i\u1ec7n (Meitetsu + JR): kho\u1ea3ng 70 ph\u00fat \/ \u00a51,800 (t\u1edbi Ga Gifu)<\/li>\n\n\n\n<li>Xe bu\u00fdt cao t\u1ed1c: kho\u1ea3ng 120 ph\u00fat \/ \u00a52,000 (t\u1edbi Ga Gifu)<\/li>\n<\/ul>\n<\/div>\n<\/div>\n<\/div>\n<\/div>\n\n\n\n<div class=\"wp-block-buttons is-content-justification-center is-layout-flex wp-container-core-buttons-is-layout-098cc607 wp-block-buttons-is-layout-flex\">\n<div class=\"wp-block-button vk_block-margin-sm--margin-top is-style-fill\"><a class=\"wp-block-button__link has-vk-color-primary-dark-background-color has-background has-large-font-size has-custom-font-size wp-element-button\" href=\"https:\/\/trip-japan-ylp.com\/?page_id=951&amp;lang=vi\" style=\"border-radius:16px;box-shadow:var(--wp--preset--shadow--natural)\">Xem chi ti\u1ebft v\u1ec1 t\u1ec9nh Gifu<\/a><\/div>\n<\/div>\n<\/div>\n\n\n\n<div style=\"height:100px\" aria-hidden=\"true\" class=\"wp-block-spacer\"><\/div>\n\n\n\n<p><\/p>\n\n\n\n<div class=\"wp-block-group is-style-default has-border-color has-background is-layout-constrained wp-container-core-group-is-layout-52009084 wp-block-group-is-layout-constrained\" style=\"border-color:#ffffff00;border-width:1px;border-radius:16px;background-color:#edf7f1;padding-top:var(--wp--preset--spacing--40);padding-right:var(--wp--preset--spacing--40);padding-bottom:var(--wp--preset--spacing--40);padding-left:var(--wp--preset--spacing--40);box-shadow:var(--wp--preset--shadow--natural)\">\n<h2 class=\"wp-block-heading is-style-vk-heading-plain has-vk-color-primary-dark-color has-text-color has-link-color wp-elements-9c932540e2874778d9b446619deabacc\">T\u1ec9nh Mie \u2013 T\u1eeb Ise-Shima \u0111\u1ebfn x\u1ee9 s\u1edf Ninja!<\/h2>\n\n\n\n<p>T\u1ec9nh Mie kh\u00f4ng ch\u1ec9 c\u00f3 nh\u1eefng \u0111\u1ecba danh l\u1ecbch s\u1eed n\u1ed5i ti\u1ebfng nh\u01b0 \u0110\u1ec1n Ise v\u00e0 \u0111\u01b0\u1eddng m\u00f2n h\u00e0nh h\u01b0\u01a1ng Kumano Kodo, m\u00e0 c\u00f2n phong ph\u00fa v\u1edbi c\u00e1c \u0111i\u1ec3m tham quan d\u00e0nh cho gia \u0111\u00ecnh nh\u01b0 Th\u1ee7y cung Toba hay c\u00f4ng vi\u00ean gi\u1ea3i tr\u00ed Nagashima Spa Land. \u1ea8m th\u1ef1c c\u0169ng l\u00e0 \u0111i\u1ec3m nh\u1ea5n l\u1edbn v\u1edbi th\u1ecbt b\u00f2 Matsusaka v\u00e0 t\u00f4m h\u00f9m Ise. \u0110\u00e2y l\u00e0 v\u00f9ng \u0111\u1ea5t n\u01a1i n\u00fai v\u00e0 bi\u1ec3n h\u00f2a quy\u1ec7n, mang \u0111\u1ebfn s\u1ef1 th\u01b0 gi\u00e3n tuy\u1ec7t v\u1eddi.<\/p>\n\n\n\n<div class=\"wp-block-columns is-layout-flex wp-container-core-columns-is-layout-28f84493 wp-block-columns-is-layout-flex\">\n<div class=\"wp-block-column is-layout-flow wp-block-column-is-layout-flow\">\n<div class=\"wp-block-group is-style-vk-group-solid-roundcorner has-border-color has-vk-color-primary-dark-border-color has-white-background-color has-background is-layout-constrained wp-container-core-group-is-layout-80fb368b wp-block-group-is-layout-constrained\" style=\"border-width:1px;border-radius:12px;padding-top:var(--wp--preset--spacing--30);padding-right:var(--wp--preset--spacing--30);padding-bottom:var(--wp--preset--spacing--30);padding-left:var(--wp--preset--spacing--30);box-shadow:var(--wp--preset--shadow--natural)\">\n<h3 class=\"wp-block-heading is-style-vk-heading-plain has-vk-color-primary-dark-color has-text-color has-link-color wp-elements-682bf5c788893a0befabf851364b06e1\">C\u00e1c \u0111i\u1ec3m tham quan ch\u00ednh<\/h3>\n\n\n\n<ul class=\"wp-block-list\">\n<li><strong>\u0110\u1ec1n Ise<\/strong> \u2014 \u0110\u01b0\u1ee3c coi l\u00e0 c\u1ed9i ngu\u1ed3n tinh th\u1ea7n c\u1ee7a ng\u01b0\u1eddi Nh\u1eadt<\/li>\n\n\n\n<li><strong>Ph\u1ed1 Okage Yokocho<\/strong> \u2014 Khu ph\u1ed1 t\u00e1i hi\u1ec7n phong c\u00e1ch Edo, l\u00fd t\u01b0\u1edfng cho vi\u1ec7c th\u01b0\u1edfng th\u1ee9c \u1ea9m th\u1ef1c \u0111\u01b0\u1eddng ph\u1ed1<\/li>\n\n\n\n<li><strong>Nagashima Spa Land<\/strong> \u2014 C\u00f4ng vi\u00ean gi\u1ea3i tr\u00ed n\u1ed5i ti\u1ebfng v\u1edbi nhi\u1ec1u tr\u00f2 ch\u01a1i c\u1ea3m gi\u00e1c m\u1ea1nh<\/li>\n\n\n\n<li><strong>Th\u1ee7y cung Toba<\/strong> \u2014 M\u1ed9t trong nh\u1eefng th\u1ee7y cung h\u00e0ng \u0111\u1ea7u Nh\u1eadt B\u1ea3n, n\u01a1i du kh\u00e1ch c\u00f3 th\u1ec3 g\u1eb7p lo\u00e0i c\u00e1 c\u00fai Dugong<\/li>\n<\/ul>\n<\/div>\n<\/div>\n\n\n\n<div class=\"wp-block-column is-layout-flow wp-block-column-is-layout-flow\">\n<div class=\"wp-block-group is-layout-constrained wp-block-group-is-layout-constrained\">\n<div class=\"wp-block-group is-style-vk-group-solid-roundcorner has-border-color has-vk-color-primary-dark-border-color has-white-background-color has-background is-layout-constrained wp-container-core-group-is-layout-80fb368b wp-block-group-is-layout-constrained\" style=\"border-width:1px;border-radius:12px;padding-top:var(--wp--preset--spacing--30);padding-right:var(--wp--preset--spacing--30);padding-bottom:var(--wp--preset--spacing--30);padding-left:var(--wp--preset--spacing--30);box-shadow:var(--wp--preset--shadow--natural)\">\n<h3 class=\"wp-block-heading is-style-vk-heading-plain has-vk-color-primary-dark-color has-text-color has-link-color wp-elements-8581db092cfcc10d6183cdc4f6f5b034\">Di chuy\u1ec3n t\u1eeb S\u00e2n bay Qu\u1ed1c t\u1ebf Chubu \u0111\u1ebfn trung t\u00e2m Mie<\/h3>\n\n\n\n<ul class=\"wp-block-list\">\n<li>Xe \u00f4 t\u00f4 (thu\u00ea xe): kho\u1ea3ng 120 ph\u00fat \/ ph\u00ed cao t\u1ed1c: kho\u1ea3ng \u00a53,500<\/li>\n\n\n\n<li>T\u00e0u \u0111i\u1ec7n (Kintetsu Tokkyu): kho\u1ea3ng 100 ph\u00fat \/ kho\u1ea3ng \u00a53,000<\/li>\n\n\n\n<li>Xe bu\u00fdt cao t\u1ed1c: kho\u1ea3ng 120 ph\u00fat \/ \u00a52,000\u301c\u00a52,500<\/li>\n\n\n\n<li>Ph\u00e0: t\u1eeb Centrair \u0111\u1ebfn Tsu kho\u1ea3ng 45 ph\u00fat<\/li>\n<\/ul>\n<\/div>\n<\/div>\n<\/div>\n<\/div>\n\n\n\n<div class=\"wp-block-buttons is-content-justification-center is-layout-flex wp-container-core-buttons-is-layout-098cc607 wp-block-buttons-is-layout-flex\">\n<div class=\"wp-block-button vk_block-margin-sm--margin-top is-style-fill\"><a class=\"wp-block-button__link has-vk-color-primary-dark-background-color has-background has-large-font-size has-custom-font-size wp-element-button\" href=\"https:\/\/trip-japan-ylp.com\/?page_id=953&amp;lang=vi\" style=\"border-radius:16px;box-shadow:var(--wp--preset--shadow--natural)\">Xem chi ti\u1ebft v\u1ec1 t\u1ec9nh Mie<\/a><\/div>\n<\/div>\n<\/div>\n\n\n\n<p><\/p>\n","protected":false},"excerpt":{"rendered":"<p>Danh s\u00e1ch \u0111i\u1ec3m tham quan T\u1ec9nh Aichi \u2013 Tr\u00e0n ng\u1eadp s\u1ee9c h\u1ea5p d\u1eabn v\u1edbi trung t\u00e2m l\u00e0 Nagoya! T\u1ec9nh Aichi kh\u00f4ng ch\u1ec9 n\u1ed5i  [&hellip;]<\/p>\n","protected":false},"author":1,"featured_media":0,"parent":0,"menu_order":0,"comment_status":"closed","ping_status":"closed","template":"","meta":{"_uag_custom_page_level_css":"","vkexunit_cta_each_option":"","footnotes":""},"class_list":["post-652","page","type-page","status-publish","hentry"],"uagb_featured_image_src":{"full":false,"thumbnail":false,"medium":false,"medium_large":false,"large":false,"1536x1536":false,"2048x2048":false,"post-thumbnail":false},"uagb_author_info":{"display_name":"admin","author_link":"https:\/\/trip-japan-ylp.com\/?author=1"},"uagb_comment_info":0,"uagb_excerpt":"Danh s\u00e1ch \u0111i\u1ec3m tham quan T\u1ec9nh Aichi \u2013 Tr\u00e0n ng\u1eadp s\u1ee9c h\u1ea5p&hellip;","_links":{"self":[{"href":"https:\/\/trip-japan-ylp.com\/index.php?rest_route=\/wp\/v2\/pages\/652","targetHints":{"allow":["GET"]}}],"collection":[{"href":"https:\/\/trip-japan-ylp.com\/index.php?rest_route=\/wp\/v2\/pages"}],"about":[{"href":"https:\/\/trip-japan-ylp.com\/index.php?rest_route=\/wp\/v2\/types\/page"}],"author":[{"embeddable":true,"href":"https:\/\/trip-japan-ylp.com\/index.php?rest_route=\/wp\/v2\/users\/1"}],"replies":[{"embeddable":true,"href":"https:\/\/trip-japan-ylp.com\/index.php?rest_route=%2Fwp%2Fv2%2Fcomments&post=652"}],"version-history":[{"count":9,"href":"https:\/\/trip-japan-ylp.com\/index.php?rest_route=\/wp\/v2\/pages\/652\/revisions"}],"predecessor-version":[{"id":1641,"href":"https:\/\/trip-japan-ylp.com\/index.php?rest_route=\/wp\/v2\/pages\/652\/revisions\/1641"}],"wp:attachment":[{"href":"https:\/\/trip-japan-ylp.com\/index.php?rest_route=%2Fwp%2Fv2%2Fmedia&parent=652"}],"curies":[{"name":"wp","href":"https:\/\/api.w.org\/{rel}","templated":true}]}}