{"id":948,"date":"2025-09-12T11:04:20","date_gmt":"2025-09-12T02:04:20","guid":{"rendered":"https:\/\/trip-japan-ylp.com\/?page_id=948"},"modified":"2025-11-06T16:48:47","modified_gmt":"2025-11-06T07:48:47","slug":"%e6%84%9b%e7%9f%a5%e7%9c%8c_%e3%83%99%e3%83%88%e3%83%8a%e3%83%a0","status":"publish","type":"page","link":"https:\/\/trip-japan-ylp.com\/?page_id=948","title":{"rendered":"Aichi_VN"},"content":{"rendered":"\n<div class=\"wp-block-cover alignfull hero-cover has-white-color has-text-color has-link-color wp-elements-885583920404b80cfa447acf1862b6d7 wp-duotone-unset-1\"><img loading=\"lazy\" decoding=\"async\" width=\"1920\" height=\"1080\" class=\"wp-block-cover__image-background wp-image-27 size-full\" alt=\"\" src=\"https:\/\/trip-japan-ylp.com\/wp-content\/uploads\/2025\/08\/nagoyacatle.jpg\" data-object-fit=\"cover\" srcset=\"https:\/\/trip-japan-ylp.com\/wp-content\/uploads\/2025\/08\/nagoyacatle.jpg 1920w, https:\/\/trip-japan-ylp.com\/wp-content\/uploads\/2025\/08\/nagoyacatle-300x169.jpg 300w, https:\/\/trip-japan-ylp.com\/wp-content\/uploads\/2025\/08\/nagoyacatle-1024x576.jpg 1024w, https:\/\/trip-japan-ylp.com\/wp-content\/uploads\/2025\/08\/nagoyacatle-768x432.jpg 768w, https:\/\/trip-japan-ylp.com\/wp-content\/uploads\/2025\/08\/nagoyacatle-1536x864.jpg 1536w, https:\/\/trip-japan-ylp.com\/wp-content\/uploads\/2025\/08\/nagoyacatle-320x180.jpg 320w\" sizes=\"auto, (max-width: 1920px) 100vw, 1920px\" \/><span aria-hidden=\"true\" class=\"wp-block-cover__background has-vk-color-primary-dark-background-color has-background-dim-70 has-background-dim\"><\/span><div class=\"wp-block-cover__inner-container is-layout-constrained wp-block-cover-is-layout-constrained\">\n<h1 class=\"wp-block-heading alignwide has-text-align-center is-style-vk-heading-plain vk_block-margin-0--margin-bottom\" style=\"font-size:4.6rem\">Aichi<\/h1>\n\n\n\n<!-- \u97f3\u306a\u3057\u30fb\u81ea\u52d5\u518d\u751f\u30fb\u30eb\u30fc\u30d7\u518d\u751f\u30fb\u30a4\u30f3\u30e9\u30a4\u30f3\u518d\u751f -->\n<div style=\"max-width: 800px; margin: 0 auto;\">\n  <video\n    title=\"Aichi_Vietnam\"   \n    width=\"100%\" \n    height=\"auto\" \n    autoplay \n    loop \n    muted \n    playsinline \n    src=\"https:\/\/trip-japan-ylp.com\/wp-content\/uploads\/2025\/10\/Japan-Trip_aichi_720.mp4\">\n    \u304a\u4f7f\u3044\u306e\u30d6\u30e9\u30a6\u30b6\u306f\u52d5\u753b\u306e\u518d\u751f\u306b\u5bfe\u5fdc\u3057\u3066\u3044\u307e\u305b\u3093\u3002\n  <\/video>\n<\/div>\n\n\n\n<p class=\"has-text-align-center has-large-font-size\">C\u00e1nh c\u1eeda d\u1eabn v\u00e0o l\u1ecbch s\u1eed: \u201cL\u00e2u \u0111\u00e0i Nagoya\u201d, l\u1ed1i v\u00e0o th\u1ebf gi\u1edbi c\u1ee7a nh\u1eefng c\u00e2u chuy\u1ec7n: \u201cC\u00f4ng vi\u00ean Ghibli\u201d<\/p>\n\n\n\n<p class=\"has-text-align-center has-large-font-size\">L\u1ecbch s\u1eed! \u1ea8m th\u1ef1c! Gi\u1ea3i tr\u00ed! Aichi \u2013 n\u01a1i c\u00f3 m\u1ecdi th\u1ee9 b\u1ea1n y\u00eau th\u00edch.<\/p>\n<\/div><\/div>\n\n\n\n<div class=\"wp-block-vk-blocks-spacer vk_spacer vk_spacer-type-margin-top vk_block-margin-xxs--margin-top vk_block-margin-xs--margin-bottom\"><div class=\"vk_block-margin-md--margin-top\"><\/div><\/div>\n\n\n\n<div class=\"wp-block-group section-title is-layout-constrained wp-block-group-is-layout-constrained\">\n<h2 class=\"wp-block-heading is-style-vk-heading-plain\">Danh s\u00e1ch \u0111i\u1ec3m du l\u1ecbch<\/h2>\n<\/div>\n\n\n\n<hr class=\"wp-block-separator has-alpha-channel-opacity\"\/>\n\n\n\n<div class=\"wp-block-group is-layout-constrained wp-block-group-is-layout-constrained\">\n<div class=\"wp-block-query is-layout-flow wp-block-query-is-layout-flow\">\n<div class=\"wp-block-group spot-card is-horizontal is-content-justification-right is-layout-flex wp-container-core-group-is-layout-02db0ab0 wp-block-group-is-layout-flex\" id=\"spots\">\n<div class=\"wp-block-group is-layout-constrained wp-block-group-is-layout-constrained\"><\/div>\n<\/div>\n\n\n<div class=\"wp-block-query-no-results\">\n\n<p>Hi\u1ec7n ch\u01b0a c\u00f3 b\u00e0i \u0111\u0103ng<\/p>\n\n<\/div>\n\n\n<div class=\"wp-block-vk-blocks-spacer vk_spacer vk_spacer-type-margin-top\"><div class=\"vk_block-margin-md--margin-top\"><\/div><\/div>\n\n\n<\/div>\n<\/div>\n\n\n\n<p><\/p>\n\n\n\n<div class=\"wp-block-buttons is-content-justification-center is-layout-flex wp-container-core-buttons-is-layout-a89b3969 wp-block-buttons-is-layout-flex\" style=\"border-style:none;border-width:0px;border-radius:0px\">\n<div class=\"wp-block-button is-style-fill\"><a class=\"wp-block-button__link wp-element-button\" href=\"https:\/\/trip-japan-ylp.com\/?page_id=652&amp;lang=vi\" style=\"border-radius:100px\">Danh s\u00e1ch \u0111i\u1ec3m du l\u1ecbch<\/a><\/div>\n\n\n\n<div class=\"wp-block-button is-style-fill\"><a class=\"wp-block-button__link wp-element-button\" href=\"https:\/\/trip-japan-ylp.com\/?page_id=212&amp;lang=vi\" style=\"border-radius:100px\">Li\u00ean h\u1ec7<\/a><\/div>\n<\/div>\n\n\n\n<p><\/p>\n","protected":false},"excerpt":{"rendered":"<p>Danh s\u00e1ch \u0111i\u1ec3m du l\u1ecbch<\/p>\n","protected":false},"author":1,"featured_media":0,"parent":0,"menu_order":0,"comment_status":"closed","ping_status":"closed","template":"","meta":{"_uag_custom_page_level_css":"","vkexunit_cta_each_option":"","footnotes":""},"class_list":["post-948","page","type-page","status-publish","hentry"],"uagb_featured_image_src":{"full":false,"thumbnail":false,"medium":false,"medium_large":false,"large":false,"1536x1536":false,"2048x2048":false,"post-thumbnail":false},"uagb_author_info":{"display_name":"admin","author_link":"https:\/\/trip-japan-ylp.com\/?author=1"},"uagb_comment_info":0,"uagb_excerpt":"Danh s\u00e1ch \u0111i\u1ec3m du l\u1ecbch","_links":{"self":[{"href":"https:\/\/trip-japan-ylp.com\/index.php?rest_route=\/wp\/v2\/pages\/948","targetHints":{"allow":["GET"]}}],"collection":[{"href":"https:\/\/trip-japan-ylp.com\/index.php?rest_route=\/wp\/v2\/pages"}],"about":[{"href":"https:\/\/trip-japan-ylp.com\/index.php?rest_route=\/wp\/v2\/types\/page"}],"author":[{"embeddable":true,"href":"https:\/\/trip-japan-ylp.com\/index.php?rest_route=\/wp\/v2\/users\/1"}],"replies":[{"embeddable":true,"href":"https:\/\/trip-japan-ylp.com\/index.php?rest_route=%2Fwp%2Fv2%2Fcomments&post=948"}],"version-history":[{"count":9,"href":"https:\/\/trip-japan-ylp.com\/index.php?rest_route=\/wp\/v2\/pages\/948\/revisions"}],"predecessor-version":[{"id":1649,"href":"https:\/\/trip-japan-ylp.com\/index.php?rest_route=\/wp\/v2\/pages\/948\/revisions\/1649"}],"wp:attachment":[{"href":"https:\/\/trip-japan-ylp.com\/index.php?rest_route=%2Fwp%2Fv2%2Fmedia&parent=948"}],"curies":[{"name":"wp","href":"https:\/\/api.w.org\/{rel}","templated":true}]}}